{"id":3884,"date":"2022-11-02T21:19:53","date_gmt":"2022-11-03T03:19:53","guid":{"rendered":"https:\/\/vitaminaselsalvador.net\/?post_type=product&#038;p=3884"},"modified":"2025-10-18T14:55:07","modified_gmt":"2025-10-18T20:55:07","slug":"neurobion-25000-original-unidad","status":"publish","type":"product","link":"https:\/\/vitaminaselsalvador.net\/index.php\/product\/neurobion-25000-original-unidad\/","title":{"rendered":"NEUROBION 25000 ORIGINAL UNIDAD"},"content":{"rendered":"<address style=\"text-align: center;\"><strong><span style=\"color: #000000;\">Merck \u00a0ejecut\u00f3 un innovador desarrollo tecnol\u00f3gico en NEUROBION\u00ae para ofrecer al paciente mayor comodidad y eficacia.<\/span><\/strong><strong><span style=\"color: #000000;\"> Por lo tanto, desarroll\u00f3 un nuevo dispositivo de aplicaci\u00f3n, llamado Doble C\u00e1mara (DC), que consiste en dos c\u00e1maras que permiten que los componentes se mezclen en una sola jeringa para ser administrados con mayor seguridad al paciente. <\/span><\/strong><strong><span style=\"color: #000000;\">Esta tecnolog\u00eda es la primera y \u00fanica en este tipo de medicamentos. <\/span><\/strong><strong><span style=\"color: #000000;\">As\u00ed surge NEUROBION\u00ae DC (Doble C\u00e1mara).<\/span><\/strong><\/address>\n","protected":false},"excerpt":{"rendered":"<p style=\"text-align: center;\"><img loading=\"lazy\" decoding=\"async\" class=\"aligncenter size-full wp-image-911\" src=\"http:\/\/vitaminas.comprarenelsalvador.com\/wp-content\/uploads\/2014\/02\/8.jpg\" alt=\"Neurobion 25000 Original de Merck\" width=\"250\" height=\"278\" \/><strong><span style=\"color: #000000;\">Indicaciones <\/span><\/strong><\/p>\n<p style=\"text-align: center;\"><strong><span style=\"color: #000000;\">La combinaci\u00f3n de las vitaminas B12, B6 y B1 posee un efecto analg\u00e9sico y neuro regenerador sin\u00e9rgico. <\/span><\/strong><\/p>\n<address style=\"text-align: center;\"><strong><span style=\"color: #000000;\"><span style=\"color: #ff0000;\">La vitamina B12<\/span> es indispensable para el metabolismo de los fosfol\u00edpidos, \u00a0adem\u00e1s es esencial para el crecimiento y nutrici\u00f3n de los tejidos; por esta raz\u00f3n NEUROBI\u00d3N posee las m\u00e1s altas concentraciones de cianocobalamina. <\/span><\/strong><\/address>\n<address style=\"text-align: center;\"><strong><span style=\"color: #000000;\">Est\u00e1 indicado en polineuritis de origen at\u00f3xico o t\u00f3xico; <\/span><\/strong><\/address>\n<address style=\"text-align: center;\"><strong><span style=\"color: #000000;\">neuralgias del trig\u00e9mino, intercostales y del ci\u00e1tico; <\/span><\/strong><\/address>\n<address style=\"text-align: center;\"><strong><span style=\"color: #000000;\">s\u00edndrome cervical; <\/span><\/strong><\/address>\n<address style=\"text-align: center;\"><strong><span style=\"color: #000000;\">s\u00edndrome doloroso hombro-mano; <\/span><\/strong><\/address>\n<address style=\"text-align: center;\"><strong><span style=\"color: #000000;\">estados consecutivos a operaciones de discos intervertebrales; <\/span><\/strong><\/address>\n<address style=\"text-align: center;\"><strong><span style=\"color: #000000;\">afecciones degenerativas del raquis; <\/span><\/strong><\/address>\n<address style=\"text-align: center;\"><strong><span style=\"color: #000000;\">neuritis de amputaci\u00f3n, dolores fantasmas o ilusorios; <\/span><\/strong><\/address>\n<address style=\"text-align: center;\"><strong><span style=\"color: #000000;\">herpes zoster; <\/span><\/strong><\/address>\n<address style=\"text-align: center;\"><strong><span style=\"color: #000000;\">jaqueca; <\/span><\/strong><\/address>\n<address style=\"text-align: center;\"><strong><span style=\"color: #000000;\">paresia perif\u00e9rica del nervio facial. <\/span><\/strong><\/address>\n<address style=\"text-align: center;\"><strong><span style=\"color: #000000;\">Est\u00e1 indicado para el tratamiento de anemias, y como coadyuvante roborante en manifestaciones de fatiga f\u00edsica y mental y\u00a0<\/span><\/strong><strong><span style=\"color: #000000;\">en estados carenciales de estas vitaminas<\/span><\/strong><\/address>\n<address style=\"text-align: center;\"><strong><span style=\"color: #000000;\"> (fases de convalecencia, crecimiento y desarrollo, embarazo, lactancia).<\/span><\/strong><\/address>\n<address style=\"text-align: center;\">\u00a0<\/address>\n","protected":false},"featured_media":3280,"comment_status":"closed","ping_status":"closed","template":"","meta":{"_kad_post_transparent":"","_kad_post_title":"","_kad_post_layout":"","_kad_post_sidebar_id":"","_kad_post_content_style":"","_kad_post_vertical_padding":"","_kad_post_feature":"","_kad_post_feature_position":"","_kad_post_header":false,"_kad_post_footer":false},"product_brand":[],"product_cat":[516,95,108,97],"product_tag":[126,162,526,527,528,529,530,531],"class_list":{"0":"post-3884","1":"product","2":"type-product","3":"status-publish","4":"has-post-thumbnail","6":"product_cat-inyectables","7":"product_cat-multivitaminas","8":"product_cat-salud-y-belleza","9":"product_cat-vitaminas-neurotropas","10":"product_tag-como-disminuir-el-estres","11":"product_tag-dolor-de-cabeza-nervioso","12":"product_tag-neurobion-25000","13":"product_tag-neurobion-inyectable","14":"product_tag-neurobion-inyectable-amazon","15":"product_tag-neurobion-inyectable-ebay","16":"product_tag-neurobion-inyectable-original-de-el-salvador","17":"product_tag-neurobion-original","19":"first","20":"instock","21":"purchasable","22":"product-type-simple","23":"entry","24":"content-bg","25":"loop-entry"},"_links":{"self":[{"href":"https:\/\/vitaminaselsalvador.net\/index.php\/wp-json\/wp\/v2\/product\/3884","targetHints":{"allow":["GET"]}}],"collection":[{"href":"https:\/\/vitaminaselsalvador.net\/index.php\/wp-json\/wp\/v2\/product"}],"about":[{"href":"https:\/\/vitaminaselsalvador.net\/index.php\/wp-json\/wp\/v2\/types\/product"}],"replies":[{"embeddable":true,"href":"https:\/\/vitaminaselsalvador.net\/index.php\/wp-json\/wp\/v2\/comments?post=3884"}],"wp:featuredmedia":[{"embeddable":true,"href":"https:\/\/vitaminaselsalvador.net\/index.php\/wp-json\/wp\/v2\/media\/3280"}],"wp:attachment":[{"href":"https:\/\/vitaminaselsalvador.net\/index.php\/wp-json\/wp\/v2\/media?parent=3884"}],"wp:term":[{"taxonomy":"product_brand","embeddable":true,"href":"https:\/\/vitaminaselsalvador.net\/index.php\/wp-json\/wp\/v2\/product_brand?post=3884"},{"taxonomy":"product_cat","embeddable":true,"href":"https:\/\/vitaminaselsalvador.net\/index.php\/wp-json\/wp\/v2\/product_cat?post=3884"},{"taxonomy":"product_tag","embeddable":true,"href":"https:\/\/vitaminaselsalvador.net\/index.php\/wp-json\/wp\/v2\/product_tag?post=3884"}],"curies":[{"name":"wp","href":"https:\/\/api.w.org\/{rel}","templated":true}]}}