{"id":3883,"date":"2022-11-02T21:19:53","date_gmt":"2022-11-03T03:19:53","guid":{"rendered":"https:\/\/vitaminaselsalvador.net\/?post_type=product&#038;p=3883"},"modified":"2025-07-08T10:59:42","modified_gmt":"2025-07-08T16:59:42","slug":"amoxicilina-suspension-saimed-para-ninos","status":"publish","type":"product","link":"https:\/\/vitaminaselsalvador.net\/index.php\/product\/amoxicilina-suspension-saimed-para-ninos\/","title":{"rendered":"Amoxicilina Suspension Saimed para ni\u00f1os"},"content":{"rendered":"<p><span style=\"color: #000000;\">Con su f\u00f3rmula especializada, la Amoxicilina 250mg suspensi\u00f3n para ni\u00f1os es ideal para tratar infecciones de o\u00eddo, infecciones respiratorias y otras enfermedades comunes en los ni\u00f1os. <\/span><\/p>\n<p><span style=\"color: #000000;\">Su eficacia ha sido comprobada por numerosos testimonios de padres satisfechos que han visto mejoras significativas en la salud de sus hijos.<\/span><\/p>\n<p><span style=\"color: #000000;\">Administrar el medicamento es f\u00e1cil y seguro. Nuestro equipo de expertos ha preparado instrucciones claras y precisas para que puedas administrar la dosis correcta a tu hijo. Adem\u00e1s, te proporcionaremos todas las precauciones necesarias para garantizar la seguridad durante el tratamiento.<\/span><\/p>\n<p><span style=\"color: #000000;\">En nuestra tienda online, nos preocupamos por la salud de tus hijos tanto como t\u00fa. Por eso, ofrecemos la Amoxicilina 250mg suspensi\u00f3n para ni\u00f1os, un producto confiable respaldado por la ciencia y la experiencia de padres satisfechos. <\/span><\/p>\n<p><strong><span style=\"color: #000000;\">No comprometas la salud de tus hijos, elige lo mejor.<\/span><\/strong><\/p>\n","protected":false},"excerpt":{"rendered":"<p><span style=\"color: #000000;\">T\u00fa preocupaci\u00f3n es la salud y bienestar de tus hijos, y en nuestra tienda online entendemos eso. <\/span><\/p>\n<p><span style=\"color: #000000;\">Presentamos la Amoxicilina 250mg suspensi\u00f3n para ni\u00f1os, un medicamento confiable y eficaz que ayuda a tratar infecciones comunes en los peque\u00f1os.<\/span><\/p>\n<p><span style=\"color: #000000;\">Nuestra Amoxicilina 250mg suspensi\u00f3n para ni\u00f1os est\u00e1 respaldada por investigaciones m\u00e9dicas y fabricada por laboratorios de confianza, cumpliendo con los m\u00e1s altos est\u00e1ndares de calidad y seguridad. Puedes confiar en que est\u00e1s brindando a tus hijos el mejor cuidado posible.<\/span><\/p>\n","protected":false},"featured_media":3897,"comment_status":"closed","ping_status":"closed","template":"","meta":{"_kad_post_transparent":"","_kad_post_title":"","_kad_post_layout":"","_kad_post_sidebar_id":"","_kad_post_content_style":"","_kad_post_vertical_padding":"","_kad_post_feature":"","_kad_post_feature_position":"","_kad_post_header":false,"_kad_post_footer":false},"product_brand":[],"product_cat":[655,295],"product_tag":[666,667,668,2206,669,2205,670],"class_list":{"0":"post-3883","1":"product","2":"type-product","3":"status-publish","4":"has-post-thumbnail","6":"product_cat-antibioticos","7":"product_cat-laboratorios-saimed","8":"product_tag-amoxicilina-capsulas-500mg-ebay","9":"product_tag-amoxicilina-capsulas-500mg-original","10":"product_tag-amoxicilina-dosis","11":"product_tag-amoxicilina-para-ninos","12":"product_tag-amoxicilina-presentacion","13":"product_tag-amoxicilina-suspension","14":"product_tag-amoxicilina-vademecum","16":"first","17":"instock","18":"shipping-taxable","19":"purchasable","20":"product-type-simple","21":"entry","22":"content-bg","23":"loop-entry"},"_links":{"self":[{"href":"https:\/\/vitaminaselsalvador.net\/index.php\/wp-json\/wp\/v2\/product\/3883","targetHints":{"allow":["GET"]}}],"collection":[{"href":"https:\/\/vitaminaselsalvador.net\/index.php\/wp-json\/wp\/v2\/product"}],"about":[{"href":"https:\/\/vitaminaselsalvador.net\/index.php\/wp-json\/wp\/v2\/types\/product"}],"replies":[{"embeddable":true,"href":"https:\/\/vitaminaselsalvador.net\/index.php\/wp-json\/wp\/v2\/comments?post=3883"}],"wp:featuredmedia":[{"embeddable":true,"href":"https:\/\/vitaminaselsalvador.net\/index.php\/wp-json\/wp\/v2\/media\/3897"}],"wp:attachment":[{"href":"https:\/\/vitaminaselsalvador.net\/index.php\/wp-json\/wp\/v2\/media?parent=3883"}],"wp:term":[{"taxonomy":"product_brand","embeddable":true,"href":"https:\/\/vitaminaselsalvador.net\/index.php\/wp-json\/wp\/v2\/product_brand?post=3883"},{"taxonomy":"product_cat","embeddable":true,"href":"https:\/\/vitaminaselsalvador.net\/index.php\/wp-json\/wp\/v2\/product_cat?post=3883"},{"taxonomy":"product_tag","embeddable":true,"href":"https:\/\/vitaminaselsalvador.net\/index.php\/wp-json\/wp\/v2\/product_tag?post=3883"}],"curies":[{"name":"wp","href":"https:\/\/api.w.org\/{rel}","templated":true}]}}