{"id":3881,"date":"2022-11-02T21:19:53","date_gmt":"2022-11-03T03:19:53","guid":{"rendered":"https:\/\/vitaminaselsalvador.net\/?post_type=product&#038;p=3881"},"modified":"2025-07-08T10:59:42","modified_gmt":"2025-07-08T16:59:42","slug":"colipax-nf-100-comprimidos","status":"publish","type":"product","link":"https:\/\/vitaminaselsalvador.net\/index.php\/product\/colipax-nf-100-comprimidos\/","title":{"rendered":"COLIPAX NF 100 COMPRIMIDOS"},"content":{"rendered":"<p><strong><span style=\"color: #000000;\">CONTRA-INDICACIONES:<\/span><\/strong><br \/>\n<span style=\"color: #000000;\">Hipersensibilidad al clidinio o a otros anticolin\u00e9rgicos. Glaucoma. Uropat\u00eda obstructiva. Obstrucciones gastrointestinales. Ileo paral\u00edtico. Aton\u00eda intestinal del geronte. Pacientes debilitados. Estado cardiovascular inestable, hemorragias agudas, colitis ulcerosa severa. Miastenia gravis.<\/span><\/p>\n<p><span style=\"color: #000000;\">Bromuro de Clidinio 5.00MG<\/span><\/p>\n","protected":false},"excerpt":{"rendered":"<p><strong><span style=\"color: #000000;\">INDICACIONES:<\/span><\/strong><br \/>\n<span style=\"color: #000000;\">Gases, diarrea, colitis, calambres de abdomen, efectivo alivio del malestar del colon irritable.<\/span><\/p>\n","protected":false},"featured_media":3895,"comment_status":"closed","ping_status":"closed","template":"","meta":{"_kad_post_transparent":"","_kad_post_title":"","_kad_post_layout":"","_kad_post_sidebar_id":"","_kad_post_content_style":"","_kad_post_vertical_padding":"","_kad_post_feature":"","_kad_post_feature_position":"","_kad_post_header":false,"_kad_post_footer":false},"product_brand":[],"product_cat":[2045,2046],"product_tag":[2047,1246,1907,232,233,2001],"class_list":{"0":"post-3881","1":"product","2":"type-product","3":"status-publish","4":"has-post-thumbnail","6":"product_cat-farmaceutica-morazan","7":"product_cat-gases","8":"product_tag-calambres-de-abdomen","9":"product_tag-colitis","10":"product_tag-colon-irritable","11":"product_tag-diarrea","12":"product_tag-dolor-de-estomago","13":"product_tag-gases","15":"first","16":"instock","17":"shipping-taxable","18":"purchasable","19":"product-type-simple","20":"entry","21":"content-bg","22":"loop-entry"},"_links":{"self":[{"href":"https:\/\/vitaminaselsalvador.net\/index.php\/wp-json\/wp\/v2\/product\/3881","targetHints":{"allow":["GET"]}}],"collection":[{"href":"https:\/\/vitaminaselsalvador.net\/index.php\/wp-json\/wp\/v2\/product"}],"about":[{"href":"https:\/\/vitaminaselsalvador.net\/index.php\/wp-json\/wp\/v2\/types\/product"}],"replies":[{"embeddable":true,"href":"https:\/\/vitaminaselsalvador.net\/index.php\/wp-json\/wp\/v2\/comments?post=3881"}],"wp:featuredmedia":[{"embeddable":true,"href":"https:\/\/vitaminaselsalvador.net\/index.php\/wp-json\/wp\/v2\/media\/3895"}],"wp:attachment":[{"href":"https:\/\/vitaminaselsalvador.net\/index.php\/wp-json\/wp\/v2\/media?parent=3881"}],"wp:term":[{"taxonomy":"product_brand","embeddable":true,"href":"https:\/\/vitaminaselsalvador.net\/index.php\/wp-json\/wp\/v2\/product_brand?post=3881"},{"taxonomy":"product_cat","embeddable":true,"href":"https:\/\/vitaminaselsalvador.net\/index.php\/wp-json\/wp\/v2\/product_cat?post=3881"},{"taxonomy":"product_tag","embeddable":true,"href":"https:\/\/vitaminaselsalvador.net\/index.php\/wp-json\/wp\/v2\/product_tag?post=3881"}],"curies":[{"name":"wp","href":"https:\/\/api.w.org\/{rel}","templated":true}]}}