{"id":3879,"date":"2022-11-02T21:19:52","date_gmt":"2022-11-03T03:19:52","guid":{"rendered":"https:\/\/vitaminaselsalvador.net\/?post_type=product&#038;p=3879"},"modified":"2025-07-08T10:59:42","modified_gmt":"2025-07-08T16:59:42","slug":"tradol-50mg-x-50-capsulas","status":"publish","type":"product","link":"https:\/\/vitaminaselsalvador.net\/index.php\/product\/tradol-50mg-x-50-capsulas\/","title":{"rendered":"TRADOL 50MG X 50 CAPSULAS"},"content":{"rendered":"<p><strong><span style=\"color: #000000;\">CONTRA-INDICACIONES:<\/span><\/strong><br \/>\n<span style=\"color: #000000;\">Hipersensibilidad al medicamento y a los analg\u00e9sicos de acci\u00f3n central. Embarazo y lactancia, pacientes con trastornos renales, hep\u00e1ticos o shock. Puede causar dependencia en tratamientos prolongados. Depresi\u00f3n respiratoria, cianosis, asma bronquial. Evitar ejecutar actividades que requieran \u00e1nimo vigilante. No administrar conjuntamente con inhibidores de la monoamino oxidasa.La dosis recomendada es de 50 mg o 100 mg (1 \u00f3 2 c\u00e1psulas) cada 6-8 horas, seg\u00fan la intensidad del dolor. Por lo general, no debe tomar m\u00e1s de 400 mg (8 c\u00e1psulas) al d\u00eda. Tramadol no est\u00e1 recomendado para ni\u00f1os menores de 12 a\u00f1os.<\/span><\/p>\n<p><span style=\"color: #000000;\">Tramadol 50.00MG<\/span><\/p>\n","protected":false},"excerpt":{"rendered":"<p><strong><span style=\"color: #000000;\">INDICACIONES:<\/span><\/strong><br \/>\n<span style=\"color: #000000;\">Est\u00e1 indicado para el tratamiento del dolor moderado a severo; pero siempre que su uso sea por corto tiempo. Tratamiento de dolores oncol\u00f3gicos o de tipo reumatoide.<\/span><\/p>\n","protected":false},"featured_media":3893,"comment_status":"closed","ping_status":"closed","template":"","meta":{"_kad_post_transparent":"","_kad_post_title":"","_kad_post_layout":"","_kad_post_sidebar_id":"","_kad_post_content_style":"","_kad_post_vertical_padding":"","_kad_post_feature":"","_kad_post_feature_position":"","_kad_post_header":false,"_kad_post_footer":false},"product_brand":[],"product_cat":[2038],"product_tag":[2039,1416,2040,2041,1285,2042],"class_list":{"0":"post-3879","1":"product","2":"type-product","3":"status-publish","4":"has-post-thumbnail","6":"product_cat-dolor-severo","7":"product_tag-corto-plazo","8":"product_tag-dolor-moderado","9":"product_tag-dolor-oncologico","10":"product_tag-dolor-severo","11":"product_tag-dolores","12":"product_tag-reumatoide","14":"first","15":"instock","16":"shipping-taxable","17":"purchasable","18":"product-type-simple","19":"entry","20":"content-bg","21":"loop-entry"},"_links":{"self":[{"href":"https:\/\/vitaminaselsalvador.net\/index.php\/wp-json\/wp\/v2\/product\/3879","targetHints":{"allow":["GET"]}}],"collection":[{"href":"https:\/\/vitaminaselsalvador.net\/index.php\/wp-json\/wp\/v2\/product"}],"about":[{"href":"https:\/\/vitaminaselsalvador.net\/index.php\/wp-json\/wp\/v2\/types\/product"}],"replies":[{"embeddable":true,"href":"https:\/\/vitaminaselsalvador.net\/index.php\/wp-json\/wp\/v2\/comments?post=3879"}],"wp:featuredmedia":[{"embeddable":true,"href":"https:\/\/vitaminaselsalvador.net\/index.php\/wp-json\/wp\/v2\/media\/3893"}],"wp:attachment":[{"href":"https:\/\/vitaminaselsalvador.net\/index.php\/wp-json\/wp\/v2\/media?parent=3879"}],"wp:term":[{"taxonomy":"product_brand","embeddable":true,"href":"https:\/\/vitaminaselsalvador.net\/index.php\/wp-json\/wp\/v2\/product_brand?post=3879"},{"taxonomy":"product_cat","embeddable":true,"href":"https:\/\/vitaminaselsalvador.net\/index.php\/wp-json\/wp\/v2\/product_cat?post=3879"},{"taxonomy":"product_tag","embeddable":true,"href":"https:\/\/vitaminaselsalvador.net\/index.php\/wp-json\/wp\/v2\/product_tag?post=3879"}],"curies":[{"name":"wp","href":"https:\/\/api.w.org\/{rel}","templated":true}]}}