{"id":3878,"date":"2022-11-02T21:19:52","date_gmt":"2022-11-03T03:19:52","guid":{"rendered":"https:\/\/vitaminaselsalvador.net\/?post_type=product&#038;p=3878"},"modified":"2025-07-08T10:59:42","modified_gmt":"2025-07-08T16:59:42","slug":"silimarina-pharma-natura-150mg-x-30-capsulas","status":"publish","type":"product","link":"https:\/\/vitaminaselsalvador.net\/index.php\/product\/silimarina-pharma-natura-150mg-x-30-capsulas\/","title":{"rendered":"SILIMARINA PHARMA-NATURA 150MG X 30 CAPSULAS"},"content":{"rendered":"<p><strong><span style=\"color: #000000;\">CONTRA-INDICACIONES:<\/span><\/strong><br \/>\n<span style=\"color: #000000;\">Si es alergico al principio activo.<\/span><\/p>\n<p><span style=\"color: #000000;\">Silimarina 150.00MG<\/span><\/p>\n","protected":false},"excerpt":{"rendered":"<p><strong><span style=\"color: #000000;\">INDICACIONES:<\/span><\/strong><br \/>\n<span style=\"color: #000000;\">Para lesiones de origen toxico metab\u00f3lico.<\/span><br \/>\n<span style=\"color: #000000;\">La Silimarina es una planta que sobresale por su capacidad de proteger y regenerar las c\u00e9lulas del h\u00edgado, impidiendo que sean absorbidos productos t\u00f3xicos que pueden da\u00f1ar al organismo.<\/span><\/p>\n","protected":false},"featured_media":3892,"comment_status":"closed","ping_status":"closed","template":"","meta":{"_kad_post_transparent":"","_kad_post_title":"","_kad_post_layout":"","_kad_post_sidebar_id":"","_kad_post_content_style":"","_kad_post_vertical_padding":"","_kad_post_feature":"","_kad_post_feature_position":"","_kad_post_header":false,"_kad_post_footer":false},"product_brand":[],"product_cat":[2032,2033],"product_tag":[1248,1837,2034,2035,2036,2037],"class_list":{"0":"post-3878","1":"product","2":"type-product","3":"status-publish","4":"has-post-thumbnail","6":"product_cat-higado","7":"product_cat-lesiones","8":"product_tag-higado","9":"product_tag-lesiones","10":"product_tag-organismo","11":"product_tag-proteccion","12":"product_tag-regeneracion","13":"product_tag-toxico","15":"first","16":"instock","17":"shipping-taxable","18":"purchasable","19":"product-type-simple","20":"entry","21":"content-bg","22":"loop-entry"},"_links":{"self":[{"href":"https:\/\/vitaminaselsalvador.net\/index.php\/wp-json\/wp\/v2\/product\/3878","targetHints":{"allow":["GET"]}}],"collection":[{"href":"https:\/\/vitaminaselsalvador.net\/index.php\/wp-json\/wp\/v2\/product"}],"about":[{"href":"https:\/\/vitaminaselsalvador.net\/index.php\/wp-json\/wp\/v2\/types\/product"}],"replies":[{"embeddable":true,"href":"https:\/\/vitaminaselsalvador.net\/index.php\/wp-json\/wp\/v2\/comments?post=3878"}],"wp:featuredmedia":[{"embeddable":true,"href":"https:\/\/vitaminaselsalvador.net\/index.php\/wp-json\/wp\/v2\/media\/3892"}],"wp:attachment":[{"href":"https:\/\/vitaminaselsalvador.net\/index.php\/wp-json\/wp\/v2\/media?parent=3878"}],"wp:term":[{"taxonomy":"product_brand","embeddable":true,"href":"https:\/\/vitaminaselsalvador.net\/index.php\/wp-json\/wp\/v2\/product_brand?post=3878"},{"taxonomy":"product_cat","embeddable":true,"href":"https:\/\/vitaminaselsalvador.net\/index.php\/wp-json\/wp\/v2\/product_cat?post=3878"},{"taxonomy":"product_tag","embeddable":true,"href":"https:\/\/vitaminaselsalvador.net\/index.php\/wp-json\/wp\/v2\/product_tag?post=3878"}],"curies":[{"name":"wp","href":"https:\/\/api.w.org\/{rel}","templated":true}]}}