{"id":3873,"date":"2022-11-02T21:19:52","date_gmt":"2022-11-03T03:19:52","guid":{"rendered":"https:\/\/vitaminaselsalvador.net\/?post_type=product&#038;p=3873"},"modified":"2025-07-08T10:59:41","modified_gmt":"2025-07-08T16:59:41","slug":"fenacox-50-tabletas","status":"publish","type":"product","link":"https:\/\/vitaminaselsalvador.net\/index.php\/product\/fenacox-50-tabletas\/","title":{"rendered":"FENACOX 50 Tabletas"},"content":{"rendered":"<p><strong><span style=\"color: #000000;\">CONTRA-INDICACIONES:<\/span><\/strong><br \/>\n<span style=\"color: #000000;\">Hipersensibilidad a los componentes de la f\u00f3rmula; alteraci\u00f3n de la funci\u00f3n hep\u00e1tica; trastornos de la coagulaci\u00f3n; \u00falcera p\u00e9ptica activa; Embarazo y Lactancia; personas con asma y\/o como antecedentes al\u00e9rgicos; urticaria o rinitis al\u00e9rgica.<\/span><\/p>\n<p><span style=\"color: #000000;\">Diclofenaco Potasico &#8212; 50.00MG<\/span><br \/>\n<span style=\"color: #000000;\">Paracetamol &#8212;&#8212;&#8212;&#8212;&#8211; 500.00MG<\/span><\/p>\n","protected":false},"excerpt":{"rendered":"<p><strong><span style=\"color: #000000;\">INDICACIONES:<\/span><\/strong><br \/>\n<span style=\"color: #000000;\">Est\u00e1 indicado como analg\u00e9sico, antiinflamatorio y antipir\u00e9tico no esteroideo en afecciones musculosquel\u00e9ticas, ginecol\u00f3gicas, otorrinolaringol\u00f3gicas, que manifiestan inflamaci\u00f3n, dolor y\/o fiebre.<\/span><\/p>\n","protected":false},"featured_media":3887,"comment_status":"closed","ping_status":"closed","template":"","meta":{"_kad_post_transparent":"","_kad_post_title":"","_kad_post_layout":"","_kad_post_sidebar_id":"","_kad_post_content_style":"","_kad_post_vertical_padding":"","_kad_post_feature":"","_kad_post_feature_position":"","_kad_post_header":false,"_kad_post_footer":false},"product_brand":[],"product_cat":[1426,1299,1342],"product_tag":[1207,708,1130,1215,221,2020],"class_list":{"0":"post-3873","1":"product","2":"type-product","3":"status-publish","4":"has-post-thumbnail","6":"product_cat-analgesico","7":"product_cat-antiinflamatorio","8":"product_cat-laboratorios-arsal","9":"product_tag-analgesico","10":"product_tag-antiinflamatorio","11":"product_tag-antipiretico","12":"product_tag-dolor","13":"product_tag-fiebre","14":"product_tag-muscoesqueletico","16":"first","17":"instock","18":"shipping-taxable","19":"purchasable","20":"product-type-simple","21":"entry","22":"content-bg","23":"loop-entry"},"_links":{"self":[{"href":"https:\/\/vitaminaselsalvador.net\/index.php\/wp-json\/wp\/v2\/product\/3873","targetHints":{"allow":["GET"]}}],"collection":[{"href":"https:\/\/vitaminaselsalvador.net\/index.php\/wp-json\/wp\/v2\/product"}],"about":[{"href":"https:\/\/vitaminaselsalvador.net\/index.php\/wp-json\/wp\/v2\/types\/product"}],"replies":[{"embeddable":true,"href":"https:\/\/vitaminaselsalvador.net\/index.php\/wp-json\/wp\/v2\/comments?post=3873"}],"wp:featuredmedia":[{"embeddable":true,"href":"https:\/\/vitaminaselsalvador.net\/index.php\/wp-json\/wp\/v2\/media\/3887"}],"wp:attachment":[{"href":"https:\/\/vitaminaselsalvador.net\/index.php\/wp-json\/wp\/v2\/media?parent=3873"}],"wp:term":[{"taxonomy":"product_brand","embeddable":true,"href":"https:\/\/vitaminaselsalvador.net\/index.php\/wp-json\/wp\/v2\/product_brand?post=3873"},{"taxonomy":"product_cat","embeddable":true,"href":"https:\/\/vitaminaselsalvador.net\/index.php\/wp-json\/wp\/v2\/product_cat?post=3873"},{"taxonomy":"product_tag","embeddable":true,"href":"https:\/\/vitaminaselsalvador.net\/index.php\/wp-json\/wp\/v2\/product_tag?post=3873"}],"curies":[{"name":"wp","href":"https:\/\/api.w.org\/{rel}","templated":true}]}}