{"id":3838,"date":"2022-11-02T21:19:27","date_gmt":"2022-11-03T03:19:27","guid":{"rendered":"https:\/\/vitaminaselsalvador.net\/?post_type=product&#038;p=3838"},"modified":"2025-07-08T10:59:41","modified_gmt":"2025-07-08T16:59:41","slug":"distem-50-comprimidos","status":"publish","type":"product","link":"https:\/\/vitaminaselsalvador.net\/index.php\/product\/distem-50-comprimidos\/","title":{"rendered":"DISTEM 50 Comprimidos"},"content":{"rendered":"<p><strong><span style=\"color: #000000;\">CONTRA-INDICACIONES:<\/span><\/strong><br \/>\n<span style=\"color: #000000;\">Enfermedades hep\u00e1ticas, hipersensibilidad, miastenia grave.<\/span><\/p>\n<p><span style=\"color: #000000;\">Metocarbamol 380.00MG<\/span><br \/>\n<span style=\"color: #000000;\">Paracetamol 300.00MG<\/span><\/p>\n","protected":false},"excerpt":{"rendered":"<p><strong><span style=\"color: #000000;\">INDICACIONES:<\/span><\/strong><br \/>\n<span style=\"color: #000000;\">Dolor con espasmo de musculatura esquel\u00e9tica en cualquier regi\u00f3n del aparato locomotor.<\/span><\/p>\n<p><strong><span style=\"color: #000000;\">ADMINISTRACI\u00d3N:<\/span><\/strong><br \/>\n<span style=\"color: #000000;\">V\u00eda oral. Administrar con un sorbo de agua u otro l\u00edquido no alcoh\u00f3lico.<\/span><\/p>\n","protected":false},"featured_media":3868,"comment_status":"closed","ping_status":"closed","template":"","meta":{"_kad_post_transparent":"","_kad_post_title":"","_kad_post_layout":"","_kad_post_sidebar_id":"","_kad_post_content_style":"","_kad_post_vertical_padding":"","_kad_post_feature":"","_kad_post_feature_position":"","_kad_post_header":false,"_kad_post_footer":false},"product_brand":[],"product_cat":[2003,2004],"product_tag":[1943,1215,2005,1530,2006,2007],"class_list":{"0":"post-3838","1":"product","2":"type-product","3":"status-publish","4":"has-post-thumbnail","6":"product_cat-espasmo","7":"product_cat-laboratorios-faes-farma","8":"product_tag-cuerpo","9":"product_tag-dolor","10":"product_tag-espasmo","11":"product_tag-fisico","12":"product_tag-locomotor","13":"product_tag-musculatura","15":"first","16":"instock","17":"shipping-taxable","18":"purchasable","19":"product-type-simple","20":"entry","21":"content-bg","22":"loop-entry"},"_links":{"self":[{"href":"https:\/\/vitaminaselsalvador.net\/index.php\/wp-json\/wp\/v2\/product\/3838","targetHints":{"allow":["GET"]}}],"collection":[{"href":"https:\/\/vitaminaselsalvador.net\/index.php\/wp-json\/wp\/v2\/product"}],"about":[{"href":"https:\/\/vitaminaselsalvador.net\/index.php\/wp-json\/wp\/v2\/types\/product"}],"replies":[{"embeddable":true,"href":"https:\/\/vitaminaselsalvador.net\/index.php\/wp-json\/wp\/v2\/comments?post=3838"}],"wp:featuredmedia":[{"embeddable":true,"href":"https:\/\/vitaminaselsalvador.net\/index.php\/wp-json\/wp\/v2\/media\/3868"}],"wp:attachment":[{"href":"https:\/\/vitaminaselsalvador.net\/index.php\/wp-json\/wp\/v2\/media?parent=3838"}],"wp:term":[{"taxonomy":"product_brand","embeddable":true,"href":"https:\/\/vitaminaselsalvador.net\/index.php\/wp-json\/wp\/v2\/product_brand?post=3838"},{"taxonomy":"product_cat","embeddable":true,"href":"https:\/\/vitaminaselsalvador.net\/index.php\/wp-json\/wp\/v2\/product_cat?post=3838"},{"taxonomy":"product_tag","embeddable":true,"href":"https:\/\/vitaminaselsalvador.net\/index.php\/wp-json\/wp\/v2\/product_tag?post=3838"}],"curies":[{"name":"wp","href":"https:\/\/api.w.org\/{rel}","templated":true}]}}