{"id":3836,"date":"2022-11-02T21:19:27","date_gmt":"2022-11-03T03:19:27","guid":{"rendered":"https:\/\/vitaminaselsalvador.net\/?post_type=product&#038;p=3836"},"modified":"2025-07-08T10:59:40","modified_gmt":"2025-07-08T16:59:40","slug":"neufil-500mg-60-comprimidos","status":"publish","type":"product","link":"https:\/\/vitaminaselsalvador.net\/index.php\/product\/neufil-500mg-60-comprimidos\/","title":{"rendered":"NEUFIL 500MG 60 Comprimidos"},"content":{"rendered":"<p><strong><span style=\"color: #000000;\">CONTRA-INDICACIONES:<\/span><\/strong><br \/>\n<span style=\"color: #000000;\">Hipersensiblidad al componente. Epilepsia. Convulsiones. Embarazo y lactancia.<\/span><\/p>\n<p><span style=\"color: #000000;\">diprofilina 500.00MG<\/span><\/p>\n","protected":false},"excerpt":{"rendered":"<p><strong><span style=\"color: #000000;\">INDICACIONES:<\/span><\/strong><br \/>\n<span style=\"color: #000000;\">Es un broncodilatador utilizado para el alivio del asma bronquial aguda y reversible de broncoespasmo asociado con bronquitis cr\u00f3nica y enfisema. Neufil es un derivado de la xantina con acciones farmacol\u00f3gicas similares a la teofilina y otros miembros de esta clase de drogas. Su principal acci\u00f3n es el de la bronco dilataci\u00f3n, pero tambi\u00e9n exposiciones y otros vasodilatadores perif\u00e9ricos sin problemas la actividad relajante muscular en menor grado.<\/span><\/p>\n","protected":false},"featured_media":3866,"comment_status":"closed","ping_status":"closed","template":"","meta":{"_kad_post_transparent":"","_kad_post_title":"","_kad_post_layout":"","_kad_post_sidebar_id":"","_kad_post_content_style":"","_kad_post_vertical_padding":"","_kad_post_feature":"","_kad_post_feature_position":"","_kad_post_header":false,"_kad_post_footer":false},"product_brand":[],"product_cat":[1995,1848],"product_tag":[1996,1997,1253,1132,1998,1999],"class_list":{"0":"post-3836","1":"product","2":"type-product","3":"status-publish","4":"has-post-thumbnail","6":"product_cat-asma","7":"product_cat-laboratorios-bial","8":"product_tag-asma","9":"product_tag-bronco-dilatacion","10":"product_tag-broncoespasmo","11":"product_tag-bronquitis","12":"product_tag-teofilina","13":"product_tag-xantina","15":"first","16":"instock","17":"shipping-taxable","18":"purchasable","19":"product-type-simple","20":"entry","21":"content-bg","22":"loop-entry"},"_links":{"self":[{"href":"https:\/\/vitaminaselsalvador.net\/index.php\/wp-json\/wp\/v2\/product\/3836","targetHints":{"allow":["GET"]}}],"collection":[{"href":"https:\/\/vitaminaselsalvador.net\/index.php\/wp-json\/wp\/v2\/product"}],"about":[{"href":"https:\/\/vitaminaselsalvador.net\/index.php\/wp-json\/wp\/v2\/types\/product"}],"replies":[{"embeddable":true,"href":"https:\/\/vitaminaselsalvador.net\/index.php\/wp-json\/wp\/v2\/comments?post=3836"}],"wp:featuredmedia":[{"embeddable":true,"href":"https:\/\/vitaminaselsalvador.net\/index.php\/wp-json\/wp\/v2\/media\/3866"}],"wp:attachment":[{"href":"https:\/\/vitaminaselsalvador.net\/index.php\/wp-json\/wp\/v2\/media?parent=3836"}],"wp:term":[{"taxonomy":"product_brand","embeddable":true,"href":"https:\/\/vitaminaselsalvador.net\/index.php\/wp-json\/wp\/v2\/product_brand?post=3836"},{"taxonomy":"product_cat","embeddable":true,"href":"https:\/\/vitaminaselsalvador.net\/index.php\/wp-json\/wp\/v2\/product_cat?post=3836"},{"taxonomy":"product_tag","embeddable":true,"href":"https:\/\/vitaminaselsalvador.net\/index.php\/wp-json\/wp\/v2\/product_tag?post=3836"}],"curies":[{"name":"wp","href":"https:\/\/api.w.org\/{rel}","templated":true}]}}