{"id":3835,"date":"2022-11-02T21:19:27","date_gmt":"2022-11-03T03:19:27","guid":{"rendered":"https:\/\/vitaminaselsalvador.net\/?post_type=product&#038;p=3835"},"modified":"2025-07-08T10:59:40","modified_gmt":"2025-07-08T16:59:40","slug":"heliocare-60-capsulas","status":"publish","type":"product","link":"https:\/\/vitaminaselsalvador.net\/index.php\/product\/heliocare-60-capsulas\/","title":{"rendered":"HELIOCARE 60 C\u00e1psulas"},"content":{"rendered":"<p><strong><span style=\"color: #000000;\">CONTRA-INDICACIONES:<\/span><\/strong><br \/>\n<span style=\"color: #000000;\">Durante la exposici\u00f3n al sol es importante aplicarse un fotoprotector t\u00f3pico adecuado. Los complementos alimenticios no deben utilizarse como sustituto de una dieta variada y equilibrada y un estilo de vida saludable. Mantener fuera del alcance de los ni\u00f1os mas peque\u00f1os. Cons\u00e9rvese bien cerrado en lugar fresco y seco. Producto con betacarotenos, no superar la dosis diaria recomendada.<\/span><\/p>\n<p><span style=\"color: #000000;\">Super\u00f3xido &#8212;&#8212;&#8212;&#8212;&#8212;&#8212;- 55.00%<\/span><br \/>\n<span style=\"color: #000000;\">Ox\u00edgeno Singlet &#8212;&#8212;&#8212;&#8212;- 10.00%<\/span><br \/>\n<span style=\"color: #000000;\">Peroxidaci\u00f3n de L\u00edpidos &#8212; 50.00%<\/span><\/p>\n","protected":false},"excerpt":{"rendered":"<p><strong><span style=\"color: #000000;\">INDICACIONES:<\/span><\/strong><br \/>\n<span style=\"color: #000000;\">Su f\u00f3rmula con fernblock ayuda a mejorar la resistencia de la piel al da\u00f1o solar desde la primera toma. En combinaci\u00f3n a la fotoprotecci\u00f3n t\u00f3pica, aportan una protecci\u00f3n homog\u00e9nea y uniforme de toda la superficie corporal, llegando a zonas donde no podemos aplicar crema (cuero cabelludo, ojos, orejas, etc). Aceleran el bronceado, gracias a su contenido en betacarotenos. No contienen gluten.<\/span><\/p>\n","protected":false},"featured_media":3865,"comment_status":"closed","ping_status":"closed","template":"","meta":{"_kad_post_transparent":"","_kad_post_title":"","_kad_post_layout":"","_kad_post_sidebar_id":"","_kad_post_content_style":"","_kad_post_vertical_padding":"","_kad_post_feature":"","_kad_post_feature_position":"","_kad_post_header":false,"_kad_post_footer":false},"product_brand":[],"product_cat":[1991],"product_tag":[1992,1993,1555,1994,284],"class_list":{"0":"post-3835","1":"product","2":"type-product","3":"status-publish","4":"has-post-thumbnail","6":"product_cat-laboratorios-fernblock","7":"product_tag-bronceado","8":"product_tag-dano-solar","9":"product_tag-exposicion-al-sol","10":"product_tag-fotoproteccion","11":"product_tag-piel","13":"first","14":"instock","15":"shipping-taxable","16":"purchasable","17":"product-type-simple","18":"entry","19":"content-bg","20":"loop-entry"},"_links":{"self":[{"href":"https:\/\/vitaminaselsalvador.net\/index.php\/wp-json\/wp\/v2\/product\/3835","targetHints":{"allow":["GET"]}}],"collection":[{"href":"https:\/\/vitaminaselsalvador.net\/index.php\/wp-json\/wp\/v2\/product"}],"about":[{"href":"https:\/\/vitaminaselsalvador.net\/index.php\/wp-json\/wp\/v2\/types\/product"}],"replies":[{"embeddable":true,"href":"https:\/\/vitaminaselsalvador.net\/index.php\/wp-json\/wp\/v2\/comments?post=3835"}],"wp:featuredmedia":[{"embeddable":true,"href":"https:\/\/vitaminaselsalvador.net\/index.php\/wp-json\/wp\/v2\/media\/3865"}],"wp:attachment":[{"href":"https:\/\/vitaminaselsalvador.net\/index.php\/wp-json\/wp\/v2\/media?parent=3835"}],"wp:term":[{"taxonomy":"product_brand","embeddable":true,"href":"https:\/\/vitaminaselsalvador.net\/index.php\/wp-json\/wp\/v2\/product_brand?post=3835"},{"taxonomy":"product_cat","embeddable":true,"href":"https:\/\/vitaminaselsalvador.net\/index.php\/wp-json\/wp\/v2\/product_cat?post=3835"},{"taxonomy":"product_tag","embeddable":true,"href":"https:\/\/vitaminaselsalvador.net\/index.php\/wp-json\/wp\/v2\/product_tag?post=3835"}],"curies":[{"name":"wp","href":"https:\/\/api.w.org\/{rel}","templated":true}]}}