{"id":3834,"date":"2022-11-02T21:19:27","date_gmt":"2022-11-03T03:19:27","guid":{"rendered":"https:\/\/vitaminaselsalvador.net\/?post_type=product&#038;p=3834"},"modified":"2025-07-08T10:59:40","modified_gmt":"2025-07-08T16:59:40","slug":"lipomen-60-capsulas","status":"publish","type":"product","link":"https:\/\/vitaminaselsalvador.net\/index.php\/product\/lipomen-60-capsulas\/","title":{"rendered":"LIPOMEN 60 C\u00e1psulas"},"content":{"rendered":"<p><strong>CONTRA-INDICACIONES:<\/strong><br \/>\nUso durante el embarazo, la lactancia y en personas con obstrucciones de las v\u00edas biliares, requiere de una evaluaci\u00f3n y vigilancia m\u00e9dica<\/p>\n<p><strong>COMPOSICI\u00d3N:<\/strong><br \/>\nMedicamento de origen natural, con base en el extractos secos estandarizados obtenidos de las siguientes plantas:<\/p>\n<p>Hojas frescas de la alcachofa (Cynara scolymus), una planta cultivada sobre todo en la regi\u00f3n mediterr\u00e1nea de Europa; Partes a\u00e9reas de llant\u00e9n (Plantago major), una planta originaria de Europa Central; Ra\u00edz de harpagofito (Harpagophytum procumbens), una planta del desierto surafricano de Kalahari.<\/p>\n<p>La combinaci\u00f3n de las tres plantas y sus respectivos efectos farmacol\u00f3gicos determina las siguientes propiedades terap\u00e9uticas del producto LIPOM\u00c9N<\/p>\n<p>Reduce los niveles sangu\u00edneos de colesterol y triglic\u00e9ridos, ejerciendo un efecto protector de las arterias, previniendo la ateroesclerosis y problemas<br \/>\ncard\u00edacos; Estimula la funci\u00f3n hep\u00e1tica y biliar, as\u00ed como los procesos digestivos; Ejerce un efecto hepatoprotector y antioxidante<\/p>\n","protected":false},"excerpt":{"rendered":"<p><strong><span style=\"color: #000000;\">INDICACIONES:<\/span><\/strong><br \/>\n<span style=\"color: #000000;\">Reduce los niveles sangu\u00edneos de colesterol y triglic\u00e9ridos.<\/span><\/p>\n<p><span style=\"color: #000000;\">Ayuda a reducir los niveles sangu\u00edneos de colesterol y triglic\u00e9ridos, ejerciendo un efecto protector de las arterias, previniendo la ateroesclerosis y problemas card\u00edacos.<\/span><\/p>\n<p><span style=\"color: #000000;\">Se desaconseja el empleo de Lipom\u00e9n durante la lactancia, ya que los principios amargos de la alcachofa pueden pasar a la leche materna y dar mal sabor a la leche.<\/span><\/p>\n","protected":false},"featured_media":3864,"comment_status":"closed","ping_status":"closed","template":"","meta":{"_kad_post_transparent":"","_kad_post_title":"","_kad_post_layout":"","_kad_post_sidebar_id":"","_kad_post_content_style":"","_kad_post_vertical_padding":"","_kad_post_feature":"","_kad_post_feature_position":"","_kad_post_header":false,"_kad_post_footer":false},"product_brand":[],"product_cat":[1986],"product_tag":[1987,1988,1989,190,1990,192],"class_list":{"0":"post-3834","1":"product","2":"type-product","3":"status-publish","4":"has-post-thumbnail","6":"product_cat-trigliceridos","7":"product_tag-arterias","8":"product_tag-ateroesclerosis","9":"product_tag-cardiaco","10":"product_tag-colesterol","11":"product_tag-niveles-sanguineos","12":"product_tag-trigliceridos","14":"first","15":"instock","16":"shipping-taxable","17":"purchasable","18":"product-type-simple","19":"entry","20":"content-bg","21":"loop-entry"},"_links":{"self":[{"href":"https:\/\/vitaminaselsalvador.net\/index.php\/wp-json\/wp\/v2\/product\/3834","targetHints":{"allow":["GET"]}}],"collection":[{"href":"https:\/\/vitaminaselsalvador.net\/index.php\/wp-json\/wp\/v2\/product"}],"about":[{"href":"https:\/\/vitaminaselsalvador.net\/index.php\/wp-json\/wp\/v2\/types\/product"}],"replies":[{"embeddable":true,"href":"https:\/\/vitaminaselsalvador.net\/index.php\/wp-json\/wp\/v2\/comments?post=3834"}],"wp:featuredmedia":[{"embeddable":true,"href":"https:\/\/vitaminaselsalvador.net\/index.php\/wp-json\/wp\/v2\/media\/3864"}],"wp:attachment":[{"href":"https:\/\/vitaminaselsalvador.net\/index.php\/wp-json\/wp\/v2\/media?parent=3834"}],"wp:term":[{"taxonomy":"product_brand","embeddable":true,"href":"https:\/\/vitaminaselsalvador.net\/index.php\/wp-json\/wp\/v2\/product_brand?post=3834"},{"taxonomy":"product_cat","embeddable":true,"href":"https:\/\/vitaminaselsalvador.net\/index.php\/wp-json\/wp\/v2\/product_cat?post=3834"},{"taxonomy":"product_tag","embeddable":true,"href":"https:\/\/vitaminaselsalvador.net\/index.php\/wp-json\/wp\/v2\/product_tag?post=3834"}],"curies":[{"name":"wp","href":"https:\/\/api.w.org\/{rel}","templated":true}]}}