{"id":3832,"date":"2022-11-02T21:19:27","date_gmt":"2022-11-03T03:19:27","guid":{"rendered":"https:\/\/vitaminaselsalvador.net\/?post_type=product&#038;p=3832"},"modified":"2025-07-08T10:59:39","modified_gmt":"2025-07-08T16:59:39","slug":"simepar-40-capsulas","status":"publish","type":"product","link":"https:\/\/vitaminaselsalvador.net\/index.php\/product\/simepar-40-capsulas\/","title":{"rendered":"SIMEPAR 40 C\u00e1psulas"},"content":{"rendered":"<p><strong><span style=\"color: #000000;\">CONTRA-INDICACIONES:<\/span><\/strong><br \/>\n<span style=\"color: #000000;\">Hipersensibilidad alos componentes<\/span><\/p>\n<p><span style=\"color: #000000;\">Nicotinamida &#8212;&#8212;&#8212;&#8212;&#8211; 12.00MG<\/span><br \/>\n<span style=\"color: #000000;\">Vitamina B2 &#8212;&#8212;&#8212;&#8212;&#8212;- 4.00MG<\/span><br \/>\n<span style=\"color: #000000;\">Pantotenato de Calcio &#8212; 8.00MG<\/span><br \/>\n<span style=\"color: #000000;\">Vitamina B6 &#8212;&#8212;&#8212;&#8212;&#8212;- 4.00MG<\/span><br \/>\n<span style=\"color: #000000;\">Vitamina B1 &#8212;&#8212;&#8212;&#8212;&#8212;- 4.00MG<\/span><br \/>\n<span style=\"color: #000000;\">Silimarina &#8212;&#8212;&#8212;&#8212;&#8212;&#8212;- 70.00MG<\/span><\/p>\n","protected":false},"excerpt":{"rendered":"<p><strong><span style=\"color: #000000;\">INDICACIONES:<\/span><\/strong><br \/>\n<span style=\"color: #000000;\">Coadyuvante en las enfermedades cr\u00f3nicas del h\u00edgado, cirrosis hep\u00e1tica, h\u00edgado graso. Para la protecci\u00f3n del h\u00edgado en intoxicaciones, como abuso del alcohol y enfermedades cr\u00f3nicas que recargan el h\u00edgado.<\/span><\/p>\n","protected":false},"featured_media":3862,"comment_status":"closed","ping_status":"closed","template":"","meta":{"_kad_post_transparent":"","_kad_post_title":"","_kad_post_layout":"","_kad_post_sidebar_id":"","_kad_post_content_style":"","_kad_post_vertical_padding":"","_kad_post_feature":"","_kad_post_feature_position":"","_kad_post_header":false,"_kad_post_footer":false},"product_brand":[],"product_cat":[1971,1972],"product_tag":[1973,1974,1975,1248,1976,1977],"class_list":{"0":"post-3832","1":"product","2":"type-product","3":"status-publish","4":"has-post-thumbnail","6":"product_cat-cirrosis-hepatica","7":"product_cat-higado-graso","8":"product_tag-alcohol","9":"product_tag-cirrosis","10":"product_tag-cirrosis-hepatica","11":"product_tag-higado","12":"product_tag-higado-graso","13":"product_tag-intoxicacion","15":"first","16":"instock","17":"shipping-taxable","18":"purchasable","19":"product-type-simple","20":"entry","21":"content-bg","22":"loop-entry"},"_links":{"self":[{"href":"https:\/\/vitaminaselsalvador.net\/index.php\/wp-json\/wp\/v2\/product\/3832","targetHints":{"allow":["GET"]}}],"collection":[{"href":"https:\/\/vitaminaselsalvador.net\/index.php\/wp-json\/wp\/v2\/product"}],"about":[{"href":"https:\/\/vitaminaselsalvador.net\/index.php\/wp-json\/wp\/v2\/types\/product"}],"replies":[{"embeddable":true,"href":"https:\/\/vitaminaselsalvador.net\/index.php\/wp-json\/wp\/v2\/comments?post=3832"}],"wp:featuredmedia":[{"embeddable":true,"href":"https:\/\/vitaminaselsalvador.net\/index.php\/wp-json\/wp\/v2\/media\/3862"}],"wp:attachment":[{"href":"https:\/\/vitaminaselsalvador.net\/index.php\/wp-json\/wp\/v2\/media?parent=3832"}],"wp:term":[{"taxonomy":"product_brand","embeddable":true,"href":"https:\/\/vitaminaselsalvador.net\/index.php\/wp-json\/wp\/v2\/product_brand?post=3832"},{"taxonomy":"product_cat","embeddable":true,"href":"https:\/\/vitaminaselsalvador.net\/index.php\/wp-json\/wp\/v2\/product_cat?post=3832"},{"taxonomy":"product_tag","embeddable":true,"href":"https:\/\/vitaminaselsalvador.net\/index.php\/wp-json\/wp\/v2\/product_tag?post=3832"}],"curies":[{"name":"wp","href":"https:\/\/api.w.org\/{rel}","templated":true}]}}