{"id":3830,"date":"2022-11-02T21:19:26","date_gmt":"2022-11-03T03:19:26","guid":{"rendered":"https:\/\/vitaminaselsalvador.net\/?post_type=product&#038;p=3830"},"modified":"2025-07-08T10:59:39","modified_gmt":"2025-07-08T16:59:39","slug":"dramanyl-100-capsulas","status":"publish","type":"product","link":"https:\/\/vitaminaselsalvador.net\/index.php\/product\/dramanyl-100-capsulas\/","title":{"rendered":"DRAMANYL 100 C\u00e1psulas"},"content":{"rendered":"<p><strong><span style=\"color: #000000;\">CONTRA-INDICACIONES:<\/span><\/strong><br \/>\n<span style=\"color: #000000;\">Medicamentos con prescripci\u00f3n m\u00e9dica.<\/span><\/p>\n<p><strong><span style=\"color: #000000;\">DOSIFICACI\u00d3N:<\/span><\/strong><br \/>\n<span style=\"color: #000000;\">\u2022 Adultos y ni\u00f1os mayores 12 a\u00f1os: 50-100 mg 30 minutos antes de iniciar el viaje, seguidos de 50-100 mg cada 4-6 horas si ello fuera necesario, sin exceder 400 mg\/24 horas.<\/span><\/p>\n<p><span style=\"color: #000000;\">\u2022 Ni\u00f1os de 6 a 12 a\u00f1os: 25-50 mg\/6-8 horas, sin exceder 150 mg\/24 horas; de 2 a 6 a\u00f1os: 25 mg\/6-8 horas, sin exceder 75 mg\/24 horas.<\/span><\/p>\n<p><span style=\"color: #000000;\">Para la prevenci\u00f3n de la cinetosis debe tomarse al menos 30 minutos, preferible, 1-2 horas antes de viajar.<\/span><\/p>\n","protected":false},"excerpt":{"rendered":"<p><strong><span style=\"color: #000000;\">INDICACIONES:<\/span><\/strong><br \/>\n<span style=\"color: #000000;\">Prevenci\u00f3n y tratamiento de n\u00e1useas, v\u00f3mitos, mareos o v\u00e9rtigo, ya sea por cinetosis, embarazo, administraci\u00f3n de otros medicamentos, s\u00edndrome de meniere.<\/span><\/p>\n<p><strong><span style=\"color: #000000;\">F\u00d3RMULA:<\/span><\/strong><br \/>\n<span style=\"color: #000000;\">Cada c\u00e1psula contiene:<\/span><\/p>\n<p><span style=\"color: #000000;\">Dimenhidrinato 50 mg<\/span><\/p>\n","protected":false},"featured_media":3860,"comment_status":"closed","ping_status":"closed","template":"","meta":{"_kad_post_transparent":"","_kad_post_title":"","_kad_post_layout":"","_kad_post_sidebar_id":"","_kad_post_content_style":"","_kad_post_vertical_padding":"","_kad_post_feature":"","_kad_post_feature_position":"","_kad_post_header":false,"_kad_post_footer":false},"product_brand":[],"product_cat":[383,1965,1966],"product_tag":[1967,1684,1968,1969,1692,904],"class_list":{"0":"post-3830","1":"product","2":"type-product","3":"status-publish","4":"has-post-thumbnail","6":"product_cat-laboratorios-paill","7":"product_cat-mareos","8":"product_cat-nauseas","9":"product_tag-cinetosis","10":"product_tag-embarazo","11":"product_tag-mareos","12":"product_tag-nauseas","13":"product_tag-vertigo","14":"product_tag-vomitos","16":"first","17":"instock","18":"shipping-taxable","19":"purchasable","20":"product-type-simple","21":"entry","22":"content-bg","23":"loop-entry"},"_links":{"self":[{"href":"https:\/\/vitaminaselsalvador.net\/index.php\/wp-json\/wp\/v2\/product\/3830","targetHints":{"allow":["GET"]}}],"collection":[{"href":"https:\/\/vitaminaselsalvador.net\/index.php\/wp-json\/wp\/v2\/product"}],"about":[{"href":"https:\/\/vitaminaselsalvador.net\/index.php\/wp-json\/wp\/v2\/types\/product"}],"replies":[{"embeddable":true,"href":"https:\/\/vitaminaselsalvador.net\/index.php\/wp-json\/wp\/v2\/comments?post=3830"}],"wp:featuredmedia":[{"embeddable":true,"href":"https:\/\/vitaminaselsalvador.net\/index.php\/wp-json\/wp\/v2\/media\/3860"}],"wp:attachment":[{"href":"https:\/\/vitaminaselsalvador.net\/index.php\/wp-json\/wp\/v2\/media?parent=3830"}],"wp:term":[{"taxonomy":"product_brand","embeddable":true,"href":"https:\/\/vitaminaselsalvador.net\/index.php\/wp-json\/wp\/v2\/product_brand?post=3830"},{"taxonomy":"product_cat","embeddable":true,"href":"https:\/\/vitaminaselsalvador.net\/index.php\/wp-json\/wp\/v2\/product_cat?post=3830"},{"taxonomy":"product_tag","embeddable":true,"href":"https:\/\/vitaminaselsalvador.net\/index.php\/wp-json\/wp\/v2\/product_tag?post=3830"}],"curies":[{"name":"wp","href":"https:\/\/api.w.org\/{rel}","templated":true}]}}