{"id":3829,"date":"2022-11-02T21:19:26","date_gmt":"2022-11-03T03:19:26","guid":{"rendered":"https:\/\/vitaminaselsalvador.net\/?post_type=product&#038;p=3829"},"modified":"2025-07-08T10:59:39","modified_gmt":"2025-07-08T16:59:39","slug":"diamel-90-capsulas","status":"publish","type":"product","link":"https:\/\/vitaminaselsalvador.net\/index.php\/product\/diamel-90-capsulas\/","title":{"rendered":"DIAMEL 90 C\u00e1psulas"},"content":{"rendered":"<p><strong><span style=\"color: #000000;\">CONTRA-INDICACIONES:<\/span><\/strong><br \/>\n<span style=\"color: #000000;\">Hipersensibilidad a alguno de los componentes.<\/span><\/p>\n<p><span style=\"color: #000000;\"><strong>ADVERTENCIAS:<\/strong> <\/span><br \/>\n<span style=\"color: #000000;\">&#8211; Los complementos alimenticios no deben utilizarse como sustitutos de una dieta variada y equilibrada y un modo de vida sano. <\/span><br \/>\n<span style=\"color: #000000;\">&#8211; No superar la dosis diaria expresamente recomendada. <\/span><br \/>\n<span style=\"color: #000000;\">&#8211; Mantener fuera del alcance de los ni\u00f1os m\u00e1s peque\u00f1os. <\/span><br \/>\n<span style=\"color: #000000;\">&#8211; Consulte a su m\u00e9dico en caso de toma simult\u00e1nea de anticoagulantes.<\/span><\/p>\n","protected":false},"excerpt":{"rendered":"<p><strong><span style=\"color: #000000;\">INDICACIONES:<\/span><\/strong><br \/>\n<span style=\"color: #000000;\">Es un complemento nutricional a base de vitaminas, minerales y antioxidantes que ayuda a los pacientes que est\u00e1n siendo tratados con insulina e hipoglucemiantes orales.<\/span><\/p>\n<p><span style=\"color: #000000;\">Diamel es un suplemento diet\u00e9tico a base de ingredientes naturales capaces de aumentar la sensibilidad perif\u00e9rica a la acci\u00f3n de la insulina, lo que entrega la \u00fanica forma<\/span><br \/>\n<span style=\"color: #000000;\">fisiol\u00f3gica de intervenir en el metabolismo X.<\/span><\/p>\n<p><span style=\"color: #000000;\">Diamel interv<\/span>iene en los principales procesos metab\u00f3licos, controla eficazmente los valores de la glucemia y retrasa el desarrollo de complicaciones vasculares.<\/p>\n","protected":false},"featured_media":3859,"comment_status":"closed","ping_status":"closed","template":"","meta":{"_kad_post_transparent":"","_kad_post_title":"","_kad_post_layout":"","_kad_post_sidebar_id":"","_kad_post_content_style":"","_kad_post_vertical_padding":"","_kad_post_feature":"","_kad_post_feature_position":"","_kad_post_header":false,"_kad_post_footer":false},"product_brand":[],"product_cat":[1960,1961,1962],"product_tag":[1963,1317,1964,1475,1274,200],"class_list":{"0":"post-3829","1":"product","2":"type-product","3":"status-publish","4":"has-post-thumbnail","6":"product_cat-glucemia","7":"product_cat-insulina","8":"product_cat-laboratorios-catalysis","9":"product_tag-antioxidantes","10":"product_tag-glucemia","11":"product_tag-hipoglucemiantes","12":"product_tag-insulina","13":"product_tag-minerales","14":"product_tag-vitaminas","16":"first","17":"instock","18":"shipping-taxable","19":"purchasable","20":"product-type-simple","21":"entry","22":"content-bg","23":"loop-entry"},"_links":{"self":[{"href":"https:\/\/vitaminaselsalvador.net\/index.php\/wp-json\/wp\/v2\/product\/3829","targetHints":{"allow":["GET"]}}],"collection":[{"href":"https:\/\/vitaminaselsalvador.net\/index.php\/wp-json\/wp\/v2\/product"}],"about":[{"href":"https:\/\/vitaminaselsalvador.net\/index.php\/wp-json\/wp\/v2\/types\/product"}],"replies":[{"embeddable":true,"href":"https:\/\/vitaminaselsalvador.net\/index.php\/wp-json\/wp\/v2\/comments?post=3829"}],"wp:featuredmedia":[{"embeddable":true,"href":"https:\/\/vitaminaselsalvador.net\/index.php\/wp-json\/wp\/v2\/media\/3859"}],"wp:attachment":[{"href":"https:\/\/vitaminaselsalvador.net\/index.php\/wp-json\/wp\/v2\/media?parent=3829"}],"wp:term":[{"taxonomy":"product_brand","embeddable":true,"href":"https:\/\/vitaminaselsalvador.net\/index.php\/wp-json\/wp\/v2\/product_brand?post=3829"},{"taxonomy":"product_cat","embeddable":true,"href":"https:\/\/vitaminaselsalvador.net\/index.php\/wp-json\/wp\/v2\/product_cat?post=3829"},{"taxonomy":"product_tag","embeddable":true,"href":"https:\/\/vitaminaselsalvador.net\/index.php\/wp-json\/wp\/v2\/product_tag?post=3829"}],"curies":[{"name":"wp","href":"https:\/\/api.w.org\/{rel}","templated":true}]}}