{"id":3828,"date":"2022-11-02T21:19:26","date_gmt":"2022-11-03T03:19:26","guid":{"rendered":"https:\/\/vitaminaselsalvador.net\/?post_type=product&#038;p=3828"},"modified":"2025-07-08T10:59:39","modified_gmt":"2025-07-08T16:59:39","slug":"pasinerva-30-capsulas","status":"publish","type":"product","link":"https:\/\/vitaminaselsalvador.net\/index.php\/product\/pasinerva-30-capsulas\/","title":{"rendered":"PASINERVA 30 C\u00e1psulas"},"content":{"rendered":"<p><strong><span style=\"color: #000000;\">D\u00d3SIS:<\/span><\/strong><br \/>\n<span style=\"color: #000000;\">V\u00eda de administraci\u00f3n: Oral<\/span><br \/>\n<span style=\"color: #000000;\">Tratamiento de insomnio: 2 c\u00e1psulas 1 hora antes de acostarse.<\/span><br \/>\n<span style=\"color: #000000;\">Tratamiento de tensi\u00f3n nerviosa, ansiedad y patolog\u00edas asociadas a \u00e9sta:1 c\u00e1psula 3 veces al d\u00eda.<\/span><\/p>\n<p><span style=\"color: #000000;\">L\u00fapulo &#8212;&#8212;&#8212;&#8212;&#8212;&#8212;&#8211; 50.00MG<\/span><br \/>\n<span style=\"color: #000000;\">Valeriana &#8212;&#8212;&#8212;&#8212;&#8212;&#8211;100.00MG<\/span><br \/>\n<span style=\"color: #000000;\">Pasiflora &#8212;&#8212;&#8212;&#8212;&#8212;&#8211; 90.00MG<\/span><br \/>\n<span style=\"color: #000000;\">Mentol &#8212;&#8212;&#8212;&#8212;&#8212;&#8212;&#8211; 50.00MG<\/span><br \/>\n<span style=\"color: #000000;\">Azahares de Naranja &#8211; 50MG<\/span><br \/>\n<span style=\"color: #000000;\">Tilo &#8212;&#8212;&#8212;&#8212;&#8212;&#8212;&#8212;&#8212; 20MG<\/span><br \/>\n<span style=\"color: #000000;\">L\u00fapulo &#8212;&#8212;&#8212;&#8212;&#8212;&#8212;&#8211; 50MG<\/span><br \/>\n<span style=\"color: #000000;\">Albahaca &#8212;&#8212;&#8212;&#8212;&#8212;- 50MG<\/span><br \/>\n<span style=\"color: #000000;\">Ruda &#8212;&#8212;&#8212;&#8212;&#8212;&#8212;&#8212; 10MG<\/span><br \/>\n<span style=\"color: #000000;\">Boldo &#8212;&#8212;&#8212;&#8212;&#8212;&#8212;&#8212; 40MG<\/span><br \/>\n<span style=\"color: #000000;\">Apio &#8212;&#8212;&#8212;&#8212;&#8212;&#8212;&#8212;&#8211; 100MG<\/span><\/p>\n","protected":false},"excerpt":{"rendered":"<p><strong><span style=\"color: #000000;\">INDICACIONES:<\/span><\/strong><br \/>\n<span style=\"color: #000000;\">Estados nerviosos de cualquier etiolog\u00eda:<\/span><br \/>\n<span style=\"color: #000000;\">Insomnio, estr\u00e9s, estado de ansiedad, irritabilidad, agotamiento nervioso y neuralgias. Tambi\u00e9n \u00fatil en el tratamiento de taquicardia de origen nervioso, dolores de cabeza tensionales y migra\u00f1a Por suacci\u00f3n antiespasm\u00f3dica alivia espasmos gastro-intestinales y dolor menstrual.<\/span><\/p>\n<p><span style=\"color: #000000;\">Ayuda a dormir<\/span><br \/>\n<span style=\"color: #000000;\">Sin efectos secundarios<\/span><br \/>\n<span style=\"color: #000000;\">M\u00e1s completo, con 10 compuestos naturales<\/span><\/p>\n<p><strong><span style=\"color: #000000;\">PRESENTACI\u00d3N:<\/span><\/strong><br \/>\n<span style=\"color: #000000;\">Caja con 30 c\u00e1psulas<\/span><br \/>\n<span style=\"color: #000000;\">Dispensador con 20 cajas de 5 c\u00e1psulas cada una<\/span><\/p>\n","protected":false},"featured_media":3858,"comment_status":"closed","ping_status":"closed","template":"","meta":{"_kad_post_transparent":"","_kad_post_title":"","_kad_post_layout":"","_kad_post_sidebar_id":"","_kad_post_content_style":"","_kad_post_vertical_padding":"","_kad_post_feature":"","_kad_post_feature_position":"","_kad_post_header":false,"_kad_post_footer":false},"product_brand":[],"product_cat":[1957,1873],"product_tag":[136,1958,148,152,257,365,1258,1959],"class_list":{"0":"post-3828","1":"product","2":"type-product","3":"status-publish","4":"has-post-thumbnail","6":"product_cat-insomnio","7":"product_cat-laboratorios-infasa","8":"product_tag-agotamiento-nervioso","9":"product_tag-estado-de-ansiedad","10":"product_tag-estres","11":"product_tag-insomnio","12":"product_tag-irritabilidad","13":"product_tag-migrana","14":"product_tag-neuralgia","15":"product_tag-taquicardia","17":"first","18":"instock","19":"shipping-taxable","20":"purchasable","21":"product-type-simple","22":"entry","23":"content-bg","24":"loop-entry"},"_links":{"self":[{"href":"https:\/\/vitaminaselsalvador.net\/index.php\/wp-json\/wp\/v2\/product\/3828","targetHints":{"allow":["GET"]}}],"collection":[{"href":"https:\/\/vitaminaselsalvador.net\/index.php\/wp-json\/wp\/v2\/product"}],"about":[{"href":"https:\/\/vitaminaselsalvador.net\/index.php\/wp-json\/wp\/v2\/types\/product"}],"replies":[{"embeddable":true,"href":"https:\/\/vitaminaselsalvador.net\/index.php\/wp-json\/wp\/v2\/comments?post=3828"}],"wp:featuredmedia":[{"embeddable":true,"href":"https:\/\/vitaminaselsalvador.net\/index.php\/wp-json\/wp\/v2\/media\/3858"}],"wp:attachment":[{"href":"https:\/\/vitaminaselsalvador.net\/index.php\/wp-json\/wp\/v2\/media?parent=3828"}],"wp:term":[{"taxonomy":"product_brand","embeddable":true,"href":"https:\/\/vitaminaselsalvador.net\/index.php\/wp-json\/wp\/v2\/product_brand?post=3828"},{"taxonomy":"product_cat","embeddable":true,"href":"https:\/\/vitaminaselsalvador.net\/index.php\/wp-json\/wp\/v2\/product_cat?post=3828"},{"taxonomy":"product_tag","embeddable":true,"href":"https:\/\/vitaminaselsalvador.net\/index.php\/wp-json\/wp\/v2\/product_tag?post=3828"}],"curies":[{"name":"wp","href":"https:\/\/api.w.org\/{rel}","templated":true}]}}