{"id":3827,"date":"2022-11-02T21:19:26","date_gmt":"2022-11-03T03:19:26","guid":{"rendered":"https:\/\/vitaminaselsalvador.net\/?post_type=product&#038;p=3827"},"modified":"2025-07-08T10:59:39","modified_gmt":"2025-07-08T16:59:39","slug":"urogesic-100-tabletas","status":"publish","type":"product","link":"https:\/\/vitaminaselsalvador.net\/index.php\/product\/urogesic-100-tabletas\/","title":{"rendered":"UROGESIC 100 Tabletas"},"content":{"rendered":"<p><strong><span style=\"color: #000000;\">CONTRA-INDICACIONES:<\/span><\/strong><br \/>\n<span style=\"color: #000000;\">Debido a que se han encontrado rastros de \u00e1cido nalid\u00edxico en la leche materna, este no debe ser administrado durante la lactancia. No se ha establecido la seguridad del empleo de urogesic durante el primer trimestre del embarazo; sin embargo, se hausado el f\u00e1rmaco durante los 2 \u00faltimos trimestres, sin producir da\u00f1os aparentes ni en la madre ni en el ni\u00f1o. No debe administrarse a pacientes con hipersensibilidad conocida al \u00e1cido nalid\u00edxico, ni a pacientes con antecedentes de crisis convulsivas. Por su contenido de fenazopiridina, est\u00e1 contraindicado en la insuficiencia hep\u00e1tica y renal.<\/span><\/p>\n<p><span style=\"color: #000000;\">Acido Nalidixico 500.00MG<\/span><\/p>\n","protected":false},"excerpt":{"rendered":"<p><strong><span style=\"color: #000000;\">INDICACIONES:<\/span><\/strong><br \/>\n<span style=\"color: #000000;\">Urogesic est\u00e1 indicado para el tratamiento de las infecciones urinarias y sus s\u00edntomas producidos por microorganismos gram negativos sensibles al \u00e1cido nalid\u00edxico, incluyendo klebsiella, enterobacter, e. Coli y la mayor parte de las cepas de proteus.<\/span><\/p>\n","protected":false},"featured_media":3857,"comment_status":"closed","ping_status":"closed","template":"","meta":{"_kad_post_transparent":"","_kad_post_title":"","_kad_post_layout":"","_kad_post_sidebar_id":"","_kad_post_content_style":"","_kad_post_vertical_padding":"","_kad_post_feature":"","_kad_post_feature_position":"","_kad_post_header":false,"_kad_post_footer":false},"product_brand":[],"product_cat":[1949,180,1950],"product_tag":[1951,1952,1953,1954,1955,1956],"class_list":{"0":"post-3827","1":"product","2":"type-product","3":"status-publish","4":"has-post-thumbnail","6":"product_cat-infecciones-urinarias","7":"product_cat-laboratorios-lopez","8":"product_cat-microorganismos","9":"product_tag-acido-nalidixico","10":"product_tag-cepa-de-proteus","11":"product_tag-enterobacter","12":"product_tag-infecciones-urinarias","13":"product_tag-klebsiella","14":"product_tag-microorganismos","16":"first","17":"instock","18":"shipping-taxable","19":"purchasable","20":"product-type-simple","21":"entry","22":"content-bg","23":"loop-entry"},"_links":{"self":[{"href":"https:\/\/vitaminaselsalvador.net\/index.php\/wp-json\/wp\/v2\/product\/3827","targetHints":{"allow":["GET"]}}],"collection":[{"href":"https:\/\/vitaminaselsalvador.net\/index.php\/wp-json\/wp\/v2\/product"}],"about":[{"href":"https:\/\/vitaminaselsalvador.net\/index.php\/wp-json\/wp\/v2\/types\/product"}],"replies":[{"embeddable":true,"href":"https:\/\/vitaminaselsalvador.net\/index.php\/wp-json\/wp\/v2\/comments?post=3827"}],"wp:featuredmedia":[{"embeddable":true,"href":"https:\/\/vitaminaselsalvador.net\/index.php\/wp-json\/wp\/v2\/media\/3857"}],"wp:attachment":[{"href":"https:\/\/vitaminaselsalvador.net\/index.php\/wp-json\/wp\/v2\/media?parent=3827"}],"wp:term":[{"taxonomy":"product_brand","embeddable":true,"href":"https:\/\/vitaminaselsalvador.net\/index.php\/wp-json\/wp\/v2\/product_brand?post=3827"},{"taxonomy":"product_cat","embeddable":true,"href":"https:\/\/vitaminaselsalvador.net\/index.php\/wp-json\/wp\/v2\/product_cat?post=3827"},{"taxonomy":"product_tag","embeddable":true,"href":"https:\/\/vitaminaselsalvador.net\/index.php\/wp-json\/wp\/v2\/product_tag?post=3827"}],"curies":[{"name":"wp","href":"https:\/\/api.w.org\/{rel}","templated":true}]}}