{"id":3825,"date":"2022-11-02T21:19:26","date_gmt":"2022-11-03T03:19:26","guid":{"rendered":"https:\/\/vitaminaselsalvador.net\/?post_type=product&#038;p=3825"},"modified":"2025-07-08T10:59:39","modified_gmt":"2025-07-08T16:59:39","slug":"serene-60-tabletas","status":"publish","type":"product","link":"https:\/\/vitaminaselsalvador.net\/index.php\/product\/serene-60-tabletas\/","title":{"rendered":"SERENE 60 Tabletas"},"content":{"rendered":"<p><span style=\"color: #000000;\">La vitamina H, m\u00e1s conocida como biotina, es parte del grupo de vitaminas del complejo B. Todas las vitaminas B ayudan al cuerpo a convertir los alimentos (carbohidratos) en combustible (glucosa), que se utiliza para producir energ\u00eda. Estas vitaminas B, a menudo llamadas vitaminas del complejo B, tambi\u00e9n ayudan al cuerpo a metabolizar las grasas y las prote\u00ednas. Como todas las vitaminas B, la biotina es soluble en agua, lo que significa que el cuerpo no la almacena. Las vitaminas del complejo B son necesarias para una piel, cabello, ojos e h\u00edgado saludables. Tambi\u00e9n ayudan a que el sistema nervioso funcione correctamente.<\/span><\/p>\n<p><span style=\"color: #000000;\">El zinc se encuentra en las c\u00e9lulas por todo el cuerpo. Es necesario para que el sistema de defensa del cuerpo (sistema inmunitario) funcione apropiadamente. Participa en la divisi\u00f3n y el crecimiento de las c\u00e9lulas, al igual que en la cicatrizaci\u00f3n de heridas y en el metabolismo de los carbohidratos.<\/span><\/p>\n<p><strong><span style=\"color: #000000;\">CONTRA-INDICACIONES:<\/span><\/strong><br \/>\n<span style=\"color: #000000;\">Hipersensibilidad al componente<\/span><\/p>\n","protected":false},"excerpt":{"rendered":"<p><strong><span style=\"color: #000000;\">INDICACIONES:<\/span><\/strong><br \/>\n<span style=\"color: #000000;\">Ayuda a relajar cuerpo y mente, y a gestionar el estr\u00e9s con un ejercicio de respiraci\u00f3n guiado.<\/span><\/p>\n<p><span style=\"color: #000000;\">La vitamina C, tambi\u00e9n conocida como vitamina antiescorb\u00fatica o \u00e1cido asc\u00f3rbico, es una vitamina hidrosoluble imprescindible para el desarrollo y crecimiento. Tambi\u00e9n ayuda a la reparaci\u00f3n de tejidos de cualquier parte del cuerpo, formando col\u00e1geno (el tejido cicatricial) en el caso de las heridas o subsanando el deterioro en huesos o dientes. La vitamina C tambi\u00e9n podr\u00eda ayudar a curar resfriados comunes.<\/span><\/p>\n","protected":false},"featured_media":3855,"comment_status":"closed","ping_status":"closed","template":"","meta":{"_kad_post_transparent":"","_kad_post_title":"","_kad_post_layout":"","_kad_post_sidebar_id":"","_kad_post_content_style":"","_kad_post_vertical_padding":"","_kad_post_feature":"","_kad_post_feature_position":"","_kad_post_header":false,"_kad_post_footer":false},"product_brand":[],"product_cat":[1940,1941,1942],"product_tag":[1943,1944,303,1014,1945,1335],"class_list":{"0":"post-3825","1":"product","2":"type-product","3":"status-publish","4":"has-post-thumbnail","6":"product_cat-vitamina-b","7":"product_cat-vitamina-c","8":"product_cat-vitamina-h","9":"product_tag-cuerpo","10":"product_tag-mente","11":"product_tag-vitamina-b","12":"product_tag-vitamina-c","13":"product_tag-vitamina-h","14":"product_tag-zinc","16":"first","17":"instock","18":"shipping-taxable","19":"purchasable","20":"product-type-simple","21":"entry","22":"content-bg","23":"loop-entry"},"_links":{"self":[{"href":"https:\/\/vitaminaselsalvador.net\/index.php\/wp-json\/wp\/v2\/product\/3825","targetHints":{"allow":["GET"]}}],"collection":[{"href":"https:\/\/vitaminaselsalvador.net\/index.php\/wp-json\/wp\/v2\/product"}],"about":[{"href":"https:\/\/vitaminaselsalvador.net\/index.php\/wp-json\/wp\/v2\/types\/product"}],"replies":[{"embeddable":true,"href":"https:\/\/vitaminaselsalvador.net\/index.php\/wp-json\/wp\/v2\/comments?post=3825"}],"wp:featuredmedia":[{"embeddable":true,"href":"https:\/\/vitaminaselsalvador.net\/index.php\/wp-json\/wp\/v2\/media\/3855"}],"wp:attachment":[{"href":"https:\/\/vitaminaselsalvador.net\/index.php\/wp-json\/wp\/v2\/media?parent=3825"}],"wp:term":[{"taxonomy":"product_brand","embeddable":true,"href":"https:\/\/vitaminaselsalvador.net\/index.php\/wp-json\/wp\/v2\/product_brand?post=3825"},{"taxonomy":"product_cat","embeddable":true,"href":"https:\/\/vitaminaselsalvador.net\/index.php\/wp-json\/wp\/v2\/product_cat?post=3825"},{"taxonomy":"product_tag","embeddable":true,"href":"https:\/\/vitaminaselsalvador.net\/index.php\/wp-json\/wp\/v2\/product_tag?post=3825"}],"curies":[{"name":"wp","href":"https:\/\/api.w.org\/{rel}","templated":true}]}}