{"id":3823,"date":"2022-11-02T21:19:25","date_gmt":"2022-11-03T03:19:25","guid":{"rendered":"https:\/\/vitaminaselsalvador.net\/?post_type=product&#038;p=3823"},"modified":"2025-07-08T10:59:39","modified_gmt":"2025-07-08T16:59:39","slug":"tegretol-200mg-100-comprimidos","status":"publish","type":"product","link":"https:\/\/vitaminaselsalvador.net\/index.php\/product\/tegretol-200mg-100-comprimidos\/","title":{"rendered":"TEGRETOL 200mg 100 Comprimidos"},"content":{"rendered":"<p><strong><span style=\"color: #000000;\">CONTRA-INDICACIONES:<\/span><\/strong><br \/>\n<span style=\"color: #000000;\">Hipersensibilidad conocida a la carbamazepina, a f\u00e1rmacos estructuralmente relacionados. Pacientes con bloqueo auriculoventricular, antecedentes de depresi\u00f3n de la m\u00e9dula \u00f3sea, antecedentes de porfirias hep\u00e1ticas. Tegretol est\u00e1 contraindicado en combinaci\u00f3n con inhibidores de la monoaminooxidasa (imao).<\/span><\/p>\n<p><span style=\"color: #000000;\">Carbamazepina 200.00MG<\/span><\/p>\n","protected":false},"excerpt":{"rendered":"<p><strong><span style=\"color: #000000;\">INDICACIONES:<\/span><\/strong><br \/>\n<span style=\"color: #000000;\">Anticonvulsivante que se usa para el tratamiento de convulsiones y el dolores neuropaticos como: neuralgia del trig\u00e9mino y neuropat\u00eda diab\u00e9tica. Tambi\u00e9n se le usa para el tratamiento del trastorno bipolar.<\/span><\/p>\n","protected":false},"featured_media":3853,"comment_status":"closed","ping_status":"closed","template":"","meta":{"_kad_post_transparent":"","_kad_post_title":"","_kad_post_layout":"","_kad_post_sidebar_id":"","_kad_post_content_style":"","_kad_post_vertical_padding":"","_kad_post_feature":"","_kad_post_feature_position":"","_kad_post_header":false,"_kad_post_footer":false},"product_brand":[],"product_cat":[1930,1931,1932],"product_tag":[1933,1934,1935,1936,1258,1937],"class_list":{"0":"post-3823","1":"product","2":"type-product","3":"status-publish","4":"has-post-thumbnail","6":"product_cat-anticonvulsionante","7":"product_cat-convulsiones","8":"product_cat-laboratorios-novartis","9":"product_tag-anticonvulsionante","10":"product_tag-carbamazepine","11":"product_tag-convulsiones","12":"product_tag-dolores-neuropaticos","13":"product_tag-neuralgia","14":"product_tag-trastorno-bipolar","16":"first","17":"instock","18":"shipping-taxable","19":"purchasable","20":"product-type-simple","21":"entry","22":"content-bg","23":"loop-entry"},"_links":{"self":[{"href":"https:\/\/vitaminaselsalvador.net\/index.php\/wp-json\/wp\/v2\/product\/3823","targetHints":{"allow":["GET"]}}],"collection":[{"href":"https:\/\/vitaminaselsalvador.net\/index.php\/wp-json\/wp\/v2\/product"}],"about":[{"href":"https:\/\/vitaminaselsalvador.net\/index.php\/wp-json\/wp\/v2\/types\/product"}],"replies":[{"embeddable":true,"href":"https:\/\/vitaminaselsalvador.net\/index.php\/wp-json\/wp\/v2\/comments?post=3823"}],"wp:featuredmedia":[{"embeddable":true,"href":"https:\/\/vitaminaselsalvador.net\/index.php\/wp-json\/wp\/v2\/media\/3853"}],"wp:attachment":[{"href":"https:\/\/vitaminaselsalvador.net\/index.php\/wp-json\/wp\/v2\/media?parent=3823"}],"wp:term":[{"taxonomy":"product_brand","embeddable":true,"href":"https:\/\/vitaminaselsalvador.net\/index.php\/wp-json\/wp\/v2\/product_brand?post=3823"},{"taxonomy":"product_cat","embeddable":true,"href":"https:\/\/vitaminaselsalvador.net\/index.php\/wp-json\/wp\/v2\/product_cat?post=3823"},{"taxonomy":"product_tag","embeddable":true,"href":"https:\/\/vitaminaselsalvador.net\/index.php\/wp-json\/wp\/v2\/product_tag?post=3823"}],"curies":[{"name":"wp","href":"https:\/\/api.w.org\/{rel}","templated":true}]}}