{"id":3822,"date":"2022-11-02T21:19:25","date_gmt":"2022-11-03T03:19:25","guid":{"rendered":"https:\/\/vitaminaselsalvador.net\/?post_type=product&#038;p=3822"},"modified":"2025-07-08T10:59:38","modified_gmt":"2025-07-08T16:59:38","slug":"dorcol-forte-200-comprimidos","status":"publish","type":"product","link":"https:\/\/vitaminaselsalvador.net\/index.php\/product\/dorcol-forte-200-comprimidos\/","title":{"rendered":"DORCOL FORTE 200 Comprimidos"},"content":{"rendered":"<p><strong><span style=\"color: #000000;\">CONTRA-INDICACIONES:<\/span><\/strong><br \/>\n<span style=\"color: #000000;\">Hipersensibilidad reconocida a cualquiera de los componentes. Embarazo. Lactancia. Ni\u00f1os menores de 12 a\u00f1os.<\/span><\/p>\n<p><span style=\"color: #000000;\">Lisina 125.00MG<\/span><br \/>\n<span style=\"color: #000000;\">Propinoxato 10.00MG<\/span><\/p>\n","protected":false},"excerpt":{"rendered":"<p><strong><span style=\"color: #000000;\">INDICACIONES:<\/span><\/strong><br \/>\n<span style=\"color: #000000;\">Est\u00e1 destinado al tratamiento del dolor leve a moderado asociado a dismenorrea primaria o estados espasm\u00f3dicos del intestino, en adultos y ni\u00f1os mayores de 12 a\u00f1os de edad.<\/span><\/p>\n","protected":false},"featured_media":3852,"comment_status":"closed","ping_status":"closed","template":"","meta":{"_kad_post_transparent":"","_kad_post_title":"","_kad_post_layout":"","_kad_post_sidebar_id":"","_kad_post_content_style":"","_kad_post_vertical_padding":"","_kad_post_feature":"","_kad_post_feature_position":"","_kad_post_header":false,"_kad_post_footer":false},"product_brand":[],"product_cat":[1925,1926],"product_tag":[1927,1215,1415,1416,1928,1929],"class_list":{"0":"post-3822","1":"product","2":"type-product","3":"status-publish","4":"has-post-thumbnail","6":"product_cat-dolor-leve","7":"product_cat-dolor-moderado","8":"product_tag-dismenorrea-primario","9":"product_tag-dolor","10":"product_tag-dolor-leve","11":"product_tag-dolor-moderado","12":"product_tag-estado-espasmodico","13":"product_tag-intestino","15":"first","16":"instock","17":"shipping-taxable","18":"purchasable","19":"product-type-simple","20":"entry","21":"content-bg","22":"loop-entry"},"_links":{"self":[{"href":"https:\/\/vitaminaselsalvador.net\/index.php\/wp-json\/wp\/v2\/product\/3822","targetHints":{"allow":["GET"]}}],"collection":[{"href":"https:\/\/vitaminaselsalvador.net\/index.php\/wp-json\/wp\/v2\/product"}],"about":[{"href":"https:\/\/vitaminaselsalvador.net\/index.php\/wp-json\/wp\/v2\/types\/product"}],"replies":[{"embeddable":true,"href":"https:\/\/vitaminaselsalvador.net\/index.php\/wp-json\/wp\/v2\/comments?post=3822"}],"wp:featuredmedia":[{"embeddable":true,"href":"https:\/\/vitaminaselsalvador.net\/index.php\/wp-json\/wp\/v2\/media\/3852"}],"wp:attachment":[{"href":"https:\/\/vitaminaselsalvador.net\/index.php\/wp-json\/wp\/v2\/media?parent=3822"}],"wp:term":[{"taxonomy":"product_brand","embeddable":true,"href":"https:\/\/vitaminaselsalvador.net\/index.php\/wp-json\/wp\/v2\/product_brand?post=3822"},{"taxonomy":"product_cat","embeddable":true,"href":"https:\/\/vitaminaselsalvador.net\/index.php\/wp-json\/wp\/v2\/product_cat?post=3822"},{"taxonomy":"product_tag","embeddable":true,"href":"https:\/\/vitaminaselsalvador.net\/index.php\/wp-json\/wp\/v2\/product_tag?post=3822"}],"curies":[{"name":"wp","href":"https:\/\/api.w.org\/{rel}","templated":true}]}}