{"id":3821,"date":"2022-11-02T21:19:25","date_gmt":"2022-11-03T03:19:25","guid":{"rendered":"https:\/\/vitaminaselsalvador.net\/?post_type=product&#038;p=3821"},"modified":"2025-07-08T10:59:37","modified_gmt":"2025-07-08T16:59:37","slug":"dorixina-125mg-200-comprimidos","status":"publish","type":"product","link":"https:\/\/vitaminaselsalvador.net\/index.php\/product\/dorixina-125mg-200-comprimidos\/","title":{"rendered":"DORIXINA 125mg 200 Comprimidos"},"content":{"rendered":"<p><strong><span style=\"color: #000000;\">CONTRA-INDICACIONES:<\/span><\/strong><br \/>\n<span style=\"color: #000000;\">Hipersensibilidad reconocida al Clonixinato de lisina o a la Ciclobenzaprina. \u00dalcera p\u00e9ptica activa o hemorragia gastroduodenal. Embarazo. Ni\u00f1os y adolescentes menores de 15 a\u00f1os. Antecedentes de broncoespasmo, p\u00f3lipos nasales, angioedema o urticariaocasionados por la administraci\u00f3n de \u00e1cido acetilsalic\u00edlico (aspirina) u otros antiinflamatorios no esteroides.<\/span><\/p>\n<p><span style=\"color: #000000;\">Clonixinato de Lisina 125.00MG<\/span><\/p>\n","protected":false},"excerpt":{"rendered":"<p><strong><span style=\"color: #000000;\">INDICACIONES:<\/span><\/strong><br \/>\n<span style=\"color: #000000;\">Tratamiento del dolor por cirug\u00edas, dolor por luxaciones, esguinces, fracturas, mialgias, lumbalgias, miositis, artrosis, poliartritis y neuritis; dismenorrea, mastalgia, anexitis, dolor posparto, uretritis, cistitis, prostatitis, dolor puerperal, estomatitis, dolor dental, dolor por hemorroides y fisuras.<\/span><\/p>\n","protected":false},"featured_media":3851,"comment_status":"closed","ping_status":"closed","template":"","meta":{"_kad_post_transparent":"","_kad_post_title":"","_kad_post_layout":"","_kad_post_sidebar_id":"","_kad_post_content_style":"","_kad_post_vertical_padding":"","_kad_post_feature":"","_kad_post_feature_position":"","_kad_post_header":false,"_kad_post_footer":false},"product_brand":[],"product_cat":[1918,1919,1920],"product_tag":[411,1921,1922,1521,1286,1061,1923,1924],"class_list":{"0":"post-3821","1":"product","2":"type-product","3":"status-publish","4":"has-post-thumbnail","6":"product_cat-dolor-cirugias","7":"product_cat-dolor-luxaciones","8":"product_cat-laboratorios-roemmers","9":"product_tag-artrosis","10":"product_tag-dolor-cirugias","11":"product_tag-dolor-luxaciones","12":"product_tag-esguinces","13":"product_tag-fracturas","14":"product_tag-lumbalgias","15":"product_tag-mialgias","16":"product_tag-miositis","18":"first","19":"instock","20":"shipping-taxable","21":"purchasable","22":"product-type-simple","23":"entry","24":"content-bg","25":"loop-entry"},"_links":{"self":[{"href":"https:\/\/vitaminaselsalvador.net\/index.php\/wp-json\/wp\/v2\/product\/3821","targetHints":{"allow":["GET"]}}],"collection":[{"href":"https:\/\/vitaminaselsalvador.net\/index.php\/wp-json\/wp\/v2\/product"}],"about":[{"href":"https:\/\/vitaminaselsalvador.net\/index.php\/wp-json\/wp\/v2\/types\/product"}],"replies":[{"embeddable":true,"href":"https:\/\/vitaminaselsalvador.net\/index.php\/wp-json\/wp\/v2\/comments?post=3821"}],"wp:featuredmedia":[{"embeddable":true,"href":"https:\/\/vitaminaselsalvador.net\/index.php\/wp-json\/wp\/v2\/media\/3851"}],"wp:attachment":[{"href":"https:\/\/vitaminaselsalvador.net\/index.php\/wp-json\/wp\/v2\/media?parent=3821"}],"wp:term":[{"taxonomy":"product_brand","embeddable":true,"href":"https:\/\/vitaminaselsalvador.net\/index.php\/wp-json\/wp\/v2\/product_brand?post=3821"},{"taxonomy":"product_cat","embeddable":true,"href":"https:\/\/vitaminaselsalvador.net\/index.php\/wp-json\/wp\/v2\/product_cat?post=3821"},{"taxonomy":"product_tag","embeddable":true,"href":"https:\/\/vitaminaselsalvador.net\/index.php\/wp-json\/wp\/v2\/product_tag?post=3821"}],"curies":[{"name":"wp","href":"https:\/\/api.w.org\/{rel}","templated":true}]}}