{"id":3820,"date":"2022-11-02T21:19:25","date_gmt":"2022-11-03T03:19:25","guid":{"rendered":"https:\/\/vitaminaselsalvador.net\/?post_type=product&#038;p=3820"},"modified":"2025-07-08T10:59:37","modified_gmt":"2025-07-08T16:59:37","slug":"folacin-5mg-70-comprimidos","status":"publish","type":"product","link":"https:\/\/vitaminaselsalvador.net\/index.php\/product\/folacin-5mg-70-comprimidos\/","title":{"rendered":"FOLACIN 5mg 70 Comprimidos"},"content":{"rendered":"<p><strong><span style=\"color: #000000;\">PRESENTACI\u00d3N:<\/span><\/strong><br \/>\n<span style=\"color: #000000;\">Caja con 70 comprimidos ranurados.<\/span><\/p>\n<p><span style=\"color: #000000;\"><strong>ADVERTENCIAS:<\/strong> <\/span><br \/>\n<span style=\"color: #000000;\">Evite la automedicaci\u00f3n y consulte a un Profesional de la Salud. Mantenga alejado del alcance de los ni\u00f1os. Guardar en un lugar fresco y seco. No lo use si el sello externo est\u00e1 roto o falta.<\/span><\/p>\n<p><span style=\"color: #000000;\">Acido Folico 5.00MG<\/span><\/p>\n","protected":false},"excerpt":{"rendered":"<p><strong><span style=\"color: #000000;\">COMPOSICI\u00d3N:<\/span><\/strong><br \/>\n<span style=\"color: #000000;\">Cada comprimido ranurado contiene 5 mg de \u00e1cido f\u00f3lico.<\/span><\/p>\n<p><strong><span style=\"color: #000000;\">INDICACIONES:<\/span><\/strong><br \/>\n<span style=\"color: #000000;\">En la deficiencia de \u00e1cido f\u00f3lico en embarazadas para prevenir defectos en el tubo neural y otros defectos cong\u00e9nitos.<\/span><br \/>\n<span style=\"color: #000000;\">Tratamiento del d\u00e9ficit de \u00e1cido f\u00f3lico en procesos como: anemia megalobl\u00e1stica, alcohol\u00edsmo, s\u00edndrome de mala absorci\u00f3n.<\/span><\/p>\n<p><strong><span style=\"color: #000000;\">D\u00d3SIS:<\/span><\/strong><br \/>\n<span style=\"color: #000000;\">En la profil\u00e1xis de los defectos del tubo neural se recomienda de 5 a 10 mg al d\u00eda.<\/span><br \/>\n<span style=\"color: #000000;\">En anemia megalobl\u00e1stica una dosis inicial de 10 a 20 mg al d\u00eda, la dosis de mantenimiento entre 5 y 10 mg al d\u00eda.<\/span><\/p>\n","protected":false},"featured_media":3850,"comment_status":"closed","ping_status":"closed","template":"","meta":{"_kad_post_transparent":"","_kad_post_title":"","_kad_post_layout":"","_kad_post_sidebar_id":"","_kad_post_content_style":"","_kad_post_vertical_padding":"","_kad_post_feature":"","_kad_post_feature_position":"","_kad_post_header":false,"_kad_post_footer":false},"product_brand":[],"product_cat":[1911,1912,1913],"product_tag":[1649,801,1914,1915,1916,1917],"class_list":{"0":"post-3820","1":"product","2":"type-product","3":"status-publish","4":"has-post-thumbnail","6":"product_cat-acido-folico","7":"product_cat-embarazadas","8":"product_cat-laboratorios-medipan","9":"product_tag-acido-folico","10":"product_tag-alcoholismo","11":"product_tag-anemia-megaloblasticas","12":"product_tag-defectos-congenitos","13":"product_tag-embarazadas","14":"product_tag-tubo-neural","16":"first","17":"instock","18":"shipping-taxable","19":"purchasable","20":"product-type-simple","21":"entry","22":"content-bg","23":"loop-entry"},"_links":{"self":[{"href":"https:\/\/vitaminaselsalvador.net\/index.php\/wp-json\/wp\/v2\/product\/3820","targetHints":{"allow":["GET"]}}],"collection":[{"href":"https:\/\/vitaminaselsalvador.net\/index.php\/wp-json\/wp\/v2\/product"}],"about":[{"href":"https:\/\/vitaminaselsalvador.net\/index.php\/wp-json\/wp\/v2\/types\/product"}],"replies":[{"embeddable":true,"href":"https:\/\/vitaminaselsalvador.net\/index.php\/wp-json\/wp\/v2\/comments?post=3820"}],"wp:featuredmedia":[{"embeddable":true,"href":"https:\/\/vitaminaselsalvador.net\/index.php\/wp-json\/wp\/v2\/media\/3850"}],"wp:attachment":[{"href":"https:\/\/vitaminaselsalvador.net\/index.php\/wp-json\/wp\/v2\/media?parent=3820"}],"wp:term":[{"taxonomy":"product_brand","embeddable":true,"href":"https:\/\/vitaminaselsalvador.net\/index.php\/wp-json\/wp\/v2\/product_brand?post=3820"},{"taxonomy":"product_cat","embeddable":true,"href":"https:\/\/vitaminaselsalvador.net\/index.php\/wp-json\/wp\/v2\/product_cat?post=3820"},{"taxonomy":"product_tag","embeddable":true,"href":"https:\/\/vitaminaselsalvador.net\/index.php\/wp-json\/wp\/v2\/product_tag?post=3820"}],"curies":[{"name":"wp","href":"https:\/\/api.w.org\/{rel}","templated":true}]}}