{"id":3819,"date":"2022-11-02T21:19:25","date_gmt":"2022-11-03T03:19:25","guid":{"rendered":"https:\/\/vitaminaselsalvador.net\/?post_type=product&#038;p=3819"},"modified":"2025-07-08T10:59:37","modified_gmt":"2025-07-08T16:59:37","slug":"espasmofin-nf-100-tabletas","status":"publish","type":"product","link":"https:\/\/vitaminaselsalvador.net\/index.php\/product\/espasmofin-nf-100-tabletas\/","title":{"rendered":"ESPASMOFIN NF 100 Tabletas"},"content":{"rendered":"<p><strong><span style=\"color: #000000;\">CONTRA-INDICACIONES:<\/span><\/strong><br \/>\n<span style=\"color: #000000;\">Hipersensibilidad a cualquiera de sus componentes. Personas con glaucoma de \u00e1ngulo estrecho sin tratamiento, miastenia gravis, retenci\u00f3n urinaria, obstrucci\u00f3n intestinal. Si los sintomas no mejoran o persisten despues de 24 horas consulte al m\u00e9dico.<\/span><\/p>\n<p><span style=\"color: #000000;\">Bromuro de N-Butil Hioscina 10.00MG<\/span><\/p>\n","protected":false},"excerpt":{"rendered":"<p><strong><span style=\"color: #000000;\">INDICACIONES:<\/span><\/strong><br \/>\n<span style=\"color: #000000;\">Indicado para colon irritable, espasmos intestinales, c\u00f3licos de las v\u00edas biliares, espasmos de las v\u00edas urinarias, c\u00f3licos menstruales.<\/span><\/p>\n","protected":false},"featured_media":3849,"comment_status":"closed","ping_status":"closed","template":"","meta":{"_kad_post_transparent":"","_kad_post_title":"","_kad_post_layout":"","_kad_post_sidebar_id":"","_kad_post_content_style":"","_kad_post_vertical_padding":"","_kad_post_feature":"","_kad_post_feature_position":"","_kad_post_header":false,"_kad_post_footer":false},"product_brand":[],"product_cat":[1904,180],"product_tag":[1905,1906,1907,1908,1909,1910],"class_list":{"0":"post-3819","1":"product","2":"type-product","3":"status-publish","4":"has-post-thumbnail","6":"product_cat-colon","7":"product_cat-laboratorios-lopez","8":"product_tag-colicos-de-vias-biliares","9":"product_tag-colicos-menstruales","10":"product_tag-colon-irritable","11":"product_tag-espasmos-de-vias-urinarias","12":"product_tag-espasmos-intestinales","13":"product_tag-vias-urinarias","15":"first","16":"instock","17":"shipping-taxable","18":"purchasable","19":"product-type-simple","20":"entry","21":"content-bg","22":"loop-entry"},"_links":{"self":[{"href":"https:\/\/vitaminaselsalvador.net\/index.php\/wp-json\/wp\/v2\/product\/3819","targetHints":{"allow":["GET"]}}],"collection":[{"href":"https:\/\/vitaminaselsalvador.net\/index.php\/wp-json\/wp\/v2\/product"}],"about":[{"href":"https:\/\/vitaminaselsalvador.net\/index.php\/wp-json\/wp\/v2\/types\/product"}],"replies":[{"embeddable":true,"href":"https:\/\/vitaminaselsalvador.net\/index.php\/wp-json\/wp\/v2\/comments?post=3819"}],"wp:featuredmedia":[{"embeddable":true,"href":"https:\/\/vitaminaselsalvador.net\/index.php\/wp-json\/wp\/v2\/media\/3849"}],"wp:attachment":[{"href":"https:\/\/vitaminaselsalvador.net\/index.php\/wp-json\/wp\/v2\/media?parent=3819"}],"wp:term":[{"taxonomy":"product_brand","embeddable":true,"href":"https:\/\/vitaminaselsalvador.net\/index.php\/wp-json\/wp\/v2\/product_brand?post=3819"},{"taxonomy":"product_cat","embeddable":true,"href":"https:\/\/vitaminaselsalvador.net\/index.php\/wp-json\/wp\/v2\/product_cat?post=3819"},{"taxonomy":"product_tag","embeddable":true,"href":"https:\/\/vitaminaselsalvador.net\/index.php\/wp-json\/wp\/v2\/product_tag?post=3819"}],"curies":[{"name":"wp","href":"https:\/\/api.w.org\/{rel}","templated":true}]}}