{"id":3793,"date":"2022-11-02T21:19:02","date_gmt":"2022-11-03T03:19:02","guid":{"rendered":"https:\/\/vitaminaselsalvador.net\/?post_type=product&#038;p=3793"},"modified":"2025-07-08T10:59:37","modified_gmt":"2025-07-08T16:59:37","slug":"vitamina-e-ford-400ui-100-capsulas","status":"publish","type":"product","link":"https:\/\/vitaminaselsalvador.net\/index.php\/product\/vitamina-e-ford-400ui-100-capsulas\/","title":{"rendered":"VITAMINA E FORD 400UI 100 C\u00e1psulas"},"content":{"rendered":"<p><strong><span style=\"color: #000000;\">CONTRA-INDICACIONES:<\/span><\/strong><br \/>\n<span style=\"color: #000000;\">Hipersensibilidad<\/span><\/p>\n<p><span style=\"color: #000000;\">El organismo tambi\u00e9n necesita la vitamina E para estimular el sistema inmunitario a fin de que \u00e9ste pueda combatir las bacterias y los virus que lo invaden. Ayuda a dilatar los vasos sangu\u00edneos y evitar la formaci\u00f3n de co\u00e1gulos de sangre en su interior. Adem\u00e1s, las c\u00e9lulas emplean la vitamina E para interactuar entre s\u00ed y para cumplir numerosas funciones importantes.<\/span><\/p>\n<p><span style=\"color: #000000;\">Vitamina E 400.00MG<\/span><\/p>\n","protected":false},"excerpt":{"rendered":"<p><strong><span style=\"color: #000000;\">INDICACIONES:<\/span><\/strong><br \/>\n<span style=\"color: #000000;\">Vitamina adulto<\/span><\/p>\n<p><span style=\"color: #000000;\">La vitamina E es un nutriente liposoluble presente en muchos alimentos. En el cuerpo, act\u00faa como antioxidante, al ayudar a proteger las c\u00e9lulas contra los da\u00f1os causados por los radicales libres. Los radicales libres son compuestos que se forman cuando el cuerpo convierte los alimentos que consumimos en energ\u00eda. Las personas tambi\u00e9n est\u00e1n expuestas a los radicales libres presentes en el ambiente por el humo del cigarrillo, la contaminaci\u00f3n del aire y la radiaci\u00f3n solar ultravioleta.<\/span><\/p>\n","protected":false},"featured_media":3846,"comment_status":"closed","ping_status":"closed","template":"","meta":{"_kad_post_transparent":"","_kad_post_title":"","_kad_post_layout":"","_kad_post_sidebar_id":"","_kad_post_content_style":"","_kad_post_vertical_padding":"","_kad_post_feature":"","_kad_post_feature_position":"","_kad_post_header":false,"_kad_post_footer":false},"product_brand":[],"product_cat":[1160],"product_tag":[290,1892,1893,1894,1447,1895,442],"class_list":{"0":"post-3793","1":"product","2":"type-product","3":"status-publish","4":"has-post-thumbnail","6":"product_cat-sin-categorizar","7":"product_tag-antioxidante","8":"product_tag-bacterias","9":"product_tag-coagulos-de-sangre","10":"product_tag-sistema-inmunitario","11":"product_tag-vasos-sanguineos","12":"product_tag-virus","13":"product_tag-vitamina-e","15":"first","16":"instock","17":"shipping-taxable","18":"purchasable","19":"product-type-simple","20":"entry","21":"content-bg","22":"loop-entry"},"_links":{"self":[{"href":"https:\/\/vitaminaselsalvador.net\/index.php\/wp-json\/wp\/v2\/product\/3793","targetHints":{"allow":["GET"]}}],"collection":[{"href":"https:\/\/vitaminaselsalvador.net\/index.php\/wp-json\/wp\/v2\/product"}],"about":[{"href":"https:\/\/vitaminaselsalvador.net\/index.php\/wp-json\/wp\/v2\/types\/product"}],"replies":[{"embeddable":true,"href":"https:\/\/vitaminaselsalvador.net\/index.php\/wp-json\/wp\/v2\/comments?post=3793"}],"wp:featuredmedia":[{"embeddable":true,"href":"https:\/\/vitaminaselsalvador.net\/index.php\/wp-json\/wp\/v2\/media\/3846"}],"wp:attachment":[{"href":"https:\/\/vitaminaselsalvador.net\/index.php\/wp-json\/wp\/v2\/media?parent=3793"}],"wp:term":[{"taxonomy":"product_brand","embeddable":true,"href":"https:\/\/vitaminaselsalvador.net\/index.php\/wp-json\/wp\/v2\/product_brand?post=3793"},{"taxonomy":"product_cat","embeddable":true,"href":"https:\/\/vitaminaselsalvador.net\/index.php\/wp-json\/wp\/v2\/product_cat?post=3793"},{"taxonomy":"product_tag","embeddable":true,"href":"https:\/\/vitaminaselsalvador.net\/index.php\/wp-json\/wp\/v2\/product_tag?post=3793"}],"curies":[{"name":"wp","href":"https:\/\/api.w.org\/{rel}","templated":true}]}}