{"id":3792,"date":"2022-11-02T21:19:01","date_gmt":"2022-11-03T03:19:01","guid":{"rendered":"https:\/\/vitaminaselsalvador.net\/?post_type=product&#038;p=3792"},"modified":"2025-07-08T10:59:37","modified_gmt":"2025-07-08T16:59:37","slug":"bresis-500mg-30-comprimidos","status":"publish","type":"product","link":"https:\/\/vitaminaselsalvador.net\/index.php\/product\/bresis-500mg-30-comprimidos\/","title":{"rendered":"BRESIS 500MG 30 Comprimidos"},"content":{"rendered":"<p><span style=\"color: #000000;\">La Diosmina ha sido quiz\u00e1s el principio activo m\u00e1s recomendado en el alivio y tratamiento de problemas relacionados con insuficiencia venosa en adultos.<\/span><br \/>\n<span style=\"color: #000000;\">Su m\u00e1s que probada seguridad, eficacia y su uso durante d\u00e9cadas lo avalan como tratamiento eficaz en alteraciones del tipo: S\u00edndrome varicoso, insuficiencia venosa, pesadez, edemas est\u00e1ticos de piernas, enfermedad hemorroidal y otras patolog\u00edas asociadas a riesgos vasculares por hipertensi\u00f3n, diabetes, accidentes vasculares oftalmol\u00f3gicos, etc.<\/span><\/p>\n<p><strong><span style=\"color: #000000;\">CONTRA-INDICACIONES:<\/span><\/strong><br \/>\n<span style=\"color: #000000;\">Hipersensibilidad a los componentes de la f\u00f3rmula<\/span><\/p>\n","protected":false},"excerpt":{"rendered":"<p><strong><span style=\"color: #000000;\">INDICACIONES:<\/span><\/strong><br \/>\n<span style=\"color: #000000;\">Insuficiencia venosa cr\u00f3nica, tratamiento de hemorroides internas.<\/span><\/p>\n<p><span style=\"color: #000000;\">Diosmina 450.00MG<\/span><br \/>\n<span style=\"color: #000000;\">Hesperidina 50.00MG<\/span><\/p>\n","protected":false},"featured_media":3845,"comment_status":"closed","ping_status":"closed","template":"","meta":{"_kad_post_transparent":"","_kad_post_title":"","_kad_post_layout":"","_kad_post_sidebar_id":"","_kad_post_content_style":"","_kad_post_vertical_padding":"","_kad_post_feature":"","_kad_post_feature_position":"","_kad_post_header":false,"_kad_post_footer":false},"product_brand":[],"product_cat":[1886,1887,1888],"product_tag":[1194,1889,337,1890,1891,1702],"class_list":{"0":"post-3792","1":"product","2":"type-product","3":"status-publish","4":"has-post-thumbnail","6":"product_cat-hemorroides","7":"product_cat-insuficiencia-venosa","8":"product_cat-laboratorios-panalab","9":"product_tag-alivio","10":"product_tag-edemas-estaticos-de-piernas","11":"product_tag-hemorroides","12":"product_tag-insuficiencia-venosa","13":"product_tag-sindrome-varicoso","14":"product_tag-vascular","16":"first","17":"instock","18":"shipping-taxable","19":"purchasable","20":"product-type-simple","21":"entry","22":"content-bg","23":"loop-entry"},"_links":{"self":[{"href":"https:\/\/vitaminaselsalvador.net\/index.php\/wp-json\/wp\/v2\/product\/3792","targetHints":{"allow":["GET"]}}],"collection":[{"href":"https:\/\/vitaminaselsalvador.net\/index.php\/wp-json\/wp\/v2\/product"}],"about":[{"href":"https:\/\/vitaminaselsalvador.net\/index.php\/wp-json\/wp\/v2\/types\/product"}],"replies":[{"embeddable":true,"href":"https:\/\/vitaminaselsalvador.net\/index.php\/wp-json\/wp\/v2\/comments?post=3792"}],"wp:featuredmedia":[{"embeddable":true,"href":"https:\/\/vitaminaselsalvador.net\/index.php\/wp-json\/wp\/v2\/media\/3845"}],"wp:attachment":[{"href":"https:\/\/vitaminaselsalvador.net\/index.php\/wp-json\/wp\/v2\/media?parent=3792"}],"wp:term":[{"taxonomy":"product_brand","embeddable":true,"href":"https:\/\/vitaminaselsalvador.net\/index.php\/wp-json\/wp\/v2\/product_brand?post=3792"},{"taxonomy":"product_cat","embeddable":true,"href":"https:\/\/vitaminaselsalvador.net\/index.php\/wp-json\/wp\/v2\/product_cat?post=3792"},{"taxonomy":"product_tag","embeddable":true,"href":"https:\/\/vitaminaselsalvador.net\/index.php\/wp-json\/wp\/v2\/product_tag?post=3792"}],"curies":[{"name":"wp","href":"https:\/\/api.w.org\/{rel}","templated":true}]}}