{"id":3789,"date":"2022-11-02T21:19:00","date_gmt":"2022-11-03T03:19:00","guid":{"rendered":"https:\/\/vitaminaselsalvador.net\/?post_type=product&#038;p=3789"},"modified":"2025-07-08T10:59:37","modified_gmt":"2025-07-08T16:59:37","slug":"digestomen-complex-100-comprimidos","status":"publish","type":"product","link":"https:\/\/vitaminaselsalvador.net\/index.php\/product\/digestomen-complex-100-comprimidos\/","title":{"rendered":"DIGESTOMEN COMPLEX 100 Comprimidos"},"content":{"rendered":"<p><strong><span style=\"color: #000000;\">CONTRA-INDICACIONES:<\/span><\/strong><br \/>\n<span style=\"color: #000000;\">No utilice digestomen\u00ae complex si usted es al\u00e9rgico a los productos de tipo enzim\u00e1tico o a las prote\u00ednas del cerdo; sufre pancreatitis aguda; tiene \u00falcera g\u00e1strica o duodenal; o si usted tiene o ha tenido previamente alguna reacci\u00f3n al\u00e9rgica al calcio, kiwi, pi\u00f1a, papaya, l\u00e1tex de caucho natural, picaduras de abejas, polen de abedul o cipr\u00e9s, polen de grama, zanahoria, apio, hinojo, harina de trigo o harina de centeno.<\/span><\/p>\n<p><span style=\"color: #000000;\">Bromelina &#8212;&#8211; 50.00MG<\/span><br \/>\n<span style=\"color: #000000;\">Pancreatina &#8212; 50.00MG<\/span><br \/>\n<span style=\"color: #000000;\">Lipasa &#8212;&#8212;&#8212; 15.00MG<\/span><br \/>\n<span style=\"color: #000000;\">Pepsina &#8212;&#8212;- 100.00MG<\/span><br \/>\n<span style=\"color: #000000;\">Papaina &#8212;&#8212;- 50.00MG<\/span><\/p>\n","protected":false},"excerpt":{"rendered":"<p><strong><span style=\"color: #000000;\">INDICACIONES:<\/span><\/strong><br \/>\n<span style=\"color: #000000;\">Digestomen\u00ae complex es un preparado constituido por enzimas digestivas, que act\u00faa sobre los alimentos facilitando su digesti\u00f3n. Se utiliza para el alivio sintom\u00e1tico de las alteraciones digestivas debidas a deficiencia o desequilibrio de enzimas, pesadez de est\u00f3mago despu\u00e9s de las comidas y digestiones lentas.<\/span><\/p>\n","protected":false},"featured_media":3842,"comment_status":"closed","ping_status":"closed","template":"","meta":{"_kad_post_transparent":"","_kad_post_title":"","_kad_post_layout":"","_kad_post_sidebar_id":"","_kad_post_content_style":"","_kad_post_vertical_padding":"","_kad_post_feature":"","_kad_post_feature_position":"","_kad_post_header":false,"_kad_post_footer":false},"product_brand":[],"product_cat":[1868,1869],"product_tag":[1372,1194,1870,1871,1754,1872],"class_list":{"0":"post-3789","1":"product","2":"type-product","3":"status-publish","4":"has-post-thumbnail","6":"product_cat-enzimas","7":"product_cat-laboratorios-menarini","8":"product_tag-alimentos","9":"product_tag-alivio","10":"product_tag-alteraciones-digestivas","11":"product_tag-digestion","12":"product_tag-enzimas","13":"product_tag-pesadez","15":"first","16":"instock","17":"shipping-taxable","18":"purchasable","19":"product-type-simple","20":"entry","21":"content-bg","22":"loop-entry"},"_links":{"self":[{"href":"https:\/\/vitaminaselsalvador.net\/index.php\/wp-json\/wp\/v2\/product\/3789","targetHints":{"allow":["GET"]}}],"collection":[{"href":"https:\/\/vitaminaselsalvador.net\/index.php\/wp-json\/wp\/v2\/product"}],"about":[{"href":"https:\/\/vitaminaselsalvador.net\/index.php\/wp-json\/wp\/v2\/types\/product"}],"replies":[{"embeddable":true,"href":"https:\/\/vitaminaselsalvador.net\/index.php\/wp-json\/wp\/v2\/comments?post=3789"}],"wp:featuredmedia":[{"embeddable":true,"href":"https:\/\/vitaminaselsalvador.net\/index.php\/wp-json\/wp\/v2\/media\/3842"}],"wp:attachment":[{"href":"https:\/\/vitaminaselsalvador.net\/index.php\/wp-json\/wp\/v2\/media?parent=3789"}],"wp:term":[{"taxonomy":"product_brand","embeddable":true,"href":"https:\/\/vitaminaselsalvador.net\/index.php\/wp-json\/wp\/v2\/product_brand?post=3789"},{"taxonomy":"product_cat","embeddable":true,"href":"https:\/\/vitaminaselsalvador.net\/index.php\/wp-json\/wp\/v2\/product_cat?post=3789"},{"taxonomy":"product_tag","embeddable":true,"href":"https:\/\/vitaminaselsalvador.net\/index.php\/wp-json\/wp\/v2\/product_tag?post=3789"}],"curies":[{"name":"wp","href":"https:\/\/api.w.org\/{rel}","templated":true}]}}