{"id":3785,"date":"2022-11-02T21:19:00","date_gmt":"2022-11-03T03:19:00","guid":{"rendered":"https:\/\/vitaminaselsalvador.net\/?post_type=product&#038;p=3785"},"modified":"2025-07-08T10:59:35","modified_gmt":"2025-07-08T16:59:35","slug":"energysil-forte-48-tabletas","status":"publish","type":"product","link":"https:\/\/vitaminaselsalvador.net\/index.php\/product\/energysil-forte-48-tabletas\/","title":{"rendered":"ENERGYSIL FORTE 48 Tabletas"},"content":{"rendered":"<p>Activa la energ\u00eda del organismo<br \/>\nCon Ginseng, Zinc, Avena y \u00c1cido glut\u00e1mico<br \/>\nMejora el sistema circulatorio y nervioso<\/p>\n<p>Melisa &#8212;&#8212;&#8212;&#8212;&#8212;&#8212;&#8211; 2.00MG<br \/>\nExtracto de Ginseng &#8211; 200.00MG<br \/>\nExtracto de Romero &#8211; 100.00MG<br \/>\nAvena &#8212;&#8212;&#8212;&#8212;&#8212;&#8212;&#8211; 100.00MG<br \/>\nZinc &#8212;&#8212;&#8212;&#8212;&#8212;&#8212;&#8212;&#8212; 2.30MG<br \/>\nAcido glutamico &#8212;&#8212;&#8211; 300.00MG<\/p>\n","protected":false},"excerpt":{"rendered":"<p><strong><span style=\"color: #000000;\">INDICADO:<\/span><\/strong><br \/>\n<span style=\"color: #000000;\">Tratamiento del cansancio f\u00edsico y mental. Proporciona energ\u00eda a los deportistas y ayuda al crecimiento en los ni\u00f1os. La arginina es un amino\u00e1cido esencial que contribuye a estimular la funci\u00f3n inmunol\u00f3gica ya que aumenta el n\u00famero de leucocitos, proporcionando energ\u00eda. Excelente para la desintoxicaci\u00f3n alcoh\u00f3lica.<\/span><\/p>\n","protected":false},"featured_media":3815,"comment_status":"closed","ping_status":"closed","template":"","meta":{"_kad_post_transparent":"","_kad_post_title":"","_kad_post_layout":"","_kad_post_sidebar_id":"","_kad_post_content_style":"","_kad_post_vertical_padding":"","_kad_post_feature":"","_kad_post_feature_position":"","_kad_post_header":false,"_kad_post_footer":false},"product_brand":[],"product_cat":[424,1160],"product_tag":[1712,142,1766,781,1852,1644,1268],"class_list":{"0":"post-3785","1":"product","2":"type-product","3":"status-publish","4":"has-post-thumbnail","6":"product_cat-laboratorios-suizos","7":"product_cat-sin-categorizar","8":"product_tag-aminoacido","9":"product_tag-cansancio-fisico","10":"product_tag-cansancio-mental","11":"product_tag-crecimiento","12":"product_tag-deportistas","13":"product_tag-energia","14":"product_tag-ninos","16":"first","17":"instock","18":"shipping-taxable","19":"purchasable","20":"product-type-simple","21":"entry","22":"content-bg","23":"loop-entry"},"_links":{"self":[{"href":"https:\/\/vitaminaselsalvador.net\/index.php\/wp-json\/wp\/v2\/product\/3785","targetHints":{"allow":["GET"]}}],"collection":[{"href":"https:\/\/vitaminaselsalvador.net\/index.php\/wp-json\/wp\/v2\/product"}],"about":[{"href":"https:\/\/vitaminaselsalvador.net\/index.php\/wp-json\/wp\/v2\/types\/product"}],"replies":[{"embeddable":true,"href":"https:\/\/vitaminaselsalvador.net\/index.php\/wp-json\/wp\/v2\/comments?post=3785"}],"wp:featuredmedia":[{"embeddable":true,"href":"https:\/\/vitaminaselsalvador.net\/index.php\/wp-json\/wp\/v2\/media\/3815"}],"wp:attachment":[{"href":"https:\/\/vitaminaselsalvador.net\/index.php\/wp-json\/wp\/v2\/media?parent=3785"}],"wp:term":[{"taxonomy":"product_brand","embeddable":true,"href":"https:\/\/vitaminaselsalvador.net\/index.php\/wp-json\/wp\/v2\/product_brand?post=3785"},{"taxonomy":"product_cat","embeddable":true,"href":"https:\/\/vitaminaselsalvador.net\/index.php\/wp-json\/wp\/v2\/product_cat?post=3785"},{"taxonomy":"product_tag","embeddable":true,"href":"https:\/\/vitaminaselsalvador.net\/index.php\/wp-json\/wp\/v2\/product_tag?post=3785"}],"curies":[{"name":"wp","href":"https:\/\/api.w.org\/{rel}","templated":true}]}}