{"id":3779,"date":"2022-11-02T21:18:59","date_gmt":"2022-11-03T03:18:59","guid":{"rendered":"https:\/\/vitaminaselsalvador.net\/?post_type=product&#038;p=3779"},"modified":"2025-07-08T10:59:35","modified_gmt":"2025-07-08T16:59:35","slug":"alopurinol-normon-300mg-30-comprimidos","status":"publish","type":"product","link":"https:\/\/vitaminaselsalvador.net\/index.php\/product\/alopurinol-normon-300mg-30-comprimidos\/","title":{"rendered":"ALOPURINOL NORMON 300MG 30 Comprimidos"},"content":{"rendered":"<p><strong><span style=\"color: #000000;\">CONTRA-INDICACIONES:<\/span><\/strong><br \/>\n<span style=\"color: #000000;\">No tome alopurinol en caso de hipersensibilidad a cualquiera de sus componentes.<\/span><\/p>\n<p><span style=\"color: #000000;\">Alopurinol 300.00MG<\/span><\/p>\n","protected":false},"excerpt":{"rendered":"<p><strong><span style=\"color: #000000;\">INDICACIONES:<\/span><\/strong><br \/>\n<span style=\"color: #000000;\">Tratamiento de la gota, as\u00ed como de los niveles elevados de \u00e1cido \u00farico producidos por insuficiencia renal, enfermedades neopl\u00e1sicas o enzim\u00e1ticas. Tambi\u00e9n para la prevenci\u00f3n y tratamiento de los c\u00e1lculos de \u00e1cido \u00farico y oxalato c\u00e1lcico.<\/span><\/p>\n","protected":false},"featured_media":3809,"comment_status":"closed","ping_status":"closed","template":"","meta":{"_kad_post_transparent":"","_kad_post_title":"","_kad_post_layout":"","_kad_post_sidebar_id":"","_kad_post_content_style":"","_kad_post_vertical_padding":"","_kad_post_feature":"","_kad_post_feature_position":"","_kad_post_header":false,"_kad_post_footer":false},"product_brand":[],"product_cat":[1815,1816,1817],"product_tag":[1818,1819,1820,1821,1211,1822,1823],"class_list":{"0":"post-3779","1":"product","2":"type-product","3":"status-publish","4":"has-post-thumbnail","6":"product_cat-gota","7":"product_cat-insuficiencia-renal","8":"product_cat-laboratorios-normon","9":"product_tag-acido-urico","10":"product_tag-calculos","11":"product_tag-enfermedades-enzimaticas","12":"product_tag-enfermedades-neoplasicas","13":"product_tag-gota","14":"product_tag-insuficiencia-renal","15":"product_tag-oxalato-calcico","17":"first","18":"instock","19":"shipping-taxable","20":"purchasable","21":"product-type-simple","22":"entry","23":"content-bg","24":"loop-entry"},"_links":{"self":[{"href":"https:\/\/vitaminaselsalvador.net\/index.php\/wp-json\/wp\/v2\/product\/3779","targetHints":{"allow":["GET"]}}],"collection":[{"href":"https:\/\/vitaminaselsalvador.net\/index.php\/wp-json\/wp\/v2\/product"}],"about":[{"href":"https:\/\/vitaminaselsalvador.net\/index.php\/wp-json\/wp\/v2\/types\/product"}],"replies":[{"embeddable":true,"href":"https:\/\/vitaminaselsalvador.net\/index.php\/wp-json\/wp\/v2\/comments?post=3779"}],"wp:featuredmedia":[{"embeddable":true,"href":"https:\/\/vitaminaselsalvador.net\/index.php\/wp-json\/wp\/v2\/media\/3809"}],"wp:attachment":[{"href":"https:\/\/vitaminaselsalvador.net\/index.php\/wp-json\/wp\/v2\/media?parent=3779"}],"wp:term":[{"taxonomy":"product_brand","embeddable":true,"href":"https:\/\/vitaminaselsalvador.net\/index.php\/wp-json\/wp\/v2\/product_brand?post=3779"},{"taxonomy":"product_cat","embeddable":true,"href":"https:\/\/vitaminaselsalvador.net\/index.php\/wp-json\/wp\/v2\/product_cat?post=3779"},{"taxonomy":"product_tag","embeddable":true,"href":"https:\/\/vitaminaselsalvador.net\/index.php\/wp-json\/wp\/v2\/product_tag?post=3779"}],"curies":[{"name":"wp","href":"https:\/\/api.w.org\/{rel}","templated":true}]}}