{"id":3777,"date":"2022-11-02T21:18:59","date_gmt":"2022-11-03T03:18:59","guid":{"rendered":"https:\/\/vitaminaselsalvador.net\/?post_type=product&#038;p=3777"},"modified":"2025-07-08T10:59:33","modified_gmt":"2025-07-08T16:59:33","slug":"desitin-creamy-con-aloe-2-pack","status":"publish","type":"product","link":"https:\/\/vitaminaselsalvador.net\/index.php\/product\/desitin-creamy-con-aloe-2-pack\/","title":{"rendered":"DESITIN CREAMY CON ALOE 2 PACK"},"content":{"rendered":"<p><strong><span style=\"color: #000000;\">MODO DE EMPLEO:<\/span><\/strong><br \/>\n<span style=\"color: #000000;\">Limpie la piel en el \u00e1rea del pa\u00f1al, deje secar, aplique generosamente. Utilice cada vez que cambie el pa\u00f1al, sobre todo en las noches o cuando la exposici\u00f3n al pa\u00f1al pueda ser por tiempo prolongado.<\/span><\/p>\n<ul>\n<li><span style=\"color: #000000;\">Cuida de la piel del beb\u00e9 en irritaci\u00f3n, pa\u00f1alitis y enrojecimiento<\/span><\/li>\n<li><span style=\"color: #000000;\">Posee olor agradable, suave al tacto, deja la piel con una capa protectora<\/span><\/li>\n<li><span style=\"color: #000000;\">Uso dermatol\u00f3gico destinado a prevenir las irritaciones de la piel<\/span><\/li>\n<\/ul>\n","protected":false},"excerpt":{"rendered":"<p><strong><span style=\"color: #000000;\">DESCRIPCI\u00d3N:<\/span><\/strong><br \/>\n<span style=\"color: #000000;\">Desitin \u00ae Creamy es un ung\u00fcento cremoso y suave, especialmente formulado para proveer alivio y protecci\u00f3n contra la pa\u00f1alitis. Contiene \u00f3xido de zinc, aloe y vitamina E.<\/span><\/p>\n<p><span style=\"color: #000000;\">Se esparce suavemente, se limpia f\u00e1cilmente y tiene un suave aroma.<\/span><\/p>\n<p><span style=\"color: #000000;\">Provee una efectiva barrera protectora de agentes irritantes o agresivos como el sol, la fricci\u00f3n o el amoniaco y otras sustancias contenidas en la orina y la materia fecal. Efectividad cl\u00ednicamente probada.<\/span><\/p>\n","protected":false},"featured_media":3807,"comment_status":"closed","ping_status":"closed","template":"","meta":{"_kad_post_transparent":"","_kad_post_title":"","_kad_post_layout":"","_kad_post_sidebar_id":"","_kad_post_content_style":"","_kad_post_vertical_padding":"","_kad_post_feature":"","_kad_post_feature_position":"","_kad_post_header":false,"_kad_post_footer":false},"product_brand":[],"product_cat":[1802,1803,1804],"product_tag":[1805,1196,1806,1807,1808,442],"class_list":{"0":"post-3777","1":"product","2":"type-product","3":"status-publish","4":"has-post-thumbnail","6":"product_cat-laboratorios-johnson-and-johnson","7":"product_cat-panalitis","8":"product_cat-unguento-2","9":"product_tag-aloe","10":"product_tag-irritacion","11":"product_tag-oxido-de-zinc","12":"product_tag-panalitis","13":"product_tag-unguento","14":"product_tag-vitamina-e","16":"first","17":"instock","18":"shipping-taxable","19":"purchasable","20":"product-type-simple","21":"entry","22":"content-bg","23":"loop-entry"},"_links":{"self":[{"href":"https:\/\/vitaminaselsalvador.net\/index.php\/wp-json\/wp\/v2\/product\/3777","targetHints":{"allow":["GET"]}}],"collection":[{"href":"https:\/\/vitaminaselsalvador.net\/index.php\/wp-json\/wp\/v2\/product"}],"about":[{"href":"https:\/\/vitaminaselsalvador.net\/index.php\/wp-json\/wp\/v2\/types\/product"}],"replies":[{"embeddable":true,"href":"https:\/\/vitaminaselsalvador.net\/index.php\/wp-json\/wp\/v2\/comments?post=3777"}],"wp:featuredmedia":[{"embeddable":true,"href":"https:\/\/vitaminaselsalvador.net\/index.php\/wp-json\/wp\/v2\/media\/3807"}],"wp:attachment":[{"href":"https:\/\/vitaminaselsalvador.net\/index.php\/wp-json\/wp\/v2\/media?parent=3777"}],"wp:term":[{"taxonomy":"product_brand","embeddable":true,"href":"https:\/\/vitaminaselsalvador.net\/index.php\/wp-json\/wp\/v2\/product_brand?post=3777"},{"taxonomy":"product_cat","embeddable":true,"href":"https:\/\/vitaminaselsalvador.net\/index.php\/wp-json\/wp\/v2\/product_cat?post=3777"},{"taxonomy":"product_tag","embeddable":true,"href":"https:\/\/vitaminaselsalvador.net\/index.php\/wp-json\/wp\/v2\/product_tag?post=3777"}],"curies":[{"name":"wp","href":"https:\/\/api.w.org\/{rel}","templated":true}]}}