{"id":3776,"date":"2022-11-02T21:18:59","date_gmt":"2022-11-03T03:18:59","guid":{"rendered":"https:\/\/vitaminaselsalvador.net\/?post_type=product&#038;p=3776"},"modified":"2025-07-08T10:59:33","modified_gmt":"2025-07-08T16:59:33","slug":"vitasil-e-30-perlas","status":"publish","type":"product","link":"https:\/\/vitaminaselsalvador.net\/index.php\/product\/vitasil-e-30-perlas\/","title":{"rendered":"VITASIL E 30 Perlas"},"content":{"rendered":"<p><span style=\"color: #000000;\"><strong>COMPOSICI\u00d3N:<\/strong> <\/span><br \/>\n<span style=\"color: #000000;\">Cada 5 ml. contienen:<\/span><\/p>\n<p><span style=\"color: #000000;\">Vitamina E 400 U.I.<\/span><\/p>\n","protected":false},"excerpt":{"rendered":"<p><span style=\"color: #000000;\"><strong>INDICACIONES Y ACCI\u00d3N TERAP\u00c9UTICA:<\/strong> <\/span><br \/>\n<span style=\"color: #000000;\">Embellece la piel y evita la ca\u00edda del cabello. Previene enfermedades cancer\u00edgenas por ser un antioxidante celular \u00f3ptimo. Favorece la actividad sexual, normaliza el colesterol y act\u00faa como cicatrizante en ulceras varicosas.<\/span><\/p>\n<p><span style=\"color: #000000;\"><strong>D\u00d3SIS:<\/strong> <\/span><br \/>\n<span style=\"color: #000000;\">Tomar una capsula al d\u00eda. Puede tomarse con agua leche o jugo natural.<\/span><\/p>\n","protected":false},"featured_media":3806,"comment_status":"closed","ping_status":"closed","template":"","meta":{"_kad_post_transparent":"","_kad_post_title":"","_kad_post_layout":"","_kad_post_sidebar_id":"","_kad_post_content_style":"","_kad_post_vertical_padding":"","_kad_post_feature":"","_kad_post_feature_position":"","_kad_post_header":false,"_kad_post_footer":false},"product_brand":[],"product_cat":[1799,424],"product_tag":[583,1800,1347,1004,190,1801,284,1103],"class_list":{"0":"post-3776","1":"product","2":"type-product","3":"status-publish","4":"has-post-thumbnail","6":"product_cat-cicatrizante","7":"product_cat-laboratorios-suizos","8":"product_tag-actividad-sexual","9":"product_tag-antioxidante-celular","10":"product_tag-cabello","11":"product_tag-cicatrizante","12":"product_tag-colesterol","13":"product_tag-enfermedades-cancerigenas","14":"product_tag-piel","15":"product_tag-ulceras-varicosas","17":"first","18":"instock","19":"shipping-taxable","20":"purchasable","21":"product-type-simple","22":"entry","23":"content-bg","24":"loop-entry"},"_links":{"self":[{"href":"https:\/\/vitaminaselsalvador.net\/index.php\/wp-json\/wp\/v2\/product\/3776","targetHints":{"allow":["GET"]}}],"collection":[{"href":"https:\/\/vitaminaselsalvador.net\/index.php\/wp-json\/wp\/v2\/product"}],"about":[{"href":"https:\/\/vitaminaselsalvador.net\/index.php\/wp-json\/wp\/v2\/types\/product"}],"replies":[{"embeddable":true,"href":"https:\/\/vitaminaselsalvador.net\/index.php\/wp-json\/wp\/v2\/comments?post=3776"}],"wp:featuredmedia":[{"embeddable":true,"href":"https:\/\/vitaminaselsalvador.net\/index.php\/wp-json\/wp\/v2\/media\/3806"}],"wp:attachment":[{"href":"https:\/\/vitaminaselsalvador.net\/index.php\/wp-json\/wp\/v2\/media?parent=3776"}],"wp:term":[{"taxonomy":"product_brand","embeddable":true,"href":"https:\/\/vitaminaselsalvador.net\/index.php\/wp-json\/wp\/v2\/product_brand?post=3776"},{"taxonomy":"product_cat","embeddable":true,"href":"https:\/\/vitaminaselsalvador.net\/index.php\/wp-json\/wp\/v2\/product_cat?post=3776"},{"taxonomy":"product_tag","embeddable":true,"href":"https:\/\/vitaminaselsalvador.net\/index.php\/wp-json\/wp\/v2\/product_tag?post=3776"}],"curies":[{"name":"wp","href":"https:\/\/api.w.org\/{rel}","templated":true}]}}