{"id":3775,"date":"2022-11-02T21:18:58","date_gmt":"2022-11-03T03:18:58","guid":{"rendered":"https:\/\/vitaminaselsalvador.net\/?post_type=product&#038;p=3775"},"modified":"2025-07-08T10:59:33","modified_gmt":"2025-07-08T16:59:33","slug":"colageno-pharma-natura-30-capsulas","status":"publish","type":"product","link":"https:\/\/vitaminaselsalvador.net\/index.php\/product\/colageno-pharma-natura-30-capsulas\/","title":{"rendered":"COLAGENO PHARMA-NATURA 30 C\u00e1psulas"},"content":{"rendered":"<p><span style=\"color: #000000;\"><strong>CONTRAINDICACIONES:<\/strong> <\/span><br \/>\n<span style=\"color: #000000;\">Hipersensibilidad a los componentes de la f\u00f3rmula. No administrar en menores de 1S a\u00f1os.<\/span><\/p>\n<p><span style=\"color: #000000;\"><strong>EFECTOS ADVERSOS:<\/strong> <\/span><br \/>\n<span style=\"color: #000000;\">Aunque no es com\u00fan, podrian aparecer molestias estomacales como sensaci\u00f3n de plenitud o sabor desagradable.<\/span><\/p>\n<p><span style=\"color: #000000;\"><strong>ADVERTENCIAS:<\/strong> <\/span><br \/>\n<span style=\"color: #000000;\">No recomendado para mujeres embarazadas o en periodo de lactancia, pacientes con enfermedad hep\u00e1tica, insuficiencia renal o con indicaciones de seguir una dieta baja en proteinas, sin previa consulta m\u00e9dica o farmac\u00e9utica.<\/span><\/p>\n<p><span style=\"color: #000000;\">Col\u00e1geno Hidrolizado 400.00MG<\/span><\/p>\n","protected":false},"excerpt":{"rendered":"<p><span style=\"color: #000000;\"><strong>INDICACIONES:<\/strong> <\/span><br \/>\n<span style=\"color: #000000;\">COL\u00c1GENO Pharma-Natura@ C\u00e1psulas est\u00e1 indicado para la prevenci\u00f3n y tratamiento de estados carenciales de amino\u00e1cidos cuando no se toman suficientes prote\u00ednas en la dieta, por dietas desequilibradas restrictivas (de adelgazamiento, vegetarianas): convalecencias. Suplemento nutricional que sirve como apoyo a la salud de las articulaciones.<\/span><\/p>\n<p><span style=\"color: #000000;\"><strong>INTERACCIONES:<\/strong> <\/span><br \/>\n<span style=\"color: #000000;\">Antes de tomar este producto, digale a su m\u00e9dico o farmac\u00e9utico si est\u00e1 tomando cualquier otra prescripci\u00f3n o medicamentos de venta libre, incluyendo productos naturales.<\/span><\/p>\n<p><span style=\"color: #000000;\"><strong>V\u00cdA DE ADMINISTRACI\u00d3N:<\/strong> <\/span><br \/>\n<span style=\"color: #000000;\">Oral.<\/span><\/p>\n<p><span style=\"color: #000000;\"><strong>DOSIS: Adultos:<\/strong> <\/span><br \/>\n<span style=\"color: #000000;\">3 c\u00e1psulas al d\u00eda, de preferencia en la noche antes de dormir. Se recomienda beber abundante agua durante el dia. Los suplementos nutricionales no deben utilizarse como sustitutos de una dieta equilibrada ni de un estilo de vida sano.<\/span><\/p>\n","protected":false},"featured_media":3805,"comment_status":"closed","ping_status":"closed","template":"","meta":{"_kad_post_transparent":"","_kad_post_title":"","_kad_post_layout":"","_kad_post_sidebar_id":"","_kad_post_content_style":"","_kad_post_vertical_padding":"","_kad_post_feature":"","_kad_post_feature_position":"","_kad_post_header":false,"_kad_post_footer":false},"product_brand":[],"product_cat":[1796],"product_tag":[1797,1271,1162,1714,1321,1798],"class_list":{"0":"post-3775","1":"product","2":"type-product","3":"status-publish","4":"has-post-thumbnail","6":"product_cat-proteinas","7":"product_tag-adelgazamiento","8":"product_tag-aminoacidos","9":"product_tag-articulaciones","10":"product_tag-proteinas","11":"product_tag-suplemento","12":"product_tag-vegetariano","14":"first","15":"instock","16":"shipping-taxable","17":"purchasable","18":"product-type-simple","19":"entry","20":"content-bg","21":"loop-entry"},"_links":{"self":[{"href":"https:\/\/vitaminaselsalvador.net\/index.php\/wp-json\/wp\/v2\/product\/3775","targetHints":{"allow":["GET"]}}],"collection":[{"href":"https:\/\/vitaminaselsalvador.net\/index.php\/wp-json\/wp\/v2\/product"}],"about":[{"href":"https:\/\/vitaminaselsalvador.net\/index.php\/wp-json\/wp\/v2\/types\/product"}],"replies":[{"embeddable":true,"href":"https:\/\/vitaminaselsalvador.net\/index.php\/wp-json\/wp\/v2\/comments?post=3775"}],"wp:featuredmedia":[{"embeddable":true,"href":"https:\/\/vitaminaselsalvador.net\/index.php\/wp-json\/wp\/v2\/media\/3805"}],"wp:attachment":[{"href":"https:\/\/vitaminaselsalvador.net\/index.php\/wp-json\/wp\/v2\/media?parent=3775"}],"wp:term":[{"taxonomy":"product_brand","embeddable":true,"href":"https:\/\/vitaminaselsalvador.net\/index.php\/wp-json\/wp\/v2\/product_brand?post=3775"},{"taxonomy":"product_cat","embeddable":true,"href":"https:\/\/vitaminaselsalvador.net\/index.php\/wp-json\/wp\/v2\/product_cat?post=3775"},{"taxonomy":"product_tag","embeddable":true,"href":"https:\/\/vitaminaselsalvador.net\/index.php\/wp-json\/wp\/v2\/product_tag?post=3775"}],"curies":[{"name":"wp","href":"https:\/\/api.w.org\/{rel}","templated":true}]}}