{"id":3773,"date":"2022-11-02T21:18:58","date_gmt":"2022-11-03T03:18:58","guid":{"rendered":"https:\/\/vitaminaselsalvador.net\/?post_type=product&#038;p=3773"},"modified":"2025-07-08T10:59:33","modified_gmt":"2025-07-08T16:59:33","slug":"magnesio-denk-150mg-50-capsulas","status":"publish","type":"product","link":"https:\/\/vitaminaselsalvador.net\/index.php\/product\/magnesio-denk-150mg-50-capsulas\/","title":{"rendered":"MAGNESIO DENK 150MG 50 C\u00e1psulas"},"content":{"rendered":"<p><strong><span style=\"color: #000000;\">CONTRA-INDICACIONES:<\/span><\/strong><br \/>\n<span style=\"color: #000000;\">Contraindicado en personas con insuficiencia hep\u00e1tica severa, en personas con insuficiencia renal (severa) durante el embarazo \/ lactancia.<\/span><\/p>\n<p><span style=\"color: #000000;\">Cloruro de Magnesio 150.00MG<\/span><\/p>\n","protected":false},"excerpt":{"rendered":"<p><strong><span style=\"color: #000000;\">INDICACIONES:<\/span><\/strong><br \/>\n<span style=\"color: #000000;\">El magnesio es esencial para el buen funcionamiento del organismo. Se encuentra naturalmente en muchos alimentos, pero en los pa\u00edses occidentales el consumo de magnesio es generalmente insuficiente. El magnesio participa en la buena salud de los dientes y los huesos, participa en el sistema inmunitario y desempe\u00f1a un papel importante en la contracci\u00f3n y la relajaci\u00f3n muscular, participa tambi\u00e9n en la producci\u00f3n de energ\u00eda y en la trasmisi\u00f3n de los impulsos nerviosos; tambi\u00e9n desempe\u00f1a un papel esencial en la regulaci\u00f3n del ritmo cardiaco, la presi\u00f3n arterial y participa en la regulaci\u00f3n del nivel de az\u00facar en la sangre<\/span><\/p>\n","protected":false},"featured_media":3803,"comment_status":"closed","ping_status":"closed","template":"","meta":{"_kad_post_transparent":"","_kad_post_title":"","_kad_post_layout":"","_kad_post_sidebar_id":"","_kad_post_content_style":"","_kad_post_vertical_padding":"","_kad_post_feature":"","_kad_post_feature_position":"","_kad_post_header":false,"_kad_post_footer":false},"product_brand":[],"product_cat":[1320,1679,1785,1786],"product_tag":[1787,1589,1287,1256,1445,1788],"class_list":{"0":"post-3773","1":"product","2":"type-product","3":"status-publish","4":"has-post-thumbnail","6":"product_cat-huesos","7":"product_cat-huesos-fuertes","8":"product_cat-laboratorios-denk-pharma","9":"product_cat-magnesio","10":"product_tag-azucar-en-la-sangre","11":"product_tag-dientes","12":"product_tag-huesos","13":"product_tag-magnesio","14":"product_tag-presion-arterial","15":"product_tag-ritmo-cardiaco","17":"first","18":"instock","19":"shipping-taxable","20":"purchasable","21":"product-type-simple","22":"entry","23":"content-bg","24":"loop-entry"},"_links":{"self":[{"href":"https:\/\/vitaminaselsalvador.net\/index.php\/wp-json\/wp\/v2\/product\/3773","targetHints":{"allow":["GET"]}}],"collection":[{"href":"https:\/\/vitaminaselsalvador.net\/index.php\/wp-json\/wp\/v2\/product"}],"about":[{"href":"https:\/\/vitaminaselsalvador.net\/index.php\/wp-json\/wp\/v2\/types\/product"}],"replies":[{"embeddable":true,"href":"https:\/\/vitaminaselsalvador.net\/index.php\/wp-json\/wp\/v2\/comments?post=3773"}],"wp:featuredmedia":[{"embeddable":true,"href":"https:\/\/vitaminaselsalvador.net\/index.php\/wp-json\/wp\/v2\/media\/3803"}],"wp:attachment":[{"href":"https:\/\/vitaminaselsalvador.net\/index.php\/wp-json\/wp\/v2\/media?parent=3773"}],"wp:term":[{"taxonomy":"product_brand","embeddable":true,"href":"https:\/\/vitaminaselsalvador.net\/index.php\/wp-json\/wp\/v2\/product_brand?post=3773"},{"taxonomy":"product_cat","embeddable":true,"href":"https:\/\/vitaminaselsalvador.net\/index.php\/wp-json\/wp\/v2\/product_cat?post=3773"},{"taxonomy":"product_tag","embeddable":true,"href":"https:\/\/vitaminaselsalvador.net\/index.php\/wp-json\/wp\/v2\/product_tag?post=3773"}],"curies":[{"name":"wp","href":"https:\/\/api.w.org\/{rel}","templated":true}]}}