{"id":3772,"date":"2022-11-02T21:18:58","date_gmt":"2022-11-03T03:18:58","guid":{"rendered":"https:\/\/vitaminaselsalvador.net\/?post_type=product&#038;p=3772"},"modified":"2025-07-08T10:59:33","modified_gmt":"2025-07-08T16:59:33","slug":"amlodipino-mk-5mg-60-tabletas","status":"publish","type":"product","link":"https:\/\/vitaminaselsalvador.net\/index.php\/product\/amlodipino-mk-5mg-60-tabletas\/","title":{"rendered":"AMLODIPINO MK 5MG 60 Tabletas"},"content":{"rendered":"<p><strong><span style=\"color: #000000;\">CONTRA-INDICACIONES:<\/span><\/strong><br \/>\n<span style=\"color: #000000;\">Hipersensibilidad a amlodipino o a otras dihidropiridinas. Hipotensi\u00f3n grave, shock, (incluyendo shock cardiog\u00e9nico), insuf. Cardiaca tras un iam (durante los primeros 28 d\u00edas), obstrucci\u00f3n del conducto arterial del ventr\u00edculo izquierdo (por ejemplo:estenosis a\u00f3rtica grave), insuf. Cardiaca hemodin\u00e1micamente inestable tras infarto agudo de miocardio.<\/span><\/p>\n<p><span style=\"color: #000000;\">Amlodipino 5.00MG<\/span><\/p>\n","protected":false},"excerpt":{"rendered":"<p><strong><span style=\"color: #000000;\">INDICACIONES:<\/span><\/strong><br \/>\n<span style=\"color: #000000;\">Reduce la presi\u00f3n arterial al relajar los vasos sangu\u00edneos para que el coraz\u00f3n no tenga que bombear tan fuerte. Angina de pecho vasoesp\u00e1stica y estable cr\u00f3nica<\/span><\/p>\n","protected":false},"featured_media":3802,"comment_status":"closed","ping_status":"closed","template":"","meta":{"_kad_post_transparent":"","_kad_post_title":"","_kad_post_layout":"","_kad_post_sidebar_id":"","_kad_post_content_style":"","_kad_post_vertical_padding":"","_kad_post_feature":"","_kad_post_feature_position":"","_kad_post_header":false,"_kad_post_footer":false},"product_brand":[],"product_cat":[1782],"product_tag":[1783,1784,1240,1306,1445,1447],"class_list":{"0":"post-3772","1":"product","2":"type-product","3":"status-publish","4":"has-post-thumbnail","6":"product_cat-presion-arterial","7":"product_tag-angina-de-pecho","8":"product_tag-antihiperertensivo","9":"product_tag-arteria","10":"product_tag-corazon","11":"product_tag-presion-arterial","12":"product_tag-vasos-sanguineos","14":"first","15":"instock","16":"shipping-taxable","17":"purchasable","18":"product-type-simple","19":"entry","20":"content-bg","21":"loop-entry"},"_links":{"self":[{"href":"https:\/\/vitaminaselsalvador.net\/index.php\/wp-json\/wp\/v2\/product\/3772","targetHints":{"allow":["GET"]}}],"collection":[{"href":"https:\/\/vitaminaselsalvador.net\/index.php\/wp-json\/wp\/v2\/product"}],"about":[{"href":"https:\/\/vitaminaselsalvador.net\/index.php\/wp-json\/wp\/v2\/types\/product"}],"replies":[{"embeddable":true,"href":"https:\/\/vitaminaselsalvador.net\/index.php\/wp-json\/wp\/v2\/comments?post=3772"}],"wp:featuredmedia":[{"embeddable":true,"href":"https:\/\/vitaminaselsalvador.net\/index.php\/wp-json\/wp\/v2\/media\/3802"}],"wp:attachment":[{"href":"https:\/\/vitaminaselsalvador.net\/index.php\/wp-json\/wp\/v2\/media?parent=3772"}],"wp:term":[{"taxonomy":"product_brand","embeddable":true,"href":"https:\/\/vitaminaselsalvador.net\/index.php\/wp-json\/wp\/v2\/product_brand?post=3772"},{"taxonomy":"product_cat","embeddable":true,"href":"https:\/\/vitaminaselsalvador.net\/index.php\/wp-json\/wp\/v2\/product_cat?post=3772"},{"taxonomy":"product_tag","embeddable":true,"href":"https:\/\/vitaminaselsalvador.net\/index.php\/wp-json\/wp\/v2\/product_tag?post=3772"}],"curies":[{"name":"wp","href":"https:\/\/api.w.org\/{rel}","templated":true}]}}