{"id":3770,"date":"2022-11-02T21:18:58","date_gmt":"2022-11-03T03:18:58","guid":{"rendered":"https:\/\/vitaminaselsalvador.net\/?post_type=product&#038;p=3770"},"modified":"2025-07-08T10:59:33","modified_gmt":"2025-07-08T16:59:33","slug":"panadol-allergy-sinus-25-sobres","status":"publish","type":"product","link":"https:\/\/vitaminaselsalvador.net\/index.php\/product\/panadol-allergy-sinus-25-sobres\/","title":{"rendered":"PANADOL ALLERGY SINUS 25 Sobres"},"content":{"rendered":"<p><span style=\"color: #000000;\"><strong>CONTRAINDICACIONES:<\/strong> <\/span><br \/>\n<span style=\"color: #000000;\">Si tiene hipersensibilidad al producto o efectos secundarios negativos, suspenda el consumo de inmediato y consulte a su m\u00e9dico. Le recomendamos que no conf\u00ede \u00fanicamente en la informaci\u00f3n presentada y que siempre lea las etiquetas, advertencias e instrucciones antes de usar o consumir un producto. Para obtener informaci\u00f3n adicional sobre un producto, comun\u00edquese con el fabricante. El contenido de este sitio es para fines de referencia y no pretende sustituir el consejo proporcionado por un m\u00e9dico, farmac\u00e9utico u otro profesional de la salud con licencia. No debe utilizar esta informaci\u00f3n para el autodiagn\u00f3stico o para tratar un problema de salud o una enfermedad.<\/span><\/p>\n","protected":false},"excerpt":{"rendered":"<p><span style=\"color: #000000;\"><strong>USOS:<\/strong> <\/span><br \/>\n<span style=\"color: #000000;\">Para aliviar dolor y congesti\u00f3n causado por la sinusitis, Ojos llorosos picaz\u00f3n y Estornudos.<\/span><\/p>\n<p><span style=\"color: #000000;\"><strong>INGREDIENTES:<\/strong> <\/span><br \/>\n<span style=\"color: #000000;\">Acetaminof\u00e9n 500 mg + Clorhidrato de Fenilefrina 5 mg+ Maleato de Clorfeniramina 2 mg<\/span><\/p>\n<p><span style=\"color: #000000;\"><strong>MODO DE USO:<\/strong> <\/span><br \/>\n<span style=\"color: #000000;\">Adultos (12 a\u00f1os en adelante): 1 o 2 capletas cada 4-6 horas.<\/span><\/p>\n<p><span style=\"color: #000000;\"><strong>D\u00d3SIS M\u00c1XIMA AL D\u00cdA:<\/strong> <\/span><br \/>\n<span style=\"color: #000000;\">8 capletas en 24 horas. Ni\u00f1os (menores de 12 a\u00f1os): No se recomienda.<\/span><\/p>\n","protected":false},"featured_media":3800,"comment_status":"closed","ping_status":"closed","template":"","meta":{"_kad_post_transparent":"","_kad_post_title":"","_kad_post_layout":"","_kad_post_sidebar_id":"","_kad_post_content_style":"","_kad_post_vertical_padding":"","_kad_post_feature":"","_kad_post_feature_position":"","_kad_post_header":false,"_kad_post_footer":false},"product_brand":[],"product_cat":[1775],"product_tag":[1194,1431,1215,826,1402,1776,653],"class_list":{"0":"post-3770","1":"product","2":"type-product","3":"status-publish","4":"has-post-thumbnail","6":"product_cat-sinusitis","7":"product_tag-alivio","8":"product_tag-congestion","9":"product_tag-dolor","10":"product_tag-estornudo","11":"product_tag-ojos-llorosos","12":"product_tag-picazon","13":"product_tag-sinusitis","15":"first","16":"instock","17":"shipping-taxable","18":"purchasable","19":"product-type-simple","20":"entry","21":"content-bg","22":"loop-entry"},"_links":{"self":[{"href":"https:\/\/vitaminaselsalvador.net\/index.php\/wp-json\/wp\/v2\/product\/3770","targetHints":{"allow":["GET"]}}],"collection":[{"href":"https:\/\/vitaminaselsalvador.net\/index.php\/wp-json\/wp\/v2\/product"}],"about":[{"href":"https:\/\/vitaminaselsalvador.net\/index.php\/wp-json\/wp\/v2\/types\/product"}],"replies":[{"embeddable":true,"href":"https:\/\/vitaminaselsalvador.net\/index.php\/wp-json\/wp\/v2\/comments?post=3770"}],"wp:featuredmedia":[{"embeddable":true,"href":"https:\/\/vitaminaselsalvador.net\/index.php\/wp-json\/wp\/v2\/media\/3800"}],"wp:attachment":[{"href":"https:\/\/vitaminaselsalvador.net\/index.php\/wp-json\/wp\/v2\/media?parent=3770"}],"wp:term":[{"taxonomy":"product_brand","embeddable":true,"href":"https:\/\/vitaminaselsalvador.net\/index.php\/wp-json\/wp\/v2\/product_brand?post=3770"},{"taxonomy":"product_cat","embeddable":true,"href":"https:\/\/vitaminaselsalvador.net\/index.php\/wp-json\/wp\/v2\/product_cat?post=3770"},{"taxonomy":"product_tag","embeddable":true,"href":"https:\/\/vitaminaselsalvador.net\/index.php\/wp-json\/wp\/v2\/product_tag?post=3770"}],"curies":[{"name":"wp","href":"https:\/\/api.w.org\/{rel}","templated":true}]}}