{"id":3740,"date":"2022-11-02T21:18:34","date_gmt":"2022-11-03T03:18:34","guid":{"rendered":"https:\/\/vitaminaselsalvador.net\/?post_type=product&#038;p=3740"},"modified":"2025-07-08T10:59:31","modified_gmt":"2025-07-08T16:59:31","slug":"ukn-suplementos-60-capsulas","status":"publish","type":"product","link":"https:\/\/vitaminaselsalvador.net\/index.php\/product\/ukn-suplementos-60-capsulas\/","title":{"rendered":"UKN Suplementos 60 C\u00e1psulas"},"content":{"rendered":"<p><strong><span style=\"color: #000000;\">INDICACIONES:<\/span><\/strong><br \/>\n<span style=\"color: #000000;\">Promueve la disminuci\u00f3n de la circunferencia abdominal y de la cintura a trav\u00e9s de ingredientes bioactivos.<\/span><\/p>\n<p><span style=\"color: #000000;\">UKN pastillas bloquea a las enzimas encargadas de transportar y almacenar las grasas en el tejido muscular.<\/span><\/p>\n<p><span style=\"color: #000000;\">Esta acci\u00f3n permite que las grasas que van entrando en el organismo se desintegran con facilidad. As\u00ed, al comer solo ingieres los nutrientes y prote\u00ednas para tu desarrollo normal sin subir de peso.<\/span><\/p>\n","protected":false},"excerpt":{"rendered":"<p><strong><span style=\"color: #000000;\">INDICACIONES:<\/span><\/strong><br \/>\n<span style=\"color: #000000;\">Promueve la disminuci\u00f3n de la circunferencia abdominal y de la cintura a trav\u00e9s de ingredientes bioactivos.<\/span><\/p>\n<p><span style=\"color: #000000;\">UKN pastillas bloquea a las enzimas encargadas de transportar y almacenar las grasas en el tejido muscular.<\/span><\/p>\n<p><span style=\"color: #000000;\">Esta acci\u00f3n permite que las grasas que van entrando en el organismo se desintegran con facilidad. As\u00ed, al comer solo ingieres los nutrientes y prote\u00ednas para tu desarrollo normal sin subir de peso.<\/span><\/p>\n","protected":false},"featured_media":3796,"comment_status":"closed","ping_status":"closed","template":"","meta":{"_kad_post_transparent":"","_kad_post_title":"","_kad_post_layout":"","_kad_post_sidebar_id":"","_kad_post_content_style":"","_kad_post_vertical_padding":"","_kad_post_feature":"","_kad_post_feature_position":"","_kad_post_header":false,"_kad_post_footer":false},"product_brand":[],"product_cat":[1747,1748,1749,1750],"product_tag":[1751,1752,1753,1644,1754,1755,1756,1719,1757],"class_list":{"0":"post-3740","1":"product","2":"type-product","3":"status-publish","4":"has-post-thumbnail","6":"product_cat-grasa","7":"product_cat-laboratorios-silanes","8":"product_cat-masa-muscular","9":"product_cat-tejido-muscular","10":"product_tag-adelgazar","11":"product_tag-celular-grasosas","12":"product_tag-circunferencia-abdominal","13":"product_tag-energia","14":"product_tag-enzimas","15":"product_tag-grasa","16":"product_tag-ingredientes-bioactivos","17":"product_tag-masa-muscular","18":"product_tag-tejido-muscular","20":"first","21":"instock","22":"shipping-taxable","23":"purchasable","24":"product-type-simple","25":"entry","26":"content-bg","27":"loop-entry"},"_links":{"self":[{"href":"https:\/\/vitaminaselsalvador.net\/index.php\/wp-json\/wp\/v2\/product\/3740","targetHints":{"allow":["GET"]}}],"collection":[{"href":"https:\/\/vitaminaselsalvador.net\/index.php\/wp-json\/wp\/v2\/product"}],"about":[{"href":"https:\/\/vitaminaselsalvador.net\/index.php\/wp-json\/wp\/v2\/types\/product"}],"replies":[{"embeddable":true,"href":"https:\/\/vitaminaselsalvador.net\/index.php\/wp-json\/wp\/v2\/comments?post=3740"}],"wp:featuredmedia":[{"embeddable":true,"href":"https:\/\/vitaminaselsalvador.net\/index.php\/wp-json\/wp\/v2\/media\/3796"}],"wp:attachment":[{"href":"https:\/\/vitaminaselsalvador.net\/index.php\/wp-json\/wp\/v2\/media?parent=3740"}],"wp:term":[{"taxonomy":"product_brand","embeddable":true,"href":"https:\/\/vitaminaselsalvador.net\/index.php\/wp-json\/wp\/v2\/product_brand?post=3740"},{"taxonomy":"product_cat","embeddable":true,"href":"https:\/\/vitaminaselsalvador.net\/index.php\/wp-json\/wp\/v2\/product_cat?post=3740"},{"taxonomy":"product_tag","embeddable":true,"href":"https:\/\/vitaminaselsalvador.net\/index.php\/wp-json\/wp\/v2\/product_tag?post=3740"}],"curies":[{"name":"wp","href":"https:\/\/api.w.org\/{rel}","templated":true}]}}