{"id":3738,"date":"2022-11-02T21:18:34","date_gmt":"2022-11-03T03:18:34","guid":{"rendered":"https:\/\/vitaminaselsalvador.net\/?post_type=product&#038;p=3738"},"modified":"2025-07-08T10:59:31","modified_gmt":"2025-07-08T16:59:31","slug":"virokem-50-capsulas","status":"publish","type":"product","link":"https:\/\/vitaminaselsalvador.net\/index.php\/product\/virokem-50-capsulas\/","title":{"rendered":"VIROKEM 50 C\u00e1psulas"},"content":{"rendered":"<p><strong><span style=\"color: #000000;\">CONTRA-INDICACIONES:<\/span><\/strong><br \/>\n<span style=\"color: #000000;\">Est\u00e1 contraindicado en pacientes hipersensibles a cualquiera de los componentes de la f\u00f3rmula, as\u00ed como en arteriosclerosis cerebral y epilepsia. glaucoma, miastenia grave, hipertrofia prost\u00e1tica, en casos de nefropat\u00edas y hepatopat\u00edas y en pacientes bajo tratamiento con inhibidores de la monoaminooxidasa. En personas con antecedentes de presentar trastornos ps\u00edquicos, embarazo y lactancia.<\/span><\/p>\n<p><span style=\"color: #000000;\">Clorfeniramina &#8212;&#8211; 3.00MG<\/span><br \/>\n<span style=\"color: #000000;\">Fenilefrina HCL &#8212;- 5.00MG<\/span><br \/>\n<span style=\"color: #000000;\">Acetaminofen &#8212;&#8212; 400.00MG<\/span><br \/>\n<span style=\"color: #000000;\">Amantadina &#8212;&#8212;&#8212; 50.00MG<\/span><\/p>\n","protected":false},"excerpt":{"rendered":"<p><strong><span style=\"color: #000000;\">INDICACIONES:<\/span><\/strong><br \/>\n<span style=\"color: #000000;\">Gripe por influenza del grupo a, analg\u00e9sico, antipir\u00e9tico, antihistam\u00ednico. Est\u00e1 indicado en el tratamiento de la gripe a la vez que act\u00faa contra el virus causante de la misma, alivia los s\u00edntomas que le acompa\u00f1an como fiebre, dolor muscular y rinorrea nasal.<\/span><\/p>\n","protected":false},"featured_media":3768,"comment_status":"closed","ping_status":"closed","template":"","meta":{"_kad_post_transparent":"","_kad_post_title":"","_kad_post_layout":"","_kad_post_sidebar_id":"","_kad_post_content_style":"","_kad_post_vertical_padding":"","_kad_post_feature":"","_kad_post_feature_position":"","_kad_post_header":false,"_kad_post_footer":false},"product_brand":[],"product_cat":[1384,382,1736,443],"product_tag":[1207,553,1130,1302,221,1090,1737,1738],"class_list":{"0":"post-3738","1":"product","2":"type-product","3":"status-publish","4":"has-post-thumbnail","6":"product_cat-fiebre","7":"product_cat-gripe","8":"product_cat-influenza","9":"product_cat-laboratorios-medikem","10":"product_tag-analgesico","11":"product_tag-antihistaminico","12":"product_tag-antipiretico","13":"product_tag-dolor-muscular","14":"product_tag-fiebre","15":"product_tag-gripe","16":"product_tag-influenza","17":"product_tag-rinorrea-nasal","19":"first","20":"instock","21":"shipping-taxable","22":"purchasable","23":"product-type-simple","24":"entry","25":"content-bg","26":"loop-entry"},"_links":{"self":[{"href":"https:\/\/vitaminaselsalvador.net\/index.php\/wp-json\/wp\/v2\/product\/3738","targetHints":{"allow":["GET"]}}],"collection":[{"href":"https:\/\/vitaminaselsalvador.net\/index.php\/wp-json\/wp\/v2\/product"}],"about":[{"href":"https:\/\/vitaminaselsalvador.net\/index.php\/wp-json\/wp\/v2\/types\/product"}],"replies":[{"embeddable":true,"href":"https:\/\/vitaminaselsalvador.net\/index.php\/wp-json\/wp\/v2\/comments?post=3738"}],"wp:featuredmedia":[{"embeddable":true,"href":"https:\/\/vitaminaselsalvador.net\/index.php\/wp-json\/wp\/v2\/media\/3768"}],"wp:attachment":[{"href":"https:\/\/vitaminaselsalvador.net\/index.php\/wp-json\/wp\/v2\/media?parent=3738"}],"wp:term":[{"taxonomy":"product_brand","embeddable":true,"href":"https:\/\/vitaminaselsalvador.net\/index.php\/wp-json\/wp\/v2\/product_brand?post=3738"},{"taxonomy":"product_cat","embeddable":true,"href":"https:\/\/vitaminaselsalvador.net\/index.php\/wp-json\/wp\/v2\/product_cat?post=3738"},{"taxonomy":"product_tag","embeddable":true,"href":"https:\/\/vitaminaselsalvador.net\/index.php\/wp-json\/wp\/v2\/product_tag?post=3738"}],"curies":[{"name":"wp","href":"https:\/\/api.w.org\/{rel}","templated":true}]}}