{"id":3735,"date":"2022-11-02T21:18:33","date_gmt":"2022-11-03T03:18:33","guid":{"rendered":"https:\/\/vitaminaselsalvador.net\/?post_type=product&#038;p=3735"},"modified":"2025-07-08T10:59:31","modified_gmt":"2025-07-08T16:59:31","slug":"genacol-90-capsulas","status":"publish","type":"product","link":"https:\/\/vitaminaselsalvador.net\/index.php\/product\/genacol-90-capsulas\/","title":{"rendered":"GENACOL 90 C\u00e1psulas"},"content":{"rendered":"<p><strong><span style=\"color: #000000;\">CONTRA-INDICACIONES:<\/span><\/strong><br \/>\n<span style=\"color: #000000;\">Hipersensibilidad al componente<\/span><\/p>\n<p><strong><span style=\"color: #000000;\">CARACTER\u00cdSTICAS:<\/span><\/strong><\/p>\n<p><span style=\"color: #000000;\">Estimula la producci\u00f3n de Col\u00e1geno en la piel,<\/span><br \/>\n<span style=\"color: #000000;\">Reduce el dolor de la artritis y el reumatismo,<\/span><br \/>\n<span style=\"color: #000000;\">Alivia las molestias de las articulaciones.<\/span><br \/>\n<span style=\"color: #000000;\">Regenera el cart\u00edlago y los ligamentos,<\/span><br \/>\n<span style=\"color: #000000;\">Aumenta el tono y la masa muscular.<\/span><br \/>\n<span style=\"color: #000000;\">Mejora los ciclos de sue\u00f1o mientras estimula los procesos de regeneraci\u00f3n<\/span><\/p>\n","protected":false},"excerpt":{"rendered":"<p><strong><span style=\"color: #000000;\">INDICACIONES:<\/span><\/strong><br \/>\n<span style=\"color: #000000;\">Genacol es un col\u00e1geno hidrolizado creado por un proceso enzim\u00e1tico \u00fanico.<\/span><\/p>\n<p><span style=\"color: #000000;\">Genacol es una sustancia segura, que permite el suministro de los elementos necesarios para proporcionar soporte nutricional al organismo en el proceso de regeneraci\u00f3n y producci\u00f3n de col\u00e1geno. Usado de manera regular presenta resultados excepcionales en el cuerpo humano.<\/span><\/p>\n","protected":false},"featured_media":3765,"comment_status":"closed","ping_status":"closed","template":"","meta":{"_kad_post_transparent":"","_kad_post_title":"","_kad_post_layout":"","_kad_post_sidebar_id":"","_kad_post_content_style":"","_kad_post_vertical_padding":"","_kad_post_feature":"","_kad_post_feature_position":"","_kad_post_header":false,"_kad_post_footer":false},"product_brand":[],"product_cat":[104,1283],"product_tag":[1162,355,1588,347,1215,1228,1719,1366,301],"class_list":{"0":"post-3735","1":"product","2":"type-product","3":"status-publish","4":"has-post-thumbnail","6":"product_cat-artritis","7":"product_cat-reumatismo","8":"product_tag-articulaciones","9":"product_tag-artritis","10":"product_tag-cartilago","11":"product_tag-colageno-hidrolizado","12":"product_tag-dolor","13":"product_tag-ligamentos","14":"product_tag-masa-muscular","15":"product_tag-molestias","16":"product_tag-reumatismo","18":"first","19":"instock","20":"shipping-taxable","21":"purchasable","22":"product-type-simple","23":"entry","24":"content-bg","25":"loop-entry"},"_links":{"self":[{"href":"https:\/\/vitaminaselsalvador.net\/index.php\/wp-json\/wp\/v2\/product\/3735","targetHints":{"allow":["GET"]}}],"collection":[{"href":"https:\/\/vitaminaselsalvador.net\/index.php\/wp-json\/wp\/v2\/product"}],"about":[{"href":"https:\/\/vitaminaselsalvador.net\/index.php\/wp-json\/wp\/v2\/types\/product"}],"replies":[{"embeddable":true,"href":"https:\/\/vitaminaselsalvador.net\/index.php\/wp-json\/wp\/v2\/comments?post=3735"}],"wp:featuredmedia":[{"embeddable":true,"href":"https:\/\/vitaminaselsalvador.net\/index.php\/wp-json\/wp\/v2\/media\/3765"}],"wp:attachment":[{"href":"https:\/\/vitaminaselsalvador.net\/index.php\/wp-json\/wp\/v2\/media?parent=3735"}],"wp:term":[{"taxonomy":"product_brand","embeddable":true,"href":"https:\/\/vitaminaselsalvador.net\/index.php\/wp-json\/wp\/v2\/product_brand?post=3735"},{"taxonomy":"product_cat","embeddable":true,"href":"https:\/\/vitaminaselsalvador.net\/index.php\/wp-json\/wp\/v2\/product_cat?post=3735"},{"taxonomy":"product_tag","embeddable":true,"href":"https:\/\/vitaminaselsalvador.net\/index.php\/wp-json\/wp\/v2\/product_tag?post=3735"}],"curies":[{"name":"wp","href":"https:\/\/api.w.org\/{rel}","templated":true}]}}