{"id":3733,"date":"2022-11-02T21:18:33","date_gmt":"2022-11-03T03:18:33","guid":{"rendered":"https:\/\/vitaminaselsalvador.net\/?post_type=product&#038;p=3733"},"modified":"2025-07-08T10:59:31","modified_gmt":"2025-07-08T16:59:31","slug":"megaglutan-30-tabletas","status":"publish","type":"product","link":"https:\/\/vitaminaselsalvador.net\/index.php\/product\/megaglutan-30-tabletas\/","title":{"rendered":"MEGAGLUTAN 30 Tabletas"},"content":{"rendered":"<p><strong><span style=\"color: #000000;\">CONTRA-INDICACIONES:<\/span><\/strong><br \/>\n<span style=\"color: #000000;\">Hiersensibilidad al componente.<\/span><\/p>\n<p><strong><span style=\"color: #000000;\">F\u00d3RMULA:<\/span><\/strong><br \/>\n<span style=\"color: #000000;\">Acido Glutamico, Vitamina B12, Vitamina B6 y Aspargina monohidratado.<\/span><\/p>\n","protected":false},"excerpt":{"rendered":"<p><strong><span style=\"color: #000000;\">INDICACIONES:<\/span><\/strong><br \/>\n<span style=\"color: #000000;\">La glutamina es un amino\u00e1cido que interviene en la composici\u00f3n de las prote\u00ednas que mantienen a las c\u00e9lulas en buen estado y reparan los tejidos. Nuestro cuerpo es capaz de producirla en peque\u00f1as cantidades, pero es a trav\u00e9s de la dieta como suele obtenerse una mayor cantidad.<\/span><\/p>\n","protected":false},"featured_media":3763,"comment_status":"closed","ping_status":"closed","template":"","meta":{"_kad_post_transparent":"","_kad_post_title":"","_kad_post_layout":"","_kad_post_sidebar_id":"","_kad_post_content_style":"","_kad_post_vertical_padding":"","_kad_post_feature":"","_kad_post_feature_position":"","_kad_post_header":false,"_kad_post_footer":false},"product_brand":[],"product_cat":[1711],"product_tag":[169,1712,1713,1714,1715,179,441],"class_list":{"0":"post-3733","1":"product","2":"type-product","3":"status-publish","4":"has-post-thumbnail","6":"product_cat-aminoacido","7":"product_tag-acido-glutamico","8":"product_tag-aminoacido","9":"product_tag-aspargina-monohidratado","10":"product_tag-proteinas","11":"product_tag-tejido","12":"product_tag-vitamina-b12","13":"product_tag-vitamina-b6","15":"first","16":"instock","17":"shipping-taxable","18":"purchasable","19":"product-type-simple","20":"entry","21":"content-bg","22":"loop-entry"},"_links":{"self":[{"href":"https:\/\/vitaminaselsalvador.net\/index.php\/wp-json\/wp\/v2\/product\/3733","targetHints":{"allow":["GET"]}}],"collection":[{"href":"https:\/\/vitaminaselsalvador.net\/index.php\/wp-json\/wp\/v2\/product"}],"about":[{"href":"https:\/\/vitaminaselsalvador.net\/index.php\/wp-json\/wp\/v2\/types\/product"}],"replies":[{"embeddable":true,"href":"https:\/\/vitaminaselsalvador.net\/index.php\/wp-json\/wp\/v2\/comments?post=3733"}],"wp:featuredmedia":[{"embeddable":true,"href":"https:\/\/vitaminaselsalvador.net\/index.php\/wp-json\/wp\/v2\/media\/3763"}],"wp:attachment":[{"href":"https:\/\/vitaminaselsalvador.net\/index.php\/wp-json\/wp\/v2\/media?parent=3733"}],"wp:term":[{"taxonomy":"product_brand","embeddable":true,"href":"https:\/\/vitaminaselsalvador.net\/index.php\/wp-json\/wp\/v2\/product_brand?post=3733"},{"taxonomy":"product_cat","embeddable":true,"href":"https:\/\/vitaminaselsalvador.net\/index.php\/wp-json\/wp\/v2\/product_cat?post=3733"},{"taxonomy":"product_tag","embeddable":true,"href":"https:\/\/vitaminaselsalvador.net\/index.php\/wp-json\/wp\/v2\/product_tag?post=3733"}],"curies":[{"name":"wp","href":"https:\/\/api.w.org\/{rel}","templated":true}]}}