{"id":3731,"date":"2022-11-02T21:18:33","date_gmt":"2022-11-03T03:18:33","guid":{"rendered":"https:\/\/vitaminaselsalvador.net\/?post_type=product&#038;p=3731"},"modified":"2025-07-08T10:59:31","modified_gmt":"2025-07-08T16:59:31","slug":"bilokan-30-tabletas","status":"publish","type":"product","link":"https:\/\/vitaminaselsalvador.net\/index.php\/product\/bilokan-30-tabletas\/","title":{"rendered":"BILOKAN 30 Tabletas"},"content":{"rendered":"<p><strong><span style=\"color: #000000;\">CONTRA-INDICACIONES:<\/span><\/strong><br \/>\n<span style=\"color: #000000;\">Hipersensibilidad al componente.<\/span><\/p>\n<p><span style=\"color: #000000;\"><strong>ADVERTENCIAS:<\/strong> <\/span><br \/>\n<span style=\"color: #000000;\">No se recomienda su uso durante el embarazo y lactancia. No se ha demostrado alteraci\u00f3n de la funci\u00f3n hep\u00e1tica y renal. No utilizarlo como antihipertensivo.<\/span><\/p>\n<p><span style=\"color: #000000;\"><strong>EFECTOS SECUNDARIOS:<\/strong> <\/span><br \/>\n<span style=\"color: #000000;\">Aunque su margen de seguridad y de tolerancia es muy amplio, en raras ocasiones se han observado trastornos gastrointestinales, cefalea y reacciones cut\u00e1neas.<\/span><\/p>\n<p><span style=\"color: #000000;\">Ginkgo Biloba 80.00MG<\/span><\/p>\n","protected":false},"excerpt":{"rendered":"<p><strong><span style=\"color: #000000;\">INDICACIONES:<\/span><\/strong><br \/>\n<span style=\"color: #000000;\">V\u00e9rtigo de origen vascular, transtornos circulatorios perif\u00e9ricos y disminuci\u00f3n de la memoria.<\/span><\/p>\n<p><strong><span style=\"color: #000000;\">D\u00d3SIS:<\/span><\/strong><br \/>\n<span style=\"color: #000000;\">1 tableta cada 8 \u00f3 12 horas<\/span><\/p>\n","protected":false},"featured_media":3761,"comment_status":"closed","ping_status":"closed","template":"","meta":{"_kad_post_transparent":"","_kad_post_title":"","_kad_post_layout":"","_kad_post_sidebar_id":"","_kad_post_content_style":"","_kad_post_vertical_padding":"","_kad_post_feature":"","_kad_post_feature_position":"","_kad_post_header":false,"_kad_post_footer":false},"product_brand":[],"product_cat":[1700],"product_tag":[426,209,1701,1702,1692],"class_list":{"0":"post-3731","1":"product","2":"type-product","3":"status-publish","4":"has-post-thumbnail","6":"product_cat-ginkgo-biloba","7":"product_tag-disminucion-de-la-memoria","8":"product_tag-ginkgo-biloba","9":"product_tag-transtornos-circulatorios-perifericos","10":"product_tag-vascular","11":"product_tag-vertigo","13":"first","14":"instock","15":"shipping-taxable","16":"purchasable","17":"product-type-simple","18":"entry","19":"content-bg","20":"loop-entry"},"_links":{"self":[{"href":"https:\/\/vitaminaselsalvador.net\/index.php\/wp-json\/wp\/v2\/product\/3731","targetHints":{"allow":["GET"]}}],"collection":[{"href":"https:\/\/vitaminaselsalvador.net\/index.php\/wp-json\/wp\/v2\/product"}],"about":[{"href":"https:\/\/vitaminaselsalvador.net\/index.php\/wp-json\/wp\/v2\/types\/product"}],"replies":[{"embeddable":true,"href":"https:\/\/vitaminaselsalvador.net\/index.php\/wp-json\/wp\/v2\/comments?post=3731"}],"wp:featuredmedia":[{"embeddable":true,"href":"https:\/\/vitaminaselsalvador.net\/index.php\/wp-json\/wp\/v2\/media\/3761"}],"wp:attachment":[{"href":"https:\/\/vitaminaselsalvador.net\/index.php\/wp-json\/wp\/v2\/media?parent=3731"}],"wp:term":[{"taxonomy":"product_brand","embeddable":true,"href":"https:\/\/vitaminaselsalvador.net\/index.php\/wp-json\/wp\/v2\/product_brand?post=3731"},{"taxonomy":"product_cat","embeddable":true,"href":"https:\/\/vitaminaselsalvador.net\/index.php\/wp-json\/wp\/v2\/product_cat?post=3731"},{"taxonomy":"product_tag","embeddable":true,"href":"https:\/\/vitaminaselsalvador.net\/index.php\/wp-json\/wp\/v2\/product_tag?post=3731"}],"curies":[{"name":"wp","href":"https:\/\/api.w.org\/{rel}","templated":true}]}}