{"id":3727,"date":"2022-11-02T21:18:32","date_gmt":"2022-11-03T03:18:32","guid":{"rendered":"https:\/\/vitaminaselsalvador.net\/?post_type=product&#038;p=3727"},"modified":"2025-07-08T10:59:29","modified_gmt":"2025-07-08T16:59:29","slug":"femme-care-40mg-30-tabletas","status":"publish","type":"product","link":"https:\/\/vitaminaselsalvador.net\/index.php\/product\/femme-care-40mg-30-tabletas\/","title":{"rendered":"FEMME CARE 40MG 30 Tabletas"},"content":{"rendered":"<p><strong><span style=\"color: #000000;\">CONTRA-INDICACIONES:<\/span><\/strong><br \/>\n<span style=\"color: #000000;\">Alergia a cualquiera de sus componentes. Mujeres en estado de embarazo o en per\u00edodo de lactancia, consultar previamente con su m\u00e9dico.<\/span><\/p>\n<p><strong><span style=\"color: #000000;\">DOSIFICACI\u00d3N:<\/span><\/strong><\/p>\n<p><span style=\"color: #000000;\">Adultos: tomar una tableta diaria, preferiblemente con la comida.<\/span><\/p>\n<p><strong><span style=\"color: #000000;\">COMPOSICI\u00d3N POR TABLETA:<\/span><\/strong><\/p>\n<p><span style=\"color: #000000;\">Calcio (como fosfato di c\u00e1lcico) 45 mg<\/span><br \/>\n<span style=\"color: #000000;\">Extracto de Isoflavonas de soya 40 mg<\/span><\/p>\n","protected":false},"excerpt":{"rendered":"<p><strong><span style=\"color: #000000;\">INDICACIONES:<\/span><\/strong><br \/>\n<span style=\"color: #000000;\">Ayuda a reducir los trastornos asociados al s\u00edndrome premenstrual, tales como ansiedad, tensi\u00f3n nerviosa, permeabilidad capilar, aumento del apetito y de peso corporal. Ayuda a regular el metabolismo de las gl\u00e1ndulas endocrinas. Es un potente antioxidante natural. Ayuda a la disminuci\u00f3n de los s\u00edntomas asociados con el proceso de la menopausia y a la disminuci\u00f3n de la ingesta de hormonas sint\u00e9ticas tradicionalmente utilizadas para este proceso. Previene la aparici\u00f3n de osteoporosis. Ayuda en la prevenci\u00f3n de ciertos tipos de c\u00e1ncer como el de pulm\u00f3n y de mama.<\/span><\/p>\n","protected":false},"featured_media":3757,"comment_status":"closed","ping_status":"closed","template":"","meta":{"_kad_post_transparent":"","_kad_post_title":"","_kad_post_layout":"","_kad_post_sidebar_id":"","_kad_post_content_style":"","_kad_post_vertical_padding":"","_kad_post_feature":"","_kad_post_feature_position":"","_kad_post_header":false,"_kad_post_footer":false},"product_brand":[],"product_cat":[1670,1607,1671],"product_tag":[138,1672,1673,1674,1675,1676,1677,1022],"class_list":{"0":"post-3727","1":"product","2":"type-product","3":"status-publish","4":"has-post-thumbnail","6":"product_cat-ansiedad","7":"product_cat-laboratorios-healthco","8":"product_cat-sindrome-premenstrual","9":"product_tag-ansiedad","10":"product_tag-aumento-de-peso-corporal","11":"product_tag-aumento-del-apetito","12":"product_tag-glandulas-endocrinas","13":"product_tag-metabolismo","14":"product_tag-permeabilidad-capilar","15":"product_tag-sindrome-premenstrual","16":"product_tag-tension-nerviosa","18":"first","19":"instock","20":"shipping-taxable","21":"purchasable","22":"product-type-simple","23":"entry","24":"content-bg","25":"loop-entry"},"_links":{"self":[{"href":"https:\/\/vitaminaselsalvador.net\/index.php\/wp-json\/wp\/v2\/product\/3727","targetHints":{"allow":["GET"]}}],"collection":[{"href":"https:\/\/vitaminaselsalvador.net\/index.php\/wp-json\/wp\/v2\/product"}],"about":[{"href":"https:\/\/vitaminaselsalvador.net\/index.php\/wp-json\/wp\/v2\/types\/product"}],"replies":[{"embeddable":true,"href":"https:\/\/vitaminaselsalvador.net\/index.php\/wp-json\/wp\/v2\/comments?post=3727"}],"wp:featuredmedia":[{"embeddable":true,"href":"https:\/\/vitaminaselsalvador.net\/index.php\/wp-json\/wp\/v2\/media\/3757"}],"wp:attachment":[{"href":"https:\/\/vitaminaselsalvador.net\/index.php\/wp-json\/wp\/v2\/media?parent=3727"}],"wp:term":[{"taxonomy":"product_brand","embeddable":true,"href":"https:\/\/vitaminaselsalvador.net\/index.php\/wp-json\/wp\/v2\/product_brand?post=3727"},{"taxonomy":"product_cat","embeddable":true,"href":"https:\/\/vitaminaselsalvador.net\/index.php\/wp-json\/wp\/v2\/product_cat?post=3727"},{"taxonomy":"product_tag","embeddable":true,"href":"https:\/\/vitaminaselsalvador.net\/index.php\/wp-json\/wp\/v2\/product_tag?post=3727"}],"curies":[{"name":"wp","href":"https:\/\/api.w.org\/{rel}","templated":true}]}}