{"id":3714,"date":"2022-11-02T21:18:31","date_gmt":"2022-11-03T03:18:31","guid":{"rendered":"https:\/\/vitaminaselsalvador.net\/?post_type=product&#038;p=3714"},"modified":"2025-07-08T10:59:27","modified_gmt":"2025-07-08T16:59:27","slug":"bonestrong-suplemento-mineral-30-tabletas","status":"publish","type":"product","link":"https:\/\/vitaminaselsalvador.net\/index.php\/product\/bonestrong-suplemento-mineral-30-tabletas\/","title":{"rendered":"BONESTRONG SUPLEMENTO MINERAL 30 Tabletas"},"content":{"rendered":"<p><span style=\"color: #000000;\">El carbonato de calcio es un suplemento alimenticio usado cuando la cantidad de calcio consumido a trav\u00e9s del r\u00e9gimen alimenticio no es suficiente. El calcio es necesario para mantener sanos los huesos, m\u00fasculos, el sistema nervioso y el coraz\u00f3n.<\/span><\/p>\n<p><span style=\"color: #000000;\">El magnesio ayuda a mantener el funcionamiento normal de m\u00fasculos y nervios, brinda soporte a un sistema inmunitario saludable, mantiene constantes los latidos del coraz\u00f3n y ayuda a que los huesos permanezcan fuertes. Tambi\u00e9n ayuda a ajustar los niveles de glucosa en la sangre. Ayuda en la producci\u00f3n de energ\u00eda y prote\u00edna.<\/span><\/p>\n","protected":false},"excerpt":{"rendered":"<p><strong><span style=\"color: #000000;\">INDICACIONES:<\/span><\/strong><br \/>\n<span style=\"color: #000000;\">Favorece la formaci\u00f3n y solidez de los huesos. Ayuda a prevenir osteoporosis, fortalece huesos fr\u00e1giles, menopausia, o pre menopausia, andropausia. Personas con intolerancia a los l\u00e1cteos, vegetarianos o veganos.<\/span><\/p>\n","protected":false},"featured_media":3744,"comment_status":"closed","ping_status":"closed","template":"","meta":{"_kad_post_transparent":"","_kad_post_title":"","_kad_post_layout":"","_kad_post_sidebar_id":"","_kad_post_content_style":"","_kad_post_vertical_padding":"","_kad_post_feature":"","_kad_post_feature_position":"","_kad_post_header":false,"_kad_post_footer":false},"product_brand":[],"product_cat":[1606,1607,1608],"product_tag":[1609,1610,1611,1612,1613,785,1614,1615,1616,1617],"class_list":{"0":"post-3714","1":"product","2":"type-product","3":"status-publish","4":"has-post-thumbnail","6":"product_cat-huesos-fragiles","7":"product_cat-laboratorios-healthco","8":"product_cat-osteoporosis","9":"product_tag-andropausia","10":"product_tag-formacion","11":"product_tag-huesos-fragiles","12":"product_tag-intolerancia-a-los-lacteos","13":"product_tag-menopausia","14":"product_tag-osteoporosis","15":"product_tag-pre-menopausia","16":"product_tag-solidez","17":"product_tag-veganos","18":"product_tag-vegetarianos","20":"first","21":"instock","22":"shipping-taxable","23":"purchasable","24":"product-type-simple","25":"entry","26":"content-bg","27":"loop-entry"},"_links":{"self":[{"href":"https:\/\/vitaminaselsalvador.net\/index.php\/wp-json\/wp\/v2\/product\/3714","targetHints":{"allow":["GET"]}}],"collection":[{"href":"https:\/\/vitaminaselsalvador.net\/index.php\/wp-json\/wp\/v2\/product"}],"about":[{"href":"https:\/\/vitaminaselsalvador.net\/index.php\/wp-json\/wp\/v2\/types\/product"}],"replies":[{"embeddable":true,"href":"https:\/\/vitaminaselsalvador.net\/index.php\/wp-json\/wp\/v2\/comments?post=3714"}],"wp:featuredmedia":[{"embeddable":true,"href":"https:\/\/vitaminaselsalvador.net\/index.php\/wp-json\/wp\/v2\/media\/3744"}],"wp:attachment":[{"href":"https:\/\/vitaminaselsalvador.net\/index.php\/wp-json\/wp\/v2\/media?parent=3714"}],"wp:term":[{"taxonomy":"product_brand","embeddable":true,"href":"https:\/\/vitaminaselsalvador.net\/index.php\/wp-json\/wp\/v2\/product_brand?post=3714"},{"taxonomy":"product_cat","embeddable":true,"href":"https:\/\/vitaminaselsalvador.net\/index.php\/wp-json\/wp\/v2\/product_cat?post=3714"},{"taxonomy":"product_tag","embeddable":true,"href":"https:\/\/vitaminaselsalvador.net\/index.php\/wp-json\/wp\/v2\/product_tag?post=3714"}],"curies":[{"name":"wp","href":"https:\/\/api.w.org\/{rel}","templated":true}]}}