{"id":3680,"date":"2022-11-02T21:18:07","date_gmt":"2022-11-03T03:18:07","guid":{"rendered":"https:\/\/vitaminaselsalvador.net\/?post_type=product&#038;p=3680"},"modified":"2025-07-08T10:59:27","modified_gmt":"2025-07-08T16:59:27","slug":"forti-5-60-capsulas","status":"publish","type":"product","link":"https:\/\/vitaminaselsalvador.net\/index.php\/product\/forti-5-60-capsulas\/","title":{"rendered":"FORTI-5 60 C\u00e1psulas"},"content":{"rendered":"<p><strong><span style=\"color: #000000;\">MODO DE USO:<\/span><\/strong><br \/>\n<span style=\"color: #000000;\">Se recomienda Tomar 1 a 2 c\u00e1psulas diariamente de Q SkinScience Forti5 60 caps en las ma\u00f1anas de preferencia con el primer alimento. Su uso esta indicado para mayores de 12 a\u00f1os.<\/span><\/p>\n<p><span style=\"color: #000000;\">No utilizar en caso de ser al\u00e9rgico a algunos de los componentes de la F\u00f3rmula. ( Como es el caso de los pacientes con intolerancia al Gluten).<\/span><\/p>\n<p><span style=\"color: #000000;\">Consulte a su Dermat\u00f3logo para mayor informaci\u00f3n.<\/span><\/p>\n","protected":false},"excerpt":{"rendered":"<p><span style=\"color: #000000;\">Luce un cabello nutrido con Q-skin Science Forti5 60 caps. Con este suplemento alimenticio el crecimiento del cabello ser\u00e1 estimulado y notar\u00e1s menos cabellos en la almohada.<\/span><\/p>\n<p><span style=\"color: #000000;\">Es un suplemento diet\u00e9tico cl\u00ednicamente probado, libre de drogas, sin gluten y sin lactosa que ayuda a restaurar y respaldar un crecimiento m\u00e1s grueso y r\u00e1pido del cabello debilitado<\/span><\/p>\n<p><span style=\"color: #000000;\">\u00bfC\u00d3MO ACT\u00daA?<\/span><br \/>\n<span style=\"color: #000000;\">Forti5 es un suplemento nutricional dise\u00f1ado por Dermat\u00f3logos lideres en la investigaci\u00f3n de perdida de cabello mas avanzada actualmente disponible. ayuda a restaurar y apoyar el crecimiento mas grueso y mas r\u00e1pido del cabello adelgazado a trav\u00e9s de cinco agentes:<\/span><\/p>\n<ul>\n<li><span style=\"color: #000000;\">Primero ayuda a la estimulaci\u00f3n natural nutritiva y de apoyo del crecimiento del cabello y ciclo de crecimiento prolongado<\/span><\/li>\n<li><span style=\"color: #000000;\">Da apoyo natural a la prevenci\u00f3n de la ca\u00edda excesiva del cabello.<\/span><\/li>\n<li><span style=\"color: #000000;\">Nutriendo y apoyando un estado m\u00e1s normal y saludable de inflamaci\u00f3n reducida.<\/span><\/li>\n<li><span style=\"color: #000000;\">As\u00ed tambi\u00e9n, aporta naturalmente un estado de hormonas sexuales androg\u00e9nicas m\u00e1s saludable y normalmente equilibrado en el cuerpo<\/span><br \/>\n<span style=\"color: #000000;\">por \u00faltimo entrega de antioxidantes clave<\/span><\/li>\n<\/ul>\n","protected":false},"featured_media":3710,"comment_status":"closed","ping_status":"closed","template":"","meta":{"_kad_post_transparent":"","_kad_post_title":"","_kad_post_layout":"","_kad_post_sidebar_id":"","_kad_post_content_style":"","_kad_post_vertical_padding":"","_kad_post_feature":"","_kad_post_feature_position":"","_kad_post_header":false,"_kad_post_footer":false},"product_brand":[],"product_cat":[1580,1581],"product_tag":[1347,781,1582,1583,1584,1585],"class_list":{"0":"post-3680","1":"product","2":"type-product","3":"status-publish","4":"has-post-thumbnail","6":"product_cat-cabello","7":"product_cat-pelo","8":"product_tag-cabello","9":"product_tag-crecimiento","10":"product_tag-pelo","11":"product_tag-sin-gluten","12":"product_tag-sin-lactosa","13":"product_tag-suplemento-dietetico","15":"first","16":"instock","17":"shipping-taxable","18":"purchasable","19":"product-type-simple","20":"entry","21":"content-bg","22":"loop-entry"},"_links":{"self":[{"href":"https:\/\/vitaminaselsalvador.net\/index.php\/wp-json\/wp\/v2\/product\/3680","targetHints":{"allow":["GET"]}}],"collection":[{"href":"https:\/\/vitaminaselsalvador.net\/index.php\/wp-json\/wp\/v2\/product"}],"about":[{"href":"https:\/\/vitaminaselsalvador.net\/index.php\/wp-json\/wp\/v2\/types\/product"}],"replies":[{"embeddable":true,"href":"https:\/\/vitaminaselsalvador.net\/index.php\/wp-json\/wp\/v2\/comments?post=3680"}],"wp:featuredmedia":[{"embeddable":true,"href":"https:\/\/vitaminaselsalvador.net\/index.php\/wp-json\/wp\/v2\/media\/3710"}],"wp:attachment":[{"href":"https:\/\/vitaminaselsalvador.net\/index.php\/wp-json\/wp\/v2\/media?parent=3680"}],"wp:term":[{"taxonomy":"product_brand","embeddable":true,"href":"https:\/\/vitaminaselsalvador.net\/index.php\/wp-json\/wp\/v2\/product_brand?post=3680"},{"taxonomy":"product_cat","embeddable":true,"href":"https:\/\/vitaminaselsalvador.net\/index.php\/wp-json\/wp\/v2\/product_cat?post=3680"},{"taxonomy":"product_tag","embeddable":true,"href":"https:\/\/vitaminaselsalvador.net\/index.php\/wp-json\/wp\/v2\/product_tag?post=3680"}],"curies":[{"name":"wp","href":"https:\/\/api.w.org\/{rel}","templated":true}]}}