{"id":3679,"date":"2022-11-02T21:18:07","date_gmt":"2022-11-03T03:18:07","guid":{"rendered":"https:\/\/vitaminaselsalvador.net\/?post_type=product&#038;p=3679"},"modified":"2025-07-08T10:59:27","modified_gmt":"2025-07-08T16:59:27","slug":"q-keratin-c3-frasco-60-capsulas","status":"publish","type":"product","link":"https:\/\/vitaminaselsalvador.net\/index.php\/product\/q-keratin-c3-frasco-60-capsulas\/","title":{"rendered":"Q-KERATIN C3 FRASCO 60 C\u00e1psulas"},"content":{"rendered":"<ul>\n<li><span style=\"color: #000000;\">Mejora la humedad de piel: Los estudios cl\u00ednicos muestran cynatine aumenta la humedad de la piel fabricado en Estados Unidos con Swiss biotecnolog\u00eda.<\/span><\/li>\n<li><span style=\"color: #000000;\">Mejora la piel la elasticidad y suavidad de piel: cynatine aumentan la elasticidad de la piel<\/span><\/li>\n<li><span style=\"color: #000000;\">Ayuda a reducir la apariencia de l\u00edneas finas y arrugas: cynatine mejora la estructura y la coherencia de la piel doble ciego las pruebas de demostrar cynatine mejora la compacidad y la estructura de la piel.<\/span><\/li>\n<li><span style=\"color: #000000;\">Ofrece protecci\u00f3n de super-antioxidant: cynatine reduce la tendencia de rotura de u\u00f1as<\/span><\/li>\n<li><span style=\"color: #000000;\">Suministros potente anti inflamatoria beneficios, ayuda a prevenir la rotura de u\u00f1as &amp; soporta salud de u\u00f1as: Biotina soporta crecimiento celular normal en la piel y de las u\u00f1as <\/span><\/li>\n<\/ul>\n","protected":false},"excerpt":{"rendered":"<p><span style=\"color: #000000;\">Q-Keratin C3 es un suplemento nutricional dise\u00f1ado por dermat\u00f3logos l\u00edderes en el mundo basado en las investigaciones m\u00e1s avanzadas sobre la salud de la piel y las u\u00f1as actualmente disponibles. Ayuda a restaurar y mantener la vitalidad y belleza de la piel y las u\u00f1as. Esta f\u00f3rmula nutricional dise\u00f1ada cient\u00edficamente proporciona nutrientes esenciales como el complejo de curcumina C3, queratina y biotina para ayudar a mantener una piel y u\u00f1as brillantes y saludables desde adentro hacia afuera.<\/span><\/p>\n","protected":false},"featured_media":3709,"comment_status":"closed","ping_status":"closed","template":"","meta":{"_kad_post_transparent":"","_kad_post_title":"","_kad_post_layout":"","_kad_post_sidebar_id":"","_kad_post_content_style":"","_kad_post_vertical_padding":"","_kad_post_feature":"","_kad_post_feature_position":"","_kad_post_header":false,"_kad_post_footer":false},"product_brand":[],"product_cat":[1572,1573,1574],"product_tag":[1575,278,1576,284,1577,1578,1492,1579],"class_list":{"0":"post-3679","1":"product","2":"type-product","3":"status-publish","4":"has-post-thumbnail","6":"product_cat-laboratorios-q-skinscience","7":"product_cat-piel","8":"product_cat-queratina","9":"product_tag-belleza","10":"product_tag-biotina","11":"product_tag-curcumina-c3","12":"product_tag-piel","13":"product_tag-queratina","14":"product_tag-suplemento-nutricional","15":"product_tag-unas","16":"product_tag-vitalidad","18":"first","19":"instock","20":"shipping-taxable","21":"purchasable","22":"product-type-simple","23":"entry","24":"content-bg","25":"loop-entry"},"_links":{"self":[{"href":"https:\/\/vitaminaselsalvador.net\/index.php\/wp-json\/wp\/v2\/product\/3679","targetHints":{"allow":["GET"]}}],"collection":[{"href":"https:\/\/vitaminaselsalvador.net\/index.php\/wp-json\/wp\/v2\/product"}],"about":[{"href":"https:\/\/vitaminaselsalvador.net\/index.php\/wp-json\/wp\/v2\/types\/product"}],"replies":[{"embeddable":true,"href":"https:\/\/vitaminaselsalvador.net\/index.php\/wp-json\/wp\/v2\/comments?post=3679"}],"wp:featuredmedia":[{"embeddable":true,"href":"https:\/\/vitaminaselsalvador.net\/index.php\/wp-json\/wp\/v2\/media\/3709"}],"wp:attachment":[{"href":"https:\/\/vitaminaselsalvador.net\/index.php\/wp-json\/wp\/v2\/media?parent=3679"}],"wp:term":[{"taxonomy":"product_brand","embeddable":true,"href":"https:\/\/vitaminaselsalvador.net\/index.php\/wp-json\/wp\/v2\/product_brand?post=3679"},{"taxonomy":"product_cat","embeddable":true,"href":"https:\/\/vitaminaselsalvador.net\/index.php\/wp-json\/wp\/v2\/product_cat?post=3679"},{"taxonomy":"product_tag","embeddable":true,"href":"https:\/\/vitaminaselsalvador.net\/index.php\/wp-json\/wp\/v2\/product_tag?post=3679"}],"curies":[{"name":"wp","href":"https:\/\/api.w.org\/{rel}","templated":true}]}}