{"id":3677,"date":"2022-11-02T21:18:06","date_gmt":"2022-11-03T03:18:06","guid":{"rendered":"https:\/\/vitaminaselsalvador.net\/?post_type=product&#038;p=3677"},"modified":"2025-07-08T10:59:27","modified_gmt":"2025-07-08T16:59:27","slug":"babysil-crema-antipanalitis-3-pack","status":"publish","type":"product","link":"https:\/\/vitaminaselsalvador.net\/index.php\/product\/babysil-crema-antipanalitis-3-pack\/","title":{"rendered":"BABYSIL CREMA ANTIPA\u00d1ALITIS 3 PACK"},"content":{"rendered":"<p><span style=\"color: #000000;\"><strong>DOSIS:<\/strong> <\/span><br \/>\n<span style=\"color: #000000;\">Uso externo \u00fanicamente. Limpie el \u00e1rea afectada del pa\u00f1al y aplique una capa delgada de Babysil crema cada vez que este se cambie.<\/span><\/p>\n<p><span style=\"color: #000000;\">Cada 50 gr. contienen:<\/span><\/p>\n<p><span style=\"color: #000000;\">Vitamina A<\/span><br \/>\n<span style=\"color: #000000;\">Vitamina D2<\/span><br \/>\n<span style=\"color: #000000;\">Cloruro de Benzalconio<\/span><br \/>\n<span style=\"color: #000000;\">\u00d3xido de Zinc<\/span><br \/>\n<span style=\"color: #000000;\">Lanolina<\/span><\/p>\n","protected":false},"excerpt":{"rendered":"<p><strong><span style=\"color: #000000;\">INDICACIONES Y ACCI\u00d3N TERAP\u00c9UTICA:<\/span><\/strong><br \/>\n<span style=\"color: #000000;\">Tratamiento de irritaciones de la piel por uso del pa\u00f1al, regenerador de tejidos y en quemaduras leves.<\/span><\/p>\n","protected":false},"featured_media":3707,"comment_status":"closed","ping_status":"closed","template":"","meta":{"_kad_post_transparent":"","_kad_post_title":"","_kad_post_layout":"","_kad_post_sidebar_id":"","_kad_post_content_style":"","_kad_post_vertical_padding":"","_kad_post_feature":"","_kad_post_feature_position":"","_kad_post_header":false,"_kad_post_footer":false},"product_brand":[],"product_cat":[1559,1560,424,1561],"product_tag":[1196,1562,284,1563,1564,1565],"class_list":{"0":"post-3677","1":"product","2":"type-product","3":"status-publish","4":"has-post-thumbnail","6":"product_cat-bebes","7":"product_cat-irritacion","8":"product_cat-laboratorios-suizos","9":"product_cat-quemadura","10":"product_tag-irritacion","11":"product_tag-panal","12":"product_tag-piel","13":"product_tag-quemaduras-leves","14":"product_tag-regenerador","15":"product_tag-tejidos","17":"first","18":"instock","19":"shipping-taxable","20":"purchasable","21":"product-type-simple","22":"entry","23":"content-bg","24":"loop-entry"},"_links":{"self":[{"href":"https:\/\/vitaminaselsalvador.net\/index.php\/wp-json\/wp\/v2\/product\/3677","targetHints":{"allow":["GET"]}}],"collection":[{"href":"https:\/\/vitaminaselsalvador.net\/index.php\/wp-json\/wp\/v2\/product"}],"about":[{"href":"https:\/\/vitaminaselsalvador.net\/index.php\/wp-json\/wp\/v2\/types\/product"}],"replies":[{"embeddable":true,"href":"https:\/\/vitaminaselsalvador.net\/index.php\/wp-json\/wp\/v2\/comments?post=3677"}],"wp:featuredmedia":[{"embeddable":true,"href":"https:\/\/vitaminaselsalvador.net\/index.php\/wp-json\/wp\/v2\/media\/3707"}],"wp:attachment":[{"href":"https:\/\/vitaminaselsalvador.net\/index.php\/wp-json\/wp\/v2\/media?parent=3677"}],"wp:term":[{"taxonomy":"product_brand","embeddable":true,"href":"https:\/\/vitaminaselsalvador.net\/index.php\/wp-json\/wp\/v2\/product_brand?post=3677"},{"taxonomy":"product_cat","embeddable":true,"href":"https:\/\/vitaminaselsalvador.net\/index.php\/wp-json\/wp\/v2\/product_cat?post=3677"},{"taxonomy":"product_tag","embeddable":true,"href":"https:\/\/vitaminaselsalvador.net\/index.php\/wp-json\/wp\/v2\/product_tag?post=3677"}],"curies":[{"name":"wp","href":"https:\/\/api.w.org\/{rel}","templated":true}]}}