{"id":3675,"date":"2022-11-02T21:18:06","date_gmt":"2022-11-03T03:18:06","guid":{"rendered":"https:\/\/vitaminaselsalvador.net\/?post_type=product&#038;p=3675"},"modified":"2025-07-08T10:59:26","modified_gmt":"2025-07-08T16:59:26","slug":"betnofit-0-1-crema-tubo-30g-3-pack","status":"publish","type":"product","link":"https:\/\/vitaminaselsalvador.net\/index.php\/product\/betnofit-0-1-crema-tubo-30g-3-pack\/","title":{"rendered":"BETNOFIT 0.1% CREMA TUBO 30g 3 PACK"},"content":{"rendered":"<p><strong><span style=\"color: #000000;\">CONTRA-INDICACIONES:<\/span><\/strong><br \/>\n<span style=\"color: #000000;\">Si es al\u00e9rgico a la betametasona. Este medicamento est\u00e1 contraindicado en ni\u00f1os menores de 1 a\u00f1o y no est\u00e1 indicado en menores de 12 a\u00f1os.<\/span><\/p>\n<p><span style=\"color: #000000;\">Betametasona 0.10%<\/span><\/p>\n","protected":false},"excerpt":{"rendered":"<p><strong><span style=\"color: #000000;\">INDICACIONES:<\/span><\/strong><br \/>\n<span style=\"color: #000000;\">Es un antiinflamatorio, antial\u00e9rgico y antipruriginoso para uso t\u00f3pico. Todas las dermatosis inflamatorias y al\u00e9rgicas en las cuales se justifique la corticoterapia local y, en particular, dermatosis rebeldes, eczemas de contacto, psoriasis, neurodermitis, liquenificaciones, paraqueratosis, pruritos al\u00e9rgicos, pruritos anovulvares.<\/span><\/p>\n","protected":false},"featured_media":3705,"comment_status":"closed","ping_status":"closed","template":"","meta":{"_kad_post_transparent":"","_kad_post_title":"","_kad_post_layout":"","_kad_post_sidebar_id":"","_kad_post_content_style":"","_kad_post_vertical_padding":"","_kad_post_feature":"","_kad_post_feature_position":"","_kad_post_header":false,"_kad_post_footer":false},"product_brand":[],"product_cat":[1542,1543],"product_tag":[1544,1545,708,1546,1464,1547,1548,1387,1549],"class_list":{"0":"post-3675","1":"product","2":"type-product","3":"status-publish","4":"has-post-thumbnail","6":"product_cat-antialergico","7":"product_cat-laboratorios-haut-pharma","8":"product_tag-alergia","9":"product_tag-antialergico","10":"product_tag-antiinflamatorio","11":"product_tag-antipruriginoso","12":"product_tag-corticoterapia","13":"product_tag-dermatosis-inflamatoria","14":"product_tag-eczema","15":"product_tag-prurito","16":"product_tag-psoriasis","18":"first","19":"instock","20":"shipping-taxable","21":"purchasable","22":"product-type-simple","23":"entry","24":"content-bg","25":"loop-entry"},"_links":{"self":[{"href":"https:\/\/vitaminaselsalvador.net\/index.php\/wp-json\/wp\/v2\/product\/3675","targetHints":{"allow":["GET"]}}],"collection":[{"href":"https:\/\/vitaminaselsalvador.net\/index.php\/wp-json\/wp\/v2\/product"}],"about":[{"href":"https:\/\/vitaminaselsalvador.net\/index.php\/wp-json\/wp\/v2\/types\/product"}],"replies":[{"embeddable":true,"href":"https:\/\/vitaminaselsalvador.net\/index.php\/wp-json\/wp\/v2\/comments?post=3675"}],"wp:featuredmedia":[{"embeddable":true,"href":"https:\/\/vitaminaselsalvador.net\/index.php\/wp-json\/wp\/v2\/media\/3705"}],"wp:attachment":[{"href":"https:\/\/vitaminaselsalvador.net\/index.php\/wp-json\/wp\/v2\/media?parent=3675"}],"wp:term":[{"taxonomy":"product_brand","embeddable":true,"href":"https:\/\/vitaminaselsalvador.net\/index.php\/wp-json\/wp\/v2\/product_brand?post=3675"},{"taxonomy":"product_cat","embeddable":true,"href":"https:\/\/vitaminaselsalvador.net\/index.php\/wp-json\/wp\/v2\/product_cat?post=3675"},{"taxonomy":"product_tag","embeddable":true,"href":"https:\/\/vitaminaselsalvador.net\/index.php\/wp-json\/wp\/v2\/product_tag?post=3675"}],"curies":[{"name":"wp","href":"https:\/\/api.w.org\/{rel}","templated":true}]}}