{"id":3674,"date":"2022-11-02T21:18:06","date_gmt":"2022-11-03T03:18:06","guid":{"rendered":"https:\/\/vitaminaselsalvador.net\/?post_type=product&#038;p=3674"},"modified":"2025-07-08T10:59:26","modified_gmt":"2025-07-08T16:59:26","slug":"ultra-neuraxin-2-ampollas-3-pack","status":"publish","type":"product","link":"https:\/\/vitaminaselsalvador.net\/index.php\/product\/ultra-neuraxin-2-ampollas-3-pack\/","title":{"rendered":"ULTRA-NEURAXIN 2 Ampollas 3 PACK"},"content":{"rendered":"<p><strong><span style=\"color: #000000;\">CONTRA-INDICACIONES:<\/span><\/strong><br \/>\n<span style=\"color: #000000;\">En pacientes hipersensibles a los componentes de la f\u00f3rmula.<\/span><\/p>\n<p><span style=\"color: #000000;\">Vitamina B15 100.00MG<\/span><br \/>\n<span style=\"color: #000000;\">Vitamina B12 10000.00MG<\/span><br \/>\n<span style=\"color: #000000;\">Vitamina B6 100.00MG<\/span><br \/>\n<span style=\"color: #000000;\">Vitamina B1 250.00MG<\/span><\/p>\n","protected":false},"excerpt":{"rendered":"<p><strong><span style=\"color: #000000;\">INDICACIONES:<\/span><\/strong><br \/>\n<span style=\"color: #000000;\">Ultra-neuraxin anti-stress se indica como antineur\u00edtico, antiestr\u00e9s, hematopoy\u00e9tico y antian\u00f3xico. Indicado en la prevenci\u00f3n o tratamiento de las deficiencias de estas vitaminas por aumento en el gasto metab\u00f3lico diario. auxiliar en el tratamiento de la polineuritis, neuralgia perif\u00e9rica, facial, del trig\u00e9mino y herp\u00e9tica; en personas con alteraciones del sue\u00f1o o sometidas a mucho estr\u00e9s.<\/span><\/p>\n","protected":false},"featured_media":3704,"comment_status":"closed","ping_status":"closed","template":"","meta":{"_kad_post_transparent":"","_kad_post_title":"","_kad_post_layout":"","_kad_post_sidebar_id":"","_kad_post_content_style":"","_kad_post_vertical_padding":"","_kad_post_feature":"","_kad_post_feature_position":"","_kad_post_header":false,"_kad_post_footer":false},"product_brand":[],"product_cat":[1535,1536,383],"product_tag":[1537,1538,1539,1540,440,179,1541,441],"class_list":{"0":"post-3674","1":"product","2":"type-product","3":"status-publish","4":"has-post-thumbnail","6":"product_cat-antiestres","7":"product_cat-antineuritico","8":"product_cat-laboratorios-paill","9":"product_tag-antianoxico","10":"product_tag-antiestres","11":"product_tag-antineuritico","12":"product_tag-hematopoyetico","13":"product_tag-vitamina-b1","14":"product_tag-vitamina-b12","15":"product_tag-vitamina-b15","16":"product_tag-vitamina-b6","18":"first","19":"instock","20":"shipping-taxable","21":"purchasable","22":"product-type-simple","23":"entry","24":"content-bg","25":"loop-entry"},"_links":{"self":[{"href":"https:\/\/vitaminaselsalvador.net\/index.php\/wp-json\/wp\/v2\/product\/3674","targetHints":{"allow":["GET"]}}],"collection":[{"href":"https:\/\/vitaminaselsalvador.net\/index.php\/wp-json\/wp\/v2\/product"}],"about":[{"href":"https:\/\/vitaminaselsalvador.net\/index.php\/wp-json\/wp\/v2\/types\/product"}],"replies":[{"embeddable":true,"href":"https:\/\/vitaminaselsalvador.net\/index.php\/wp-json\/wp\/v2\/comments?post=3674"}],"wp:featuredmedia":[{"embeddable":true,"href":"https:\/\/vitaminaselsalvador.net\/index.php\/wp-json\/wp\/v2\/media\/3704"}],"wp:attachment":[{"href":"https:\/\/vitaminaselsalvador.net\/index.php\/wp-json\/wp\/v2\/media?parent=3674"}],"wp:term":[{"taxonomy":"product_brand","embeddable":true,"href":"https:\/\/vitaminaselsalvador.net\/index.php\/wp-json\/wp\/v2\/product_brand?post=3674"},{"taxonomy":"product_cat","embeddable":true,"href":"https:\/\/vitaminaselsalvador.net\/index.php\/wp-json\/wp\/v2\/product_cat?post=3674"},{"taxonomy":"product_tag","embeddable":true,"href":"https:\/\/vitaminaselsalvador.net\/index.php\/wp-json\/wp\/v2\/product_tag?post=3674"}],"curies":[{"name":"wp","href":"https:\/\/api.w.org\/{rel}","templated":true}]}}