{"id":3673,"date":"2022-11-02T21:18:06","date_gmt":"2022-11-03T03:18:06","guid":{"rendered":"https:\/\/vitaminaselsalvador.net\/?post_type=product&#038;p=3673"},"modified":"2025-07-08T10:59:25","modified_gmt":"2025-07-08T16:59:25","slug":"ultra-doceplex-rapid-sublingual-100-tabletas","status":"publish","type":"product","link":"https:\/\/vitaminaselsalvador.net\/index.php\/product\/ultra-doceplex-rapid-sublingual-100-tabletas\/","title":{"rendered":"ULTRA-DOCEPLEX RAPID SUBLINGUAL 100 Tabletas"},"content":{"rendered":"<p><strong><span style=\"color: #000000;\">CONTRA-INDICACIONES:<\/span><\/strong><br \/>\n<span style=\"color: #000000;\">Hipersensibilidad a alguno de sus componentes.<\/span><\/p>\n<p><span style=\"color: #000000;\">Vitamina B9 600.00MCG<\/span><br \/>\n<span style=\"color: #000000;\">Vitamina B12 1000.00MCG<\/span><br \/>\n<span style=\"color: #000000;\">Vitamina B6 2.00MG<\/span><\/p>\n","protected":false},"excerpt":{"rendered":"<p><span style=\"color: #000000;\">Ultra Doceplex Rapid se administra por v\u00eda sublingual para una m\u00e1xima absorci\u00f3n, ayudando en la producci\u00f3n de energ\u00eda, la salud cardiovascular y el sistema nervioso.<\/span><\/p>\n<p><strong><span style=\"color: #000000;\">INDICACIONES:<\/span><\/strong><br \/>\n<span style=\"color: #000000;\">Mejora tu rendimiento fisico, reduce el estr\u00e9s y la fatiga y mejora tu sistema nervioso.<\/span><\/p>\n","protected":false},"featured_media":3703,"comment_status":"closed","ping_status":"closed","template":"","meta":{"_kad_post_transparent":"","_kad_post_title":"","_kad_post_layout":"","_kad_post_sidebar_id":"","_kad_post_content_style":"","_kad_post_vertical_padding":"","_kad_post_feature":"","_kad_post_feature_position":"","_kad_post_header":false,"_kad_post_footer":false},"product_brand":[],"product_cat":[1531,1532,94],"product_tag":[960,148,860,1530,1533,1534],"class_list":{"0":"post-3673","1":"product","2":"type-product","3":"status-publish","4":"has-post-thumbnail","6":"product_cat-estres","7":"product_cat-fatiga","8":"product_cat-laboratorios-vijosa","9":"product_tag-cansancio","10":"product_tag-estres","11":"product_tag-fatiga","12":"product_tag-fisico","13":"product_tag-rendimiento","14":"product_tag-sistema-nervioso","16":"first","17":"instock","18":"shipping-taxable","19":"purchasable","20":"product-type-simple","21":"entry","22":"content-bg","23":"loop-entry"},"_links":{"self":[{"href":"https:\/\/vitaminaselsalvador.net\/index.php\/wp-json\/wp\/v2\/product\/3673","targetHints":{"allow":["GET"]}}],"collection":[{"href":"https:\/\/vitaminaselsalvador.net\/index.php\/wp-json\/wp\/v2\/product"}],"about":[{"href":"https:\/\/vitaminaselsalvador.net\/index.php\/wp-json\/wp\/v2\/types\/product"}],"replies":[{"embeddable":true,"href":"https:\/\/vitaminaselsalvador.net\/index.php\/wp-json\/wp\/v2\/comments?post=3673"}],"wp:featuredmedia":[{"embeddable":true,"href":"https:\/\/vitaminaselsalvador.net\/index.php\/wp-json\/wp\/v2\/media\/3703"}],"wp:attachment":[{"href":"https:\/\/vitaminaselsalvador.net\/index.php\/wp-json\/wp\/v2\/media?parent=3673"}],"wp:term":[{"taxonomy":"product_brand","embeddable":true,"href":"https:\/\/vitaminaselsalvador.net\/index.php\/wp-json\/wp\/v2\/product_brand?post=3673"},{"taxonomy":"product_cat","embeddable":true,"href":"https:\/\/vitaminaselsalvador.net\/index.php\/wp-json\/wp\/v2\/product_cat?post=3673"},{"taxonomy":"product_tag","embeddable":true,"href":"https:\/\/vitaminaselsalvador.net\/index.php\/wp-json\/wp\/v2\/product_tag?post=3673"}],"curies":[{"name":"wp","href":"https:\/\/api.w.org\/{rel}","templated":true}]}}