{"id":3670,"date":"2022-11-02T21:18:05","date_gmt":"2022-11-03T03:18:05","guid":{"rendered":"https:\/\/vitaminaselsalvador.net\/?post_type=product&#038;p=3670"},"modified":"2025-07-08T10:59:25","modified_gmt":"2025-07-08T16:59:25","slug":"contractubex-gel-tubo-50g","status":"publish","type":"product","link":"https:\/\/vitaminaselsalvador.net\/index.php\/product\/contractubex-gel-tubo-50g\/","title":{"rendered":"CONTRACTUBEX GEL TUBO 50g"},"content":{"rendered":"<p><strong><span style=\"color: #000000;\">CONTRA-INDICACIONES:<\/span><\/strong><br \/>\n<span style=\"color: #000000;\">No deber\u00e1 ser utilizado por pacientes con hipersensibilidad a los componentes de la f\u00f3rmula, extracto de cebolla, heparina s\u00f3dica, alanto\u00edna, \u00e1cido s\u00f3rbico, 4-hidroxibenzoato de metilo (parabenos), o a cualquier otro ingrediente de la f\u00f3rmula.<\/span><\/p>\n<p><span style=\"color: #000000;\">Heparina Sodica &#8212;&#8211; 5000.00 UI<\/span><br \/>\n<span style=\"color: #000000;\">Estracto de Cepae &#8212; 10.00 GR<\/span><\/p>\n","protected":false},"excerpt":{"rendered":"<p><strong><span style=\"color: #000000;\">INDICACIONES:<\/span><\/strong><br \/>\n<span style=\"color: #000000;\">Est\u00e1 indicado en las cicatrices hipertr\u00f3ficas, queloides, que desfiguran cosm\u00e9ticamente o que restringen el movimiento, despu\u00e9s de intervenciones quir\u00fargicas, amputaciones, quemaduras y accidentes<\/span><\/p>\n","protected":false},"featured_media":3700,"comment_status":"closed","ping_status":"closed","template":"","meta":{"_kad_post_transparent":"","_kad_post_title":"","_kad_post_layout":"","_kad_post_sidebar_id":"","_kad_post_content_style":"","_kad_post_vertical_padding":"","_kad_post_feature":"","_kad_post_feature_position":"","_kad_post_header":false,"_kad_post_footer":false},"product_brand":[],"product_cat":[1511,1512,1513],"product_tag":[1514,1515,1516,1517,1518,339],"class_list":{"0":"post-3670","1":"product","2":"type-product","3":"status-publish","4":"has-post-thumbnail","6":"product_cat-cicatrices","7":"product_cat-laboratorios-merz","8":"product_cat-quemaduras","9":"product_tag-accidentes","10":"product_tag-amputaciones","11":"product_tag-cicatrices","12":"product_tag-hipertroficas","13":"product_tag-queloides","14":"product_tag-quemaduras","16":"first","17":"instock","18":"shipping-taxable","19":"purchasable","20":"product-type-simple","21":"entry","22":"content-bg","23":"loop-entry"},"_links":{"self":[{"href":"https:\/\/vitaminaselsalvador.net\/index.php\/wp-json\/wp\/v2\/product\/3670","targetHints":{"allow":["GET"]}}],"collection":[{"href":"https:\/\/vitaminaselsalvador.net\/index.php\/wp-json\/wp\/v2\/product"}],"about":[{"href":"https:\/\/vitaminaselsalvador.net\/index.php\/wp-json\/wp\/v2\/types\/product"}],"replies":[{"embeddable":true,"href":"https:\/\/vitaminaselsalvador.net\/index.php\/wp-json\/wp\/v2\/comments?post=3670"}],"wp:featuredmedia":[{"embeddable":true,"href":"https:\/\/vitaminaselsalvador.net\/index.php\/wp-json\/wp\/v2\/media\/3700"}],"wp:attachment":[{"href":"https:\/\/vitaminaselsalvador.net\/index.php\/wp-json\/wp\/v2\/media?parent=3670"}],"wp:term":[{"taxonomy":"product_brand","embeddable":true,"href":"https:\/\/vitaminaselsalvador.net\/index.php\/wp-json\/wp\/v2\/product_brand?post=3670"},{"taxonomy":"product_cat","embeddable":true,"href":"https:\/\/vitaminaselsalvador.net\/index.php\/wp-json\/wp\/v2\/product_cat?post=3670"},{"taxonomy":"product_tag","embeddable":true,"href":"https:\/\/vitaminaselsalvador.net\/index.php\/wp-json\/wp\/v2\/product_tag?post=3670"}],"curies":[{"name":"wp","href":"https:\/\/api.w.org\/{rel}","templated":true}]}}