{"id":3668,"date":"2022-11-02T21:18:05","date_gmt":"2022-11-03T03:18:05","guid":{"rendered":"https:\/\/vitaminaselsalvador.net\/?post_type=product&#038;p=3668"},"modified":"2025-07-08T10:59:25","modified_gmt":"2025-07-08T16:59:25","slug":"esomeprazol-calox-40mg-14-tabletas-2","status":"publish","type":"product","link":"https:\/\/vitaminaselsalvador.net\/index.php\/product\/esomeprazol-calox-40mg-14-tabletas-2\/","title":{"rendered":"ESOMEPRAZOL CALOX 40mg 14 Tabletas"},"content":{"rendered":"<p><strong><span style=\"color: #000000;\">CONTRA-INDICACIONES:<\/span><\/strong><br \/>\n<span style=\"color: #000000;\">Hipersensibilidad a esomeprazol, a benzomidazoles sustituidos.<\/span><\/p>\n<p><span style=\"color: #000000;\">Esomeprazol 40.00MG<\/span><\/p>\n","protected":false},"excerpt":{"rendered":"<p><strong><span style=\"color: #000000;\">INDICACIONES:<\/span><\/strong><br \/>\n<span style=\"color: #000000;\">Esomeprazol calox est\u00e1 indicado en: enfermedad por reflujo gastroesof\u00e1gico . Tratamiento de esofagitis erosiva por reflujo. Prevenir reca\u00eddas en el tratamiento a largo plazo de esofagitis cicatrizada. Tratamiento sintom\u00e1tico de rge. Pacientes que requieren terapia con aines: tratamiento de s\u00edntomas gastrointestinales superiores asociados a la terapia con medicamentos antiinflamatorios no esteroideos.<\/span><\/p>\n","protected":false},"featured_media":3698,"comment_status":"closed","ping_status":"closed","template":"","meta":{"_kad_post_transparent":"","_kad_post_title":"","_kad_post_layout":"","_kad_post_sidebar_id":"","_kad_post_content_style":"","_kad_post_vertical_padding":"","_kad_post_feature":"","_kad_post_feature_position":"","_kad_post_header":false,"_kad_post_footer":false},"product_brand":[],"product_cat":[1503,1437,1504],"product_tag":[1505,1506,1443,1507],"class_list":{"0":"post-3668","1":"product","2":"type-product","3":"status-publish","4":"has-post-thumbnail","6":"product_cat-esofagitis","7":"product_cat-laboratorios-calox","8":"product_cat-reflujo","9":"product_tag-esofagitis-cicatrizada","10":"product_tag-esofagitis-erosiva-por-reflujo","11":"product_tag-reflujo-gastroesofatico","12":"product_tag-sintomas-gastrointestinales","14":"first","15":"instock","16":"shipping-taxable","17":"purchasable","18":"product-type-simple","19":"entry","20":"content-bg","21":"loop-entry"},"_links":{"self":[{"href":"https:\/\/vitaminaselsalvador.net\/index.php\/wp-json\/wp\/v2\/product\/3668","targetHints":{"allow":["GET"]}}],"collection":[{"href":"https:\/\/vitaminaselsalvador.net\/index.php\/wp-json\/wp\/v2\/product"}],"about":[{"href":"https:\/\/vitaminaselsalvador.net\/index.php\/wp-json\/wp\/v2\/types\/product"}],"replies":[{"embeddable":true,"href":"https:\/\/vitaminaselsalvador.net\/index.php\/wp-json\/wp\/v2\/comments?post=3668"}],"wp:featuredmedia":[{"embeddable":true,"href":"https:\/\/vitaminaselsalvador.net\/index.php\/wp-json\/wp\/v2\/media\/3698"}],"wp:attachment":[{"href":"https:\/\/vitaminaselsalvador.net\/index.php\/wp-json\/wp\/v2\/media?parent=3668"}],"wp:term":[{"taxonomy":"product_brand","embeddable":true,"href":"https:\/\/vitaminaselsalvador.net\/index.php\/wp-json\/wp\/v2\/product_brand?post=3668"},{"taxonomy":"product_cat","embeddable":true,"href":"https:\/\/vitaminaselsalvador.net\/index.php\/wp-json\/wp\/v2\/product_cat?post=3668"},{"taxonomy":"product_tag","embeddable":true,"href":"https:\/\/vitaminaselsalvador.net\/index.php\/wp-json\/wp\/v2\/product_tag?post=3668"}],"curies":[{"name":"wp","href":"https:\/\/api.w.org\/{rel}","templated":true}]}}