{"id":3665,"date":"2022-11-02T21:18:05","date_gmt":"2022-11-03T03:18:05","guid":{"rendered":"https:\/\/vitaminaselsalvador.net\/?post_type=product&#038;p=3665"},"modified":"2025-07-08T10:59:25","modified_gmt":"2025-07-08T16:59:25","slug":"hongosil-plus-crema-15g-3-pack","status":"publish","type":"product","link":"https:\/\/vitaminaselsalvador.net\/index.php\/product\/hongosil-plus-crema-15g-3-pack\/","title":{"rendered":"HONGOSIL PLUS CREMA 15g 3 PACK"},"content":{"rendered":"<p><strong>CONTRA-INDICACIONES:<\/strong><br \/>\nAlergia al clotrimazol. informe al m\u00e9dico si est\u00e1 embarazada, si tiene planes de quedar embarazada o si est\u00e1 amamantando. Llame a su m\u00e9dico si queda embarazada mientras usa el clotrimazol<\/p>\n<p>Clotrimazol &#8212;&#8212;&#8212;- 0.40GR<br \/>\nAcido Undecilenico &#8211; 1.85GR<\/p>\n","protected":false},"excerpt":{"rendered":"<p><strong><span style=\"color: #000000;\">INDICACIONES:<\/span><\/strong><br \/>\n<span style=\"color: #000000;\">Tratamiento intensivo de los hongos en las u\u00f1as de pies y manos. Adem\u00e1s est\u00e1 indicado en cambios de color y deformidades en las u\u00f1as de pies y manos. Alivia el mal olor en las u\u00f1as afectadas. Antimic\u00f3tico fungicida.<\/span><\/p>\n","protected":false},"featured_media":3695,"comment_status":"closed","ping_status":"closed","template":"","meta":{"_kad_post_transparent":"","_kad_post_title":"","_kad_post_layout":"","_kad_post_sidebar_id":"","_kad_post_content_style":"","_kad_post_vertical_padding":"","_kad_post_feature":"","_kad_post_feature_position":"","_kad_post_header":false,"_kad_post_footer":false},"product_brand":[],"product_cat":[1481,424,1482,1483,1484],"product_tag":[1485,1486,1487,1488,1489,1490,1229,1491,1492,1493],"class_list":{"0":"post-3665","1":"product","2":"type-product","3":"status-publish","4":"has-post-thumbnail","6":"product_cat-hongos","7":"product_cat-laboratorios-suizos","8":"product_cat-manos","9":"product_cat-pies","10":"product_cat-unas","11":"product_tag-antimicotico","12":"product_tag-cambios-de-color","13":"product_tag-deformidades","14":"product_tag-fungicida","15":"product_tag-hongos","16":"product_tag-mal-olor","17":"product_tag-manos","18":"product_tag-pies","19":"product_tag-unas","20":"product_tag-unas-afectadas","22":"first","23":"instock","24":"shipping-taxable","25":"purchasable","26":"product-type-simple","27":"entry","28":"content-bg","29":"loop-entry"},"_links":{"self":[{"href":"https:\/\/vitaminaselsalvador.net\/index.php\/wp-json\/wp\/v2\/product\/3665","targetHints":{"allow":["GET"]}}],"collection":[{"href":"https:\/\/vitaminaselsalvador.net\/index.php\/wp-json\/wp\/v2\/product"}],"about":[{"href":"https:\/\/vitaminaselsalvador.net\/index.php\/wp-json\/wp\/v2\/types\/product"}],"replies":[{"embeddable":true,"href":"https:\/\/vitaminaselsalvador.net\/index.php\/wp-json\/wp\/v2\/comments?post=3665"}],"wp:featuredmedia":[{"embeddable":true,"href":"https:\/\/vitaminaselsalvador.net\/index.php\/wp-json\/wp\/v2\/media\/3695"}],"wp:attachment":[{"href":"https:\/\/vitaminaselsalvador.net\/index.php\/wp-json\/wp\/v2\/media?parent=3665"}],"wp:term":[{"taxonomy":"product_brand","embeddable":true,"href":"https:\/\/vitaminaselsalvador.net\/index.php\/wp-json\/wp\/v2\/product_brand?post=3665"},{"taxonomy":"product_cat","embeddable":true,"href":"https:\/\/vitaminaselsalvador.net\/index.php\/wp-json\/wp\/v2\/product_cat?post=3665"},{"taxonomy":"product_tag","embeddable":true,"href":"https:\/\/vitaminaselsalvador.net\/index.php\/wp-json\/wp\/v2\/product_tag?post=3665"}],"curies":[{"name":"wp","href":"https:\/\/api.w.org\/{rel}","templated":true}]}}