{"id":3664,"date":"2022-11-02T21:18:04","date_gmt":"2022-11-03T03:18:04","guid":{"rendered":"https:\/\/vitaminaselsalvador.net\/?post_type=product&#038;p=3664"},"modified":"2025-07-08T11:05:12","modified_gmt":"2025-07-08T17:05:12","slug":"diclofenac-potasico-ecomed-50mg-100-tabletas","status":"publish","type":"product","link":"https:\/\/vitaminaselsalvador.net\/index.php\/product\/diclofenac-potasico-ecomed-50mg-100-tabletas\/","title":{"rendered":"DICLOFENAC POTASICO ECOMED 50mg 100 Tabletas"},"content":{"rendered":"<p><strong><span style=\"color: #000000;\">CONTRA-INDICACIONES:<\/span><\/strong><br \/>\n<span style=\"color: #000000;\">Hipersensibilidad al diclofenaco ulceras gastricas o intestinales.<\/span><\/p>\n<p><span style=\"color: #000000;\">Diclofenaco Potasico 50.00MG<\/span><\/p>\n","protected":false},"excerpt":{"rendered":"<p><strong><span style=\"color: #000000;\">INDICACIONES:<\/span><\/strong><br \/>\n<span style=\"color: #000000;\">Est\u00e1 indicado como analg\u00e9sico, antiinflamatorio y antipir\u00e9tico no esteroideo en afecciones musculosquel\u00e9ticas, ginecol\u00f3gicas, otorrinolaringol\u00f3gicas, que manifiestan inflamaci\u00f3n, dolor y\/o fiebre.<\/span><\/p>\n","protected":false},"featured_media":3694,"comment_status":"closed","ping_status":"closed","template":"","meta":{"_kad_post_transparent":"","_kad_post_title":"","_kad_post_layout":"","_kad_post_sidebar_id":"","_kad_post_content_style":"","_kad_post_vertical_padding":"","_kad_post_feature":"","_kad_post_feature_position":"","_kad_post_header":false,"_kad_post_footer":false},"product_brand":[],"product_cat":[1457],"product_tag":[1477,1207,708,1478,1215,221,1479,917,1480],"class_list":{"0":"post-3664","1":"product","2":"type-product","3":"status-publish","4":"has-post-thumbnail","6":"product_cat-laboratorios-ecomed","7":"product_tag-afecciones-musculoesqueleticas","8":"product_tag-analgesico","9":"product_tag-antiinflamatorio","10":"product_tag-antipiretico-no-esteroideo","11":"product_tag-dolor","12":"product_tag-fiebre","13":"product_tag-ginecologicas","14":"product_tag-inflamacion","15":"product_tag-otorrinonaringologicas","17":"first","18":"instock","19":"shipping-taxable","20":"purchasable","21":"product-type-simple","22":"entry","23":"content-bg","24":"loop-entry"},"_links":{"self":[{"href":"https:\/\/vitaminaselsalvador.net\/index.php\/wp-json\/wp\/v2\/product\/3664","targetHints":{"allow":["GET"]}}],"collection":[{"href":"https:\/\/vitaminaselsalvador.net\/index.php\/wp-json\/wp\/v2\/product"}],"about":[{"href":"https:\/\/vitaminaselsalvador.net\/index.php\/wp-json\/wp\/v2\/types\/product"}],"replies":[{"embeddable":true,"href":"https:\/\/vitaminaselsalvador.net\/index.php\/wp-json\/wp\/v2\/comments?post=3664"}],"wp:featuredmedia":[{"embeddable":true,"href":"https:\/\/vitaminaselsalvador.net\/index.php\/wp-json\/wp\/v2\/media\/3694"}],"wp:attachment":[{"href":"https:\/\/vitaminaselsalvador.net\/index.php\/wp-json\/wp\/v2\/media?parent=3664"}],"wp:term":[{"taxonomy":"product_brand","embeddable":true,"href":"https:\/\/vitaminaselsalvador.net\/index.php\/wp-json\/wp\/v2\/product_brand?post=3664"},{"taxonomy":"product_cat","embeddable":true,"href":"https:\/\/vitaminaselsalvador.net\/index.php\/wp-json\/wp\/v2\/product_cat?post=3664"},{"taxonomy":"product_tag","embeddable":true,"href":"https:\/\/vitaminaselsalvador.net\/index.php\/wp-json\/wp\/v2\/product_tag?post=3664"}],"curies":[{"name":"wp","href":"https:\/\/api.w.org\/{rel}","templated":true}]}}