{"id":3663,"date":"2022-11-02T21:18:04","date_gmt":"2022-11-03T03:18:04","guid":{"rendered":"https:\/\/vitaminaselsalvador.net\/?post_type=product&#038;p=3663"},"modified":"2025-07-08T11:05:12","modified_gmt":"2025-07-08T17:05:12","slug":"glimepiride-ecomed-4mg-100-tabletas","status":"publish","type":"product","link":"https:\/\/vitaminaselsalvador.net\/index.php\/product\/glimepiride-ecomed-4mg-100-tabletas\/","title":{"rendered":"GLIMEPIRIDE ECOMED 4mg 100 Tabletas"},"content":{"rendered":"<p><strong><span style=\"color: #000000;\">CONTRA-INDICACIONES:<\/span><\/strong><br \/>\n<span style=\"color: #000000;\">Contraindicada en casos de hipersensibilidad a la glimepirida o a otras sulfonilureas, cetoacidosis diab\u00e9tica. Tampoco se recomienda su administraci\u00f3n durante el embarazo y la lactancia. En pacientes con fiebre, infecciones, traumatismo, quemaduras,o cirug\u00eda puede ser necesario sustituirla por insulina. T\u00e9nganse precauciones en casos de disfunci\u00f3n hep\u00e1tica o renal. Interact\u00faa con varios medicamentos como analg\u00e9sicos antiinflamatorios no esteroideos, bloqueadores beta adren\u00e9rgicos y cloranfenicol, los cuales aumentan su efecto hipogluc\u00e9mico; y con adrenalina, corticosteroides, diur\u00e9ticos del tipo de las tiazidas, y fluoroquinolonas que disminuyen su efecto hipogluc\u00e9mico. No es un sustitutivo de la insulina.<\/span><\/p>\n<p><span style=\"color: #000000;\">Glimepirida 4.00MG<\/span><\/p>\n","protected":false},"excerpt":{"rendered":"<p><strong><span style=\"color: #000000;\">INDICACIONES:<\/span><\/strong><br \/>\n<span style=\"color: #000000;\">Tratamiento de la diabetes mellitus estable tipo 2, no dependiente de insulina, del paciente adulto sin tendencia a la cetosis y que no se controla con la dieta. Como monoterapia o en combinaci\u00f3n con meformina.<\/span><\/p>\n","protected":false},"featured_media":3693,"comment_status":"closed","ping_status":"closed","template":"","meta":{"_kad_post_transparent":"","_kad_post_title":"","_kad_post_layout":"","_kad_post_sidebar_id":"","_kad_post_content_style":"","_kad_post_vertical_padding":"","_kad_post_feature":"","_kad_post_feature_position":"","_kad_post_header":false,"_kad_post_footer":false},"product_brand":[],"product_cat":[1457,1471],"product_tag":[1472,1473,1474,1475,1476,1319],"class_list":{"0":"post-3663","1":"product","2":"type-product","3":"status-publish","4":"has-post-thumbnail","6":"product_cat-laboratorios-ecomed","7":"product_cat-monoterapia","8":"product_tag-cetosis","9":"product_tag-diabetes-mellitus-estable-tipo-2","10":"product_tag-dieta","11":"product_tag-insulina","12":"product_tag-meformina","13":"product_tag-monoterapia","15":"first","16":"instock","17":"shipping-taxable","18":"purchasable","19":"product-type-simple","20":"entry","21":"content-bg","22":"loop-entry"},"_links":{"self":[{"href":"https:\/\/vitaminaselsalvador.net\/index.php\/wp-json\/wp\/v2\/product\/3663","targetHints":{"allow":["GET"]}}],"collection":[{"href":"https:\/\/vitaminaselsalvador.net\/index.php\/wp-json\/wp\/v2\/product"}],"about":[{"href":"https:\/\/vitaminaselsalvador.net\/index.php\/wp-json\/wp\/v2\/types\/product"}],"replies":[{"embeddable":true,"href":"https:\/\/vitaminaselsalvador.net\/index.php\/wp-json\/wp\/v2\/comments?post=3663"}],"wp:featuredmedia":[{"embeddable":true,"href":"https:\/\/vitaminaselsalvador.net\/index.php\/wp-json\/wp\/v2\/media\/3693"}],"wp:attachment":[{"href":"https:\/\/vitaminaselsalvador.net\/index.php\/wp-json\/wp\/v2\/media?parent=3663"}],"wp:term":[{"taxonomy":"product_brand","embeddable":true,"href":"https:\/\/vitaminaselsalvador.net\/index.php\/wp-json\/wp\/v2\/product_brand?post=3663"},{"taxonomy":"product_cat","embeddable":true,"href":"https:\/\/vitaminaselsalvador.net\/index.php\/wp-json\/wp\/v2\/product_cat?post=3663"},{"taxonomy":"product_tag","embeddable":true,"href":"https:\/\/vitaminaselsalvador.net\/index.php\/wp-json\/wp\/v2\/product_tag?post=3663"}],"curies":[{"name":"wp","href":"https:\/\/api.w.org\/{rel}","templated":true}]}}